{"id":83,"date":"2024-07-27T14:10:28","date_gmt":"2024-07-27T14:10:28","guid":{"rendered":"https:\/\/venemigra.com\/?page_id=83"},"modified":"2024-08-13T17:00:14","modified_gmt":"2024-08-13T15:00:14","slug":"venezuela","status":"publish","type":"page","link":"https:\/\/venemigra.com\/fr\/venezuela\/","title":{"rendered":"Venezuela"},"content":{"rendered":"<div class=\"gb-container gb-container-5b6a35dc alignfull\">\n<div class=\"gb-container gb-container-6bef74d3\">\n\n<h2 class=\"wp-block-heading has-text-align-center has-base-3-color has-text-color has-link-color wp-elements-85ec2d7985081fead9ab2c5ed9a2402a\">Venezuela\/LATAM<\/h2>\n\n<\/div>\n<\/div>\n\n<div class=\"gb-container gb-container-b05b8e3a alignfull\">\n<div class=\"gb-container gb-container-7a59ed38\">\n<div class=\"gb-container gb-container-5a48743e\">\n\n<h2 class=\"gb-headline gb-headline-dc979356 gb-headline-text\">Assistance globale en Am\u00e9rique latine<\/h2>\n\n\n\n<h5 class=\"gb-headline gb-headline-2e950813 gb-headline-text\">Chez Ven Emigra, nous comprenons que tout processus de migration commence bien avant de poser le pied sur le sol espagnol. <strong>Pour nos clients en Am\u00e9rique latine<\/strong>, Nous avons d\u00e9velopp\u00e9 un r\u00e9seau de soutien solide et fiable gr\u00e2ce \u00e0 notre pr\u00e9sence au Venezuela et \u00e0 notre collaboration avec des partenaires strat\u00e9giques dans toute la r\u00e9gion.<\/h5>\n\n<\/div>\n<\/div>\n<\/div>\n\n<div class=\"gb-container gb-container-9ba6e3ae alignfull\">\n<div class=\"gb-container gb-container-d76f81e4\">\n\n<h3 class=\"gb-headline gb-headline-b6ac5487 gb-headline-text\">Notre pr\u00e9sence en Am\u00e9rique latine<\/h3>\n\n\n\n<h4 class=\"gb-headline gb-headline-de6b16bb gb-headline-text\">Le Venezuela et ses alli\u00e9s r\u00e9gionaux :<\/h4>\n\n\n<div class=\"gb-grid-wrapper gb-grid-wrapper-f02ac975\">\n<div class=\"gb-grid-column gb-grid-column-3a4de9bb\"><div class=\"gb-container gb-container-3a4de9bb\">\n\n<div class=\"wp-block-group is-nowrap is-layout-flex wp-container-core-group-is-layout-6c531013 wp-block-group-is-layout-flex\">\n<figure class=\"gb-block-image gb-block-image-6c418708\"><img fetchpriority=\"high\" decoding=\"async\" width=\"512\" height=\"512\" class=\"gb-image gb-image-6c418708\" src=\"https:\/\/venemigra.com\/wp-content\/uploads\/2024\/08\/venezuela-flag.png\" alt=\"Venezuela\" title=\"drapeau du venezuela\" srcset=\"https:\/\/venemigra.com\/wp-content\/uploads\/2024\/08\/venezuela-flag.png 512w, https:\/\/venemigra.com\/wp-content\/uploads\/2024\/08\/venezuela-flag-300x300.png 300w, https:\/\/venemigra.com\/wp-content\/uploads\/2024\/08\/venezuela-flag-150x150.png 150w, https:\/\/venemigra.com\/wp-content\/uploads\/2024\/08\/elementor\/thumbs\/venezuela-flag-qsjxtg4qxkt5yncvviwoj58648uic95db7lae47rvs.png 100w\" sizes=\"(max-width: 512px) 100vw, 512px\" \/><\/figure>\n<\/div>\n\n\n\n<div style=\"height:18px\" aria-hidden=\"true\" class=\"wp-block-spacer\"><\/div>\n\n\n\n<h5 class=\"gb-headline gb-headline-2bbbec28 gb-headline-text\">Venezuela :<\/h5>\n\n\n\n<p><strong>Notre cabinet au Venezuela<\/strong>, <a href=\"https:\/\/venfort.com\/es\/\" target=\"_blank\" rel=\"noreferrer noopener nofollow\">Avocats de Venfort<\/a>, est pr\u00eat \u00e0 vous offrir un soutien complet pour l'obtention des documents essentiels et la pr\u00e9paration de tous les documents n\u00e9cessaires \u00e0 votre processus d'immigration.<\/p>\n\n\n\n<p><strong>Nous disposons d'une \u00e9quipe d'experts<\/strong> en mati\u00e8re de droit international et de migration qui vous guidera du d\u00e9but \u00e0 la fin.<\/p>\n\n<\/div><\/div>\n\n<div class=\"gb-grid-column gb-grid-column-5254cd02\"><div class=\"gb-container gb-container-5254cd02\">\n\n<div class=\"wp-block-group is-nowrap is-layout-flex wp-container-core-group-is-layout-6c531013 wp-block-group-is-layout-flex\">\n<figure class=\"gb-block-image gb-block-image-401b7a09\"><img decoding=\"async\" width=\"512\" height=\"512\" class=\"gb-image gb-image-401b7a09\" src=\"https:\/\/venemigra.com\/wp-content\/uploads\/2024\/08\/colombia.png\" alt=\"Colombie\" title=\"colombie\" srcset=\"https:\/\/venemigra.com\/wp-content\/uploads\/2024\/08\/colombia.png 512w, https:\/\/venemigra.com\/wp-content\/uploads\/2024\/08\/colombia-300x300.png 300w, https:\/\/venemigra.com\/wp-content\/uploads\/2024\/08\/colombia-150x150.png 150w, https:\/\/venemigra.com\/wp-content\/uploads\/2024\/08\/elementor\/thumbs\/colombia-qsjxw4y9cxnfmi36tu7xma63gafu03oljp4zf8547c.png 500w, https:\/\/venemigra.com\/wp-content\/uploads\/2024\/08\/elementor\/thumbs\/colombia-qsjxw4y4hihp6hg966r95ysnaxlbd2tq0isatm882w.png 100w\" sizes=\"(max-width: 512px) 100vw, 512px\"><\/figure>\n\n\n\n<figure class=\"gb-block-image gb-block-image-4fea19b2\"><img decoding=\"async\" width=\"512\" height=\"512\" class=\"gb-image gb-image-4fea19b2\" src=\"https:\/\/venemigra.com\/wp-content\/uploads\/2024\/08\/mexico.png\" alt=\"Mexique\" title=\"Mexique\" srcset=\"https:\/\/venemigra.com\/wp-content\/uploads\/2024\/08\/mexico.png 512w, https:\/\/venemigra.com\/wp-content\/uploads\/2024\/08\/mexico-300x300.png 300w, https:\/\/venemigra.com\/wp-content\/uploads\/2024\/08\/mexico-150x150.png 150w, https:\/\/venemigra.com\/wp-content\/uploads\/2024\/08\/elementor\/thumbs\/mexico-qsjxwy34ddll6e9xg1cot9fxpvlozp1egj0cp710q0.png 100w\" sizes=\"(max-width: 512px) 100vw, 512px\"><\/figure>\n\n\n\n<figure class=\"gb-block-image gb-block-image-af040ab9\"><img loading=\"lazy\" decoding=\"async\" width=\"512\" height=\"512\" class=\"gb-image gb-image-af040ab9\" src=\"https:\/\/venemigra.com\/wp-content\/uploads\/2024\/08\/republica-dominicana.png\" alt=\"R\u00e9publique dominicaine\" title=\"R\u00e9publique dominicaine\" srcset=\"https:\/\/venemigra.com\/wp-content\/uploads\/2024\/08\/republica-dominicana.png 512w, https:\/\/venemigra.com\/wp-content\/uploads\/2024\/08\/republica-dominicana-300x300.png 300w, https:\/\/venemigra.com\/wp-content\/uploads\/2024\/08\/republica-dominicana-150x150.png 150w, https:\/\/venemigra.com\/wp-content\/uploads\/2024\/08\/elementor\/thumbs\/republica-dominicana-qsjxxt3smws1tj0vewrdljm5blct1pgjksjdjbr10o.png 100w\" sizes=\"(max-width: 512px) 100vw, 512px\"><\/figure>\n\n\n\n<figure class=\"gb-block-image gb-block-image-eddb3315\"><img loading=\"lazy\" decoding=\"async\" width=\"512\" height=\"512\" class=\"gb-image gb-image-eddb3315\" src=\"https:\/\/venemigra.com\/wp-content\/uploads\/2024\/08\/panama.png\" alt=\"Panama\" title=\"panama\" srcset=\"https:\/\/venemigra.com\/wp-content\/uploads\/2024\/08\/panama.png 512w, https:\/\/venemigra.com\/wp-content\/uploads\/2024\/08\/panama-300x300.png 300w, https:\/\/venemigra.com\/wp-content\/uploads\/2024\/08\/panama-150x150.png 150w, https:\/\/venemigra.com\/wp-content\/uploads\/2024\/08\/elementor\/thumbs\/panama-qsjxy69jala2c2hra2g5kgalmzjy1gwsalo6977ilk.png 100w\" sizes=\"(max-width: 512px) 100vw, 512px\"><\/figure>\n<\/div>\n\n\n\n<div style=\"height:18px\" aria-hidden=\"true\" class=\"wp-block-spacer\"><\/div>\n\n\n\n<h5 class=\"gb-headline gb-headline-9915a608 gb-headline-text\">R\u00e9seau des alli\u00e9s en Am\u00e9rique latine :<\/h5>\n\n\n\n<p>Nous avons des alliances strat\u00e9giques dans des pays cl\u00e9s de la r\u00e9gion, tels que <strong>Colombie, Mexique, R\u00e9publique dominicaine et Panama<\/strong>.<\/p>\n\n\n\n<p><strong>Ces alli\u00e9s nous permettent d'offrir un service complet<\/strong>, veiller \u00e0 ce que les documents et les proc\u00e9dures soient conformes aux exigences l\u00e9gales, tant dans votre pays d'origine qu'en Espagne.<\/p>\n\n<\/div><\/div>\n<\/div>\n<\/div>\n<\/div>\n\n<div class=\"gb-container gb-container-9b1ea252 alignfull\">\n<div class=\"gb-container gb-container-e27fb5df\">\n\n<h2 class=\"gb-headline gb-headline-2b3fea36 gb-headline-text\">Services offerts :<\/h2>\n\n\n<div class=\"gb-container gb-container-4fb65959\">\n\n\n<ul class=\"wp-block-list has-base-3-background-color has-background\">\n<li><strong>Documents personnels<\/strong>: Nous vous aidons \u00e0 obtenir des passeports, des certificats de naissance, des casiers judiciaires et tout autre document n\u00e9cessaire pour entamer le processus d'immigration.<\/li>\n\n\n\n<li><strong>Documents acad\u00e9miques et professionnels<\/strong>: Nous facilitons la gestion des certificats d'\u00e9tudes et de travail et d'autres documents professionnels qui peuvent \u00eatre exig\u00e9s pour les \u00e9tudes ou l'emploi en Espagne.<\/li>\n<\/ul>\n\n\n\n\n\n<ul class=\"wp-block-list has-base-3-background-color has-background\">\n<li><strong>\u00c9valuation de l'\u00e9ligibilit\u00e9<\/strong>: Nous proc\u00e9dons \u00e0 une \u00e9valuation compl\u00e8te de votre situation afin de d\u00e9terminer la viabilit\u00e9 de votre processus de migration, en vous expliquant les \u00e9tapes \u00e0 suivre et les documents requis.<\/li>\n\n\n\n<li><strong>Conseil en mati\u00e8re de droit des migrations<\/strong>: Nous vous conseillons sur les lois et r\u00e9glementations en mati\u00e8re d'immigration en vigueur en Espagne, en veillant \u00e0 ce que votre processus soit conforme \u00e0 toutes les exigences l\u00e9gales.<\/li>\n<\/ul>\n\n\n\n\n\n<ul class=\"wp-block-list has-base-3-background-color has-background\">\n<li><strong>Surveillance des processus<\/strong>: Nous vous accompagnons \u00e0 chaque \u00e9tape du processus, depuis l'obtention des documents dans votre pays d'origine jusqu'\u00e0 votre arriv\u00e9e en Espagne.<\/li>\n\n\n\n<li><strong>Coordination internationale<\/strong>: Nous assurons la coordination entre nos bureaux et nos partenaires, afin de garantir une transition en douceur.<\/li>\n<\/ul>\n\n\n\n\n\n<ul class=\"wp-block-list has-base-3-background-color has-background\">\n<li><strong>Pr\u00e9paration de l'arriv\u00e9e<\/strong>: Nous vous proposons des conseils pratiques sur ce qui vous attend \u00e0 votre arriv\u00e9e en Espagne, afin de vous aider \u00e0 vous int\u00e9grer et \u00e0 vous installer rapidement dans votre nouveau pays.<\/li>\n<\/ul>\n\n\n<\/div>\n<\/div>\n<\/div>\n\n<div class=\"gb-container gb-container-cc2bb84e alignfull\">\n<div class=\"gb-container gb-container-e4fb6b1c\">\n\n<h3 class=\"gb-headline gb-headline-ea1d70ed gb-headline-text\">Rejoignez les personnes qui nous ont fait confiance pour la r\u00e9ussite de leur processus juridique et d'immigration.<\/h3>\n\n\n<div class=\"gb-container gb-container-6f1206f1\">\n<div class=\"gb-grid-wrapper gb-grid-wrapper-74db93fd\">\n<div class=\"gb-grid-column gb-grid-column-8db96387\"><div class=\"gb-container gb-container-8db96387\">\n\n<h4 class=\"gb-headline gb-headline-5d50a2c7 gb-headline-text\">Ven Emigra s'engage \u00e0 vous aider \u00e0 vivre, travailler ou \u00e9tudier en Espagne en toute l\u00e9galit\u00e9.<\/h4>\n\n<\/div><\/div>\n\n<div class=\"gb-grid-column gb-grid-column-f7060bb3\"><div class=\"gb-container gb-container-f7060bb3\">\n\n<a class=\"gb-button gb-button-74de607c gb-button-text\" href=\"https:\/\/venemigra.com\/fr\/demander-des-conseils\/\">DEMANDER CONSEIL<\/a>\n\n<\/div><\/div>\n<\/div>\n<\/div>\n<\/div>\n<\/div>","protected":false},"excerpt":{"rendered":"<p>Venezuela\/LATAM Asistencia Integral en Latinoam\u00e9rica En Ven Emigra, entendemos que cada proceso migratorio comienza mucho antes de pisar tierras espa\u00f1olas. Para nuestros clientes en Am\u00e9rica Latina, hemos desarrollado una red de apoyo robusta y confiable gracias a nuestra presencia en Venezuela y la colaboraci\u00f3n con aliados estrat\u00e9gicos en toda la regi\u00f3n. Nuestra Presencia en Latinoam\u00e9rica [&hellip;]<\/p>\n","protected":false},"author":1,"featured_media":0,"parent":0,"menu_order":0,"comment_status":"closed","ping_status":"closed","template":"","meta":{"content-type":"","_monsterinsights_skip_tracking":false,"_monsterinsights_sitenote_active":false,"_monsterinsights_sitenote_note":"","_monsterinsights_sitenote_category":0,"site-sidebar-layout":"default","site-content-layout":"","ast-site-content-layout":"default","site-content-style":"default","site-sidebar-style":"default","ast-global-header-display":"","ast-banner-title-visibility":"","ast-main-header-display":"","ast-hfb-above-header-display":"","ast-hfb-below-header-display":"","ast-hfb-mobile-header-display":"","site-post-title":"","ast-breadcrumbs-content":"","ast-featured-img":"","footer-sml-layout":"","ast-disable-related-posts":"","theme-transparent-header-meta":"","adv-header-id-meta":"","stick-header-meta":"","header-above-stick-meta":"","header-main-stick-meta":"","header-below-stick-meta":"","astra-migrate-meta-layouts":"default","ast-page-background-enabled":"default","ast-page-background-meta":{"desktop":{"background-color":"","background-image":"","background-repeat":"repeat","background-position":"center center","background-size":"auto","background-attachment":"scroll","background-type":"","background-media":"","overlay-type":"","overlay-color":"","overlay-opacity":"","overlay-gradient":""},"tablet":{"background-color":"","background-image":"","background-repeat":"repeat","background-position":"center center","background-size":"auto","background-attachment":"scroll","background-type":"","background-media":"","overlay-type":"","overlay-color":"","overlay-opacity":"","overlay-gradient":""},"mobile":{"background-color":"","background-image":"","background-repeat":"repeat","background-position":"center center","background-size":"auto","background-attachment":"scroll","background-type":"","background-media":"","overlay-type":"","overlay-color":"","overlay-opacity":"","overlay-gradient":""}},"ast-content-background-meta":{"desktop":{"background-color":"var(--ast-global-color-5)","background-image":"","background-repeat":"repeat","background-position":"center center","background-size":"auto","background-attachment":"scroll","background-type":"","background-media":"","overlay-type":"","overlay-color":"","overlay-opacity":"","overlay-gradient":""},"tablet":{"background-color":"var(--ast-global-color-5)","background-image":"","background-repeat":"repeat","background-position":"center center","background-size":"auto","background-attachment":"scroll","background-type":"","background-media":"","overlay-type":"","overlay-color":"","overlay-opacity":"","overlay-gradient":""},"mobile":{"background-color":"var(--ast-global-color-5)","background-image":"","background-repeat":"repeat","background-position":"center center","background-size":"auto","background-attachment":"scroll","background-type":"","background-media":"","overlay-type":"","overlay-color":"","overlay-opacity":"","overlay-gradient":""}},"footnotes":""},"class_list":["post-83","page","type-page","status-publish","hentry"],"yoast_head":"<!-- This site is optimized with the Yoast SEO plugin v27.4 - https:\/\/yoast.com\/product\/yoast-seo-wordpress\/ -->\n<title>Venezuela - Ven Emigra - Soluciones Migratorias<\/title>\n<meta name=\"description\" content=\"Gracias a nuestra firma en Venezuela, Venfort Abogados, podemos proporcionar apoyo integral desde tu pa\u00eds de origen. Cont\u00e1ctanos hoy.\" \/>\n<meta name=\"robots\" content=\"index, follow, max-snippet:-1, max-image-preview:large, max-video-preview:-1\" \/>\n<link rel=\"canonical\" href=\"https:\/\/venemigra.com\/fr\/venezuela\/\" \/>\n<meta property=\"og:locale\" content=\"fr_FR\" \/>\n<meta property=\"og:type\" content=\"article\" \/>\n<meta property=\"og:title\" content=\"Venezuela - Ven Emigra - Soluciones Migratorias\" \/>\n<meta property=\"og:description\" content=\"Gracias a nuestra firma en Venezuela, Venfort Abogados, podemos proporcionar apoyo integral desde tu pa\u00eds de origen. Cont\u00e1ctanos hoy.\" \/>\n<meta property=\"og:url\" content=\"https:\/\/venemigra.com\/fr\/venezuela\/\" \/>\n<meta property=\"og:site_name\" content=\"Ven Emigra\" \/>\n<meta property=\"article:publisher\" content=\"https:\/\/www.facebook.com\/profile.php?id=61559877787902\" \/>\n<meta property=\"article:modified_time\" content=\"2024-08-13T15:00:14+00:00\" \/>\n<meta property=\"og:image\" content=\"https:\/\/venemigra.com\/wp-content\/uploads\/2024\/08\/venezuela-flag.png\" \/>\n<meta name=\"twitter:card\" content=\"summary_large_image\" \/>\n<meta name=\"twitter:site\" content=\"@ven_emigra\" \/>\n<meta name=\"twitter:label1\" content=\"Dur\u00e9e de lecture estim\u00e9e\" \/>\n\t<meta name=\"twitter:data1\" content=\"3 minutes\" \/>\n<script type=\"application\/ld+json\" class=\"yoast-schema-graph\">{\"@context\":\"https:\\\/\\\/schema.org\",\"@graph\":[{\"@type\":\"WebPage\",\"@id\":\"https:\\\/\\\/venemigra.com\\\/venezuela\\\/\",\"url\":\"https:\\\/\\\/venemigra.com\\\/venezuela\\\/\",\"name\":\"Venezuela - Ven Emigra - Soluciones Migratorias\",\"isPartOf\":{\"@id\":\"https:\\\/\\\/venemigra.com\\\/#website\"},\"primaryImageOfPage\":{\"@id\":\"https:\\\/\\\/venemigra.com\\\/venezuela\\\/#primaryimage\"},\"image\":{\"@id\":\"https:\\\/\\\/venemigra.com\\\/venezuela\\\/#primaryimage\"},\"thumbnailUrl\":\"https:\\\/\\\/venemigra.com\\\/wp-content\\\/uploads\\\/2024\\\/08\\\/venezuela-flag.png\",\"datePublished\":\"2024-07-27T14:10:28+00:00\",\"dateModified\":\"2024-08-13T15:00:14+00:00\",\"description\":\"Gracias a nuestra firma en Venezuela, Venfort Abogados, podemos proporcionar apoyo integral desde tu pa\u00eds de origen. Cont\u00e1ctanos hoy.\",\"breadcrumb\":{\"@id\":\"https:\\\/\\\/venemigra.com\\\/venezuela\\\/#breadcrumb\"},\"inLanguage\":\"fr-FR\",\"potentialAction\":[{\"@type\":\"ReadAction\",\"target\":[\"https:\\\/\\\/venemigra.com\\\/venezuela\\\/\"]}]},{\"@type\":\"ImageObject\",\"inLanguage\":\"fr-FR\",\"@id\":\"https:\\\/\\\/venemigra.com\\\/venezuela\\\/#primaryimage\",\"url\":\"https:\\\/\\\/venemigra.com\\\/wp-content\\\/uploads\\\/2024\\\/08\\\/venezuela-flag.png\",\"contentUrl\":\"https:\\\/\\\/venemigra.com\\\/wp-content\\\/uploads\\\/2024\\\/08\\\/venezuela-flag.png\"},{\"@type\":\"BreadcrumbList\",\"@id\":\"https:\\\/\\\/venemigra.com\\\/venezuela\\\/#breadcrumb\",\"itemListElement\":[{\"@type\":\"ListItem\",\"position\":1,\"name\":\"Portada\",\"item\":\"https:\\\/\\\/venemigra.com\\\/es\\\/\"},{\"@type\":\"ListItem\",\"position\":2,\"name\":\"Venezuela\"}]},{\"@type\":\"WebSite\",\"@id\":\"https:\\\/\\\/venemigra.com\\\/#website\",\"url\":\"https:\\\/\\\/venemigra.com\\\/\",\"name\":\"VEN EMIGRA\",\"description\":\"\",\"publisher\":{\"@id\":\"https:\\\/\\\/venemigra.com\\\/#organization\"},\"potentialAction\":[{\"@type\":\"SearchAction\",\"target\":{\"@type\":\"EntryPoint\",\"urlTemplate\":\"https:\\\/\\\/venemigra.com\\\/?s={search_term_string}\"},\"query-input\":{\"@type\":\"PropertyValueSpecification\",\"valueRequired\":true,\"valueName\":\"search_term_string\"}}],\"inLanguage\":\"fr-FR\"},{\"@type\":\"Organization\",\"@id\":\"https:\\\/\\\/venemigra.com\\\/#organization\",\"name\":\"VEN EMIGRA\",\"url\":\"https:\\\/\\\/venemigra.com\\\/\",\"logo\":{\"@type\":\"ImageObject\",\"inLanguage\":\"fr-FR\",\"@id\":\"https:\\\/\\\/venemigra.com\\\/#\\\/schema\\\/logo\\\/image\\\/\",\"url\":\"https:\\\/\\\/venemigra.com\\\/wp-content\\\/uploads\\\/2026\\\/02\\\/cropped-cropped-cropped-Post-de-Instagram-Empresa-Corporativo-Servicios-Ilustrado-Azul-y-Blanco-1-1-1.webp\",\"contentUrl\":\"https:\\\/\\\/venemigra.com\\\/wp-content\\\/uploads\\\/2026\\\/02\\\/cropped-cropped-cropped-Post-de-Instagram-Empresa-Corporativo-Servicios-Ilustrado-Azul-y-Blanco-1-1-1.webp\",\"width\":706,\"height\":189,\"caption\":\"VEN EMIGRA\"},\"image\":{\"@id\":\"https:\\\/\\\/venemigra.com\\\/#\\\/schema\\\/logo\\\/image\\\/\"},\"sameAs\":[\"https:\\\/\\\/www.facebook.com\\\/profile.php?id=61559877787902\",\"https:\\\/\\\/x.com\\\/ven_emigra\",\"https:\\\/\\\/www.instagram.com\\\/ven_emigra\\\/\",\"https:\\\/\\\/www.youtube.com\\\/@Ven.Emigra\"]}]}<\/script>\n<!-- \/ Yoast SEO plugin. -->","yoast_head_json":{"title":"Venezuela - Ven Emigra - Solutions de migration","description":"Gr\u00e2ce \u00e0 notre cabinet au Venezuela, Venfort Abogados, nous pouvons vous apporter un soutien complet depuis votre pays d'origine. Contactez-nous d\u00e8s aujourd'hui.","robots":{"index":"index","follow":"follow","max-snippet":"max-snippet:-1","max-image-preview":"max-image-preview:large","max-video-preview":"max-video-preview:-1"},"canonical":"https:\/\/venemigra.com\/fr\/venezuela\/","og_locale":"fr_FR","og_type":"article","og_title":"Venezuela - Ven Emigra - Soluciones Migratorias","og_description":"Gracias a nuestra firma en Venezuela, Venfort Abogados, podemos proporcionar apoyo integral desde tu pa\u00eds de origen. Cont\u00e1ctanos hoy.","og_url":"https:\/\/venemigra.com\/fr\/venezuela\/","og_site_name":"Ven Emigra","article_publisher":"https:\/\/www.facebook.com\/profile.php?id=61559877787902","article_modified_time":"2024-08-13T15:00:14+00:00","og_image":[{"url":"https:\/\/venemigra.com\/wp-content\/uploads\/2024\/08\/venezuela-flag.png","type":"","width":"","height":""}],"twitter_card":"summary_large_image","twitter_site":"@ven_emigra","twitter_misc":{"Dur\u00e9e de lecture estim\u00e9e":"3 minutes"},"schema":{"@context":"https:\/\/schema.org","@graph":[{"@type":"WebPage","@id":"https:\/\/venemigra.com\/venezuela\/","url":"https:\/\/venemigra.com\/venezuela\/","name":"Venezuela - Ven Emigra - Solutions de migration","isPartOf":{"@id":"https:\/\/venemigra.com\/#website"},"primaryImageOfPage":{"@id":"https:\/\/venemigra.com\/venezuela\/#primaryimage"},"image":{"@id":"https:\/\/venemigra.com\/venezuela\/#primaryimage"},"thumbnailUrl":"https:\/\/venemigra.com\/wp-content\/uploads\/2024\/08\/venezuela-flag.png","datePublished":"2024-07-27T14:10:28+00:00","dateModified":"2024-08-13T15:00:14+00:00","description":"Gr\u00e2ce \u00e0 notre cabinet au Venezuela, Venfort Abogados, nous pouvons vous apporter un soutien complet depuis votre pays d'origine. Contactez-nous d\u00e8s aujourd'hui.","breadcrumb":{"@id":"https:\/\/venemigra.com\/venezuela\/#breadcrumb"},"inLanguage":"fr-FR","potentialAction":[{"@type":"ReadAction","target":["https:\/\/venemigra.com\/venezuela\/"]}]},{"@type":"ImageObject","inLanguage":"fr-FR","@id":"https:\/\/venemigra.com\/venezuela\/#primaryimage","url":"https:\/\/venemigra.com\/wp-content\/uploads\/2024\/08\/venezuela-flag.png","contentUrl":"https:\/\/venemigra.com\/wp-content\/uploads\/2024\/08\/venezuela-flag.png"},{"@type":"BreadcrumbList","@id":"https:\/\/venemigra.com\/venezuela\/#breadcrumb","itemListElement":[{"@type":"ListItem","position":1,"name":"Portada","item":"https:\/\/venemigra.com\/es\/"},{"@type":"ListItem","position":2,"name":"Venezuela"}]},{"@type":"WebSite","@id":"https:\/\/venemigra.com\/#website","url":"https:\/\/venemigra.com\/","name":"COME EMIGRA","description":"","publisher":{"@id":"https:\/\/venemigra.com\/#organization"},"potentialAction":[{"@type":"SearchAction","target":{"@type":"EntryPoint","urlTemplate":"https:\/\/venemigra.com\/?s={search_term_string}"},"query-input":{"@type":"PropertyValueSpecification","valueRequired":true,"valueName":"search_term_string"}}],"inLanguage":"fr-FR"},{"@type":"Organization","@id":"https:\/\/venemigra.com\/#organization","name":"COME EMIGRA","url":"https:\/\/venemigra.com\/","logo":{"@type":"ImageObject","inLanguage":"fr-FR","@id":"https:\/\/venemigra.com\/#\/schema\/logo\/image\/","url":"https:\/\/venemigra.com\/wp-content\/uploads\/2026\/02\/cropped-cropped-cropped-Post-de-Instagram-Empresa-Corporativo-Servicios-Ilustrado-Azul-y-Blanco-1-1-1.webp","contentUrl":"https:\/\/venemigra.com\/wp-content\/uploads\/2026\/02\/cropped-cropped-cropped-Post-de-Instagram-Empresa-Corporativo-Servicios-Ilustrado-Azul-y-Blanco-1-1-1.webp","width":706,"height":189,"caption":"VEN EMIGRA"},"image":{"@id":"https:\/\/venemigra.com\/#\/schema\/logo\/image\/"},"sameAs":["https:\/\/www.facebook.com\/profile.php?id=61559877787902","https:\/\/x.com\/ven_emigra","https:\/\/www.instagram.com\/ven_emigra\/","https:\/\/www.youtube.com\/@Ven.Emigra"]}]}},"_links":{"self":[{"href":"https:\/\/venemigra.com\/fr\/wp-json\/wp\/v2\/pages\/83","targetHints":{"allow":["GET"]}}],"collection":[{"href":"https:\/\/venemigra.com\/fr\/wp-json\/wp\/v2\/pages"}],"about":[{"href":"https:\/\/venemigra.com\/fr\/wp-json\/wp\/v2\/types\/page"}],"author":[{"embeddable":true,"href":"https:\/\/venemigra.com\/fr\/wp-json\/wp\/v2\/users\/1"}],"replies":[{"embeddable":true,"href":"https:\/\/venemigra.com\/fr\/wp-json\/wp\/v2\/comments?post=83"}],"version-history":[{"count":8,"href":"https:\/\/venemigra.com\/fr\/wp-json\/wp\/v2\/pages\/83\/revisions"}],"predecessor-version":[{"id":2676,"href":"https:\/\/venemigra.com\/fr\/wp-json\/wp\/v2\/pages\/83\/revisions\/2676"}],"wp:attachment":[{"href":"https:\/\/venemigra.com\/fr\/wp-json\/wp\/v2\/media?parent=83"}],"curies":[{"name":"wp","href":"https:\/\/api.w.org\/{rel}","templated":true}]}}