{"id":8,"date":"2024-07-24T16:23:10","date_gmt":"2024-07-24T16:23:10","guid":{"rendered":"https:\/\/venemigra.com\/?page_id=8"},"modified":"2026-02-11T20:01:15","modified_gmt":"2026-02-11T19:01:15","slug":"services-2","status":"publish","type":"page","link":"https:\/\/venemigra.com\/fr\/servicios-2\/","title":{"rendered":"Services"},"content":{"rendered":"<div class=\"gb-container gb-container-5b6a35dc alignfull\">\n<div class=\"gb-container gb-container-6bef74d3\">\n\n<h2 class=\"wp-block-heading has-text-align-center has-base-3-color has-text-color has-link-color wp-elements-b18c4232c752ed4e1a60766e6d7b4924\">Services.<\/h2>\n\n<\/div>\n<\/div>\n\n<div class=\"gb-container gb-container-b05b8e3a alignfull\">\n<div class=\"gb-container gb-container-7a59ed38\">\n<div class=\"gb-grid-wrapper gb-grid-wrapper-9d1a4b94\">\n<div class=\"gb-grid-column gb-grid-column-6bcd29a8\"><div class=\"gb-container gb-container-6bcd29a8\">\n\n<h2 class=\"gb-headline gb-headline-51afc468 gb-headline-text\">Permis et autorisations de s\u00e9jour et de travail.<\/h2>\n\n\n\n<p><strong>Nous effectuons une pr\u00e9-\u00e9valuation personnalis\u00e9e<\/strong>, Nous vous aidons \u00e0 d\u00e9finir les priorit\u00e9s et les caract\u00e9ristiques du client et du cas particulier. Nous aidons \u00e0 pr\u00e9parer et \u00e0 soumettre les demandes aux autorit\u00e9s comp\u00e9tentes.<\/p>\n\n\n\n<p><strong>Notre objectif est que chaque client puisse s'\u00e9tablir et travailler l\u00e9galement en Espagne<\/strong>, Le statut d'immigration du migrant est en ordre.<\/p>\n\n\n\n<h4 class=\"gb-headline gb-headline-440d5924 gb-headline-text\">Types de permis :<\/h4>\n\n\n\n\n<h5 class=\"gb-headline gb-headline-d0b170fd gb-headline-text\">Ce permis permet aux \u00e9trangers de r\u00e9sider en Espagne gr\u00e2ce \u00e0 une relation de travail avec une entreprise d\u00e9j\u00e0 \u00e9tablie dans le pays. Notre service comprend :<\/h5>\n\n\n\n<ul class=\"wp-block-list\">\n<li><strong>\u00c9valuation initiale<\/strong>: Nous analysons votre profil et les offres d'emploi disponibles.<\/li>\n\n\n\n<li><strong>Pr\u00e9paration des documents<\/strong>: Nous vous aidons \u00e0 rassembler et \u00e0 compl\u00e9ter tous les documents n\u00e9cessaires.<\/li>\n\n\n\n<li><strong>D\u00e9p\u00f4t de la demande<\/strong>: Nous g\u00e9rons l'introduction de votre demande aupr\u00e8s des autorit\u00e9s comp\u00e9tentes.<\/li>\n\n\n\n<li><strong>Avantages<\/strong>: Ce permis compte pour la nationalit\u00e9 espagnole et permet le regroupement familial apr\u00e8s la premi\u00e8re ann\u00e9e.<\/li>\n\n\n\n<li><strong>Renouvellement<\/strong>: Nous vous assistons dans le processus de renouvellement de votre licence \u00e0 la fin de la p\u00e9riode \u00e9tablie, en veillant \u00e0 ce que vous soyez toujours en conformit\u00e9 avec la loi.<\/li>\n\n\n\n<li><strong>Suivi<\/strong>: Une fois que les proc\u00e9dures pertinentes ont \u00e9t\u00e9 soumises, nous suivons le processus de mani\u00e8re approfondie jusqu'\u00e0 l'obtention de la carte d'identit\u00e9. En outre, nous assurons les rappels et le suivi des renouvellements n\u00e9cessaires.<\/li>\n<\/ul>\n\n\n\n\n\n<h5 class=\"gb-headline gb-headline-9cf033d3 gb-headline-text\">Ce permis permet aux \u00e9trangers de travailler et de r\u00e9sider en Espagne avec leur propre entreprise. Notre service comprend :<\/h5>\n\n\n\n<ul class=\"wp-block-list\">\n<li><strong>\u00c9valuation initiale<\/strong>: Nous analysons votre projet d'entreprise et vous conseillons sur sa viabilit\u00e9 en Espagne.<\/li>\n\n\n\n<li><strong>Pr\u00e9paration des documents<\/strong>: Nous vous aidons \u00e0 pr\u00e9parer un plan d'affaires d\u00e9taill\u00e9 et tous les documents n\u00e9cessaires.<\/li>\n\n\n\n<li><strong>D\u00e9p\u00f4t de la demande<\/strong>: Nous g\u00e9rons l'introduction de votre demande aupr\u00e8s des autorit\u00e9s comp\u00e9tentes.<\/li>\n\n\n\n<li><strong>Avantages<\/strong>: Ce permis compte \u00e9galement pour l'acquisition de la nationalit\u00e9 espagnole et permet le regroupement familial apr\u00e8s la premi\u00e8re ann\u00e9e.<\/li>\n\n\n\n<li><strong>Renouvellement<\/strong>: Nous vous assistons dans le processus de renouvellement de votre licence \u00e0 la fin de la p\u00e9riode \u00e9tablie, en veillant \u00e0 ce que vous soyez toujours en conformit\u00e9 avec la loi.<\/li>\n\n\n\n<li><strong>Suivi<\/strong>: Une fois que les proc\u00e9dures pertinentes ont \u00e9t\u00e9 soumises, nous suivons le processus de mani\u00e8re approfondie jusqu'\u00e0 l'obtention de la carte d'identit\u00e9. En outre, nous assurons les rappels et le suivi des renouvellements n\u00e9cessaires.<\/li>\n<\/ul>\n\n\n<\/div><\/div>\n\n<div class=\"gb-grid-column gb-grid-column-b607ae4b\"><div class=\"gb-container gb-container-b607ae4b\">\n\n<figure class=\"gb-block-image gb-block-image-14dce6b1\"><img fetchpriority=\"high\" decoding=\"async\" width=\"1080\" height=\"1080\" class=\"gb-image gb-image-14dce6b1\" src=\"https:\/\/venemigra.com\/wp-content\/uploads\/2024\/07\/servicios-ven-emigra-madrid.jpg\" alt=\"Permis de s\u00e9jour et de travail et autorisations\" title=\"services-come-emigra-madrid\" srcset=\"https:\/\/venemigra.com\/wp-content\/uploads\/2024\/07\/servicios-ven-emigra-madrid.jpg 1080w, https:\/\/venemigra.com\/wp-content\/uploads\/2024\/07\/servicios-ven-emigra-madrid-300x300.jpg 300w, https:\/\/venemigra.com\/wp-content\/uploads\/2024\/07\/servicios-ven-emigra-madrid-1024x1024.jpg 1024w, https:\/\/venemigra.com\/wp-content\/uploads\/2024\/07\/servicios-ven-emigra-madrid-150x150.jpg 150w, https:\/\/venemigra.com\/wp-content\/uploads\/2024\/07\/servicios-ven-emigra-madrid-768x768.jpg 768w\" sizes=\"(max-width: 1080px) 100vw, 1080px\" \/><\/figure>\n\n<\/div><\/div>\n<\/div>\n<\/div>\n<\/div>\n\n<div class=\"gb-container gb-container-ccdc4c6f alignfull\">\n<div class=\"gb-container gb-container-43d42aaf\">\n<div class=\"gb-grid-wrapper gb-grid-wrapper-5d08633b\">\n<div class=\"gb-grid-column gb-grid-column-704e0203\"><div class=\"gb-container gb-container-704e0203\">\n\n<h2 class=\"gb-headline gb-headline-157ddc24 gb-headline-text\">Nationalit\u00e9 espagnole, \u00e9tudes et regroupement familial.<\/h2>\n\n\n\n\n<p>L'obtention de la nationalit\u00e9 espagnole peut \u00eatre un processus complexe qui n\u00e9cessite le respect d'un certain nombre d'exigences l\u00e9gales.<\/p>\n\n\n\n<p>Chez Ven Emigra, nous proc\u00e9dons \u00e0 une \u00e9valuation compl\u00e8te afin de d\u00e9terminer si le client remplit les conditions n\u00e9cessaires pour demander la nationalit\u00e9 espagnole par le biais des diff\u00e9rents moyens d'acquisition.<\/p>\n\n\n\n<h4 class=\"gb-headline gb-headline-7c7d9e51 gb-headline-text\">Services inclus :<\/h4>\n\n\n\n<ul class=\"wp-block-list\">\n<li><strong>\u00c9valuation initiale<\/strong>: Nous analysons votre situation personnelle et juridique afin de d\u00e9terminer la meilleure fa\u00e7on d'obtenir la nationalit\u00e9.<\/li>\n\n\n\n<li><strong>Pr\u00e9paration des documents<\/strong>: Nous vous assistons dans la compilation et la pr\u00e9paration de tous les documents n\u00e9cessaires.<\/li>\n\n\n\n<li><strong>D\u00e9p\u00f4t de la demande<\/strong>: Nous g\u00e9rons l'introduction de votre demande aupr\u00e8s des autorit\u00e9s comp\u00e9tentes.<\/li>\n\n\n\n<li><strong>Accompagnement<\/strong>: Nous vous accompagnons tout au long du processus, en vous apportant soutien et conseils \u00e0 chaque \u00e9tape.<\/li>\n\n\n\n<li><strong>Suivi<\/strong>: Nous assurons un suivi constant de la proc\u00e9dure jusqu'\u00e0 l'obtention de la nationalit\u00e9, en veillant \u00e0 ce que vous soyez toujours inform\u00e9 de l'\u00e9tat d'avancement de votre demande.<\/li>\n<\/ul>\n\n\n\n\n\n<p>L'Espagne est une destination populaire pour les \u00e9tudiants du monde entier. Si vous souhaitez \u00e9tudier en Espagne, nous pouvons vous aider \u00e0 obtenir le visa \u00e9tudiant n\u00e9cessaire et vous conseiller sur les types de visas disponibles et leurs exigences sp\u00e9cifiques.<\/p>\n\n\n\n<h4 class=\"gb-headline gb-headline-895d995c gb-headline-text\">Services inclus :<\/h4>\n\n\n\n<ul class=\"wp-block-list\">\n<li><strong>\u00c9valuation initiale<\/strong>: Nous d\u00e9terminons si vous pouvez demander le visa d'\u00e9tudiant correspondant.<\/li>\n\n\n\n<li><strong>Orientation<\/strong>: Nous vous conseillons sur les types de visas disponibles et sur celui qui convient le mieux \u00e0 votre situation.<\/li>\n\n\n\n<li><strong>Pr\u00e9paration des documents<\/strong>: Nous vous aidons \u00e0 rassembler et \u00e0 pr\u00e9parer tous les documents n\u00e9cessaires.<\/li>\n\n\n\n<li><strong>D\u00e9p\u00f4t de la demande<\/strong>: Nous g\u00e9rons l'introduction de votre demande aupr\u00e8s des autorit\u00e9s comp\u00e9tentes.<\/li>\n\n\n\n<li><strong>Accompagnement<\/strong>: Nous vous accompagnons tout au long du processus, en vous apportant soutien et conseils \u00e0 chaque \u00e9tape.<\/li>\n\n\n\n<li><strong>Suivi<\/strong>: Une fois que les proc\u00e9dures pertinentes ont \u00e9t\u00e9 soumises, nous suivons le processus de mani\u00e8re approfondie jusqu'\u00e0 l'obtention de la carte d'identit\u00e9. En outre, nous assurons les rappels et le suivi des renouvellements n\u00e9cessaires.<\/li>\n<\/ul>\n\n\n\n\n\n<p><strong>Description g\u00e9n\u00e9rale<\/strong>: Le regroupement communautaire est une proc\u00e9dure qui permet aux membres de la famille de citoyens de l'Union europ\u00e9enne ou de l'Espace \u00e9conomique europ\u00e9en de r\u00e9sider l\u00e9galement en Espagne. Chez Ven Emigra, nous comprenons que le regroupement familial est une \u00e9tape importante et \u00e9motionnelle, et nous nous engageons \u00e0 faciliter ce processus \u00e0 chaque \u00e9tape.<\/p>\n\n\n\n<h4 class=\"gb-headline gb-headline-14d34995 gb-headline-text\">Services inclus :<\/h4>\n\n\n\n<ul class=\"wp-block-list\">\n<li><strong>\u00c9valuation initiale<\/strong>: Nous d\u00e9terminons si vous pouvez demander le regroupement europ\u00e9en par diff\u00e9rents moyens, tels que le lien de parent\u00e9 avec un citoyen de l'UE.<\/li>\n\n\n\n<li><strong>Types de regroupement<\/strong>: Nous offrons une assistance pour diff\u00e9rents types de regroupement, notamment pour les conjoints, les partenaires enregistr\u00e9s, les enfants mineurs ou \u00e0 charge et les autres membres de la famille qui d\u00e9pendent financi\u00e8rement du citoyen de l'UE.<\/li>\n\n\n\n<li><strong>Pr\u00e9paration des documents<\/strong>: Nous vous aidons \u00e0 rassembler et \u00e0 pr\u00e9parer toute la documentation n\u00e9cessaire, en veillant \u00e0 ce qu'elle r\u00e9ponde aux normes exig\u00e9es par les autorit\u00e9s.<\/li>\n\n\n\n<li><strong>D\u00e9p\u00f4t de la demande<\/strong>: Nous g\u00e9rons l'introduction de votre demande aupr\u00e8s des autorit\u00e9s comp\u00e9tentes, en vous conseillant \u00e0 chaque \u00e9tape du processus.<\/li>\n\n\n\n<li><strong>Accompagnement<\/strong>: Nous vous accompagnons tout au long du processus, en veillant \u00e0 ce que vous soyez bien inform\u00e9 et soutenu \u00e0 chaque \u00e9tape.<\/li>\n\n\n\n<li><strong>Suivi<\/strong>: Nous assurons un suivi complet de la proc\u00e9dure jusqu'\u00e0 l'obtention de la carte de s\u00e9jour. Nous effectuons des rappels et un suivi pour tout renouvellement ou modification n\u00e9cessaire, en veillant \u00e0 ce que votre famille reste unie et l\u00e9galement \u00e9tablie en Espagne.<\/li>\n<\/ul>\n\n\n<\/div><\/div>\n\n<div class=\"gb-grid-column gb-grid-column-a973f62c\"><div class=\"gb-container gb-container-a973f62c\">\n\n<figure class=\"gb-block-image gb-block-image-3f24f83e\"><img decoding=\"async\" width=\"1080\" height=\"1080\" class=\"gb-image gb-image-3f24f83e\" src=\"https:\/\/venemigra.com\/wp-content\/uploads\/2024\/07\/servicios-ven-emigra-nacionalidad-spain.jpg\" alt=\"Nationalit\u00e9 espagnole\" title=\"services-come-emigration-nationalit\u00e9-espagne\" srcset=\"https:\/\/venemigra.com\/wp-content\/uploads\/2024\/07\/servicios-ven-emigra-nacionalidad-spain.jpg 1080w, https:\/\/venemigra.com\/wp-content\/uploads\/2024\/07\/servicios-ven-emigra-nacionalidad-spain-300x300.jpg 300w, https:\/\/venemigra.com\/wp-content\/uploads\/2024\/07\/servicios-ven-emigra-nacionalidad-spain-1024x1024.jpg 1024w, https:\/\/venemigra.com\/wp-content\/uploads\/2024\/07\/servicios-ven-emigra-nacionalidad-spain-150x150.jpg 150w, https:\/\/venemigra.com\/wp-content\/uploads\/2024\/07\/servicios-ven-emigra-nacionalidad-spain-768x768.jpg 768w\" sizes=\"(max-width: 1080px) 100vw, 1080px\" \/><\/figure>\n\n<\/div><\/div>\n<\/div>\n<\/div>\n<\/div>\n\n<div class=\"gb-container gb-container-cc2bb84e alignfull\">\n<div class=\"gb-container gb-container-e4fb6b1c\">\n\n<h3 class=\"gb-headline gb-headline-ea1d70ed gb-headline-text\">Rejoignez les personnes qui nous ont fait confiance pour la r\u00e9ussite de leur processus juridique et d'immigration.<\/h3>\n\n\n<div class=\"gb-container gb-container-6f1206f1\">\n<div class=\"gb-grid-wrapper gb-grid-wrapper-74db93fd\">\n<div class=\"gb-grid-column gb-grid-column-8db96387\"><div class=\"gb-container gb-container-8db96387\">\n\n<h4 class=\"gb-headline gb-headline-5d50a2c7 gb-headline-text\">Ven Emigra s'engage \u00e0 vous aider \u00e0 vivre, travailler ou \u00e9tudier en Espagne en toute l\u00e9galit\u00e9.<\/h4>\n\n<\/div><\/div>\n\n<div class=\"gb-grid-column gb-grid-column-f7060bb3\"><div class=\"gb-container gb-container-f7060bb3\">\n\n<a class=\"gb-button gb-button-74de607c gb-button-text\" href=\"https:\/\/venemigra.com\/fr\/demander-des-conseils\/\">DEMANDER CONSEIL<\/a>\n\n<\/div><\/div>\n<\/div>\n<\/div>\n<\/div>\n<\/div>","protected":false},"excerpt":{"rendered":"<p>Servicios. \u00danete a las personas que han confiando en nosotros el \u00e9xito de su proceso legal y migratorio.<\/p>","protected":false},"author":1,"featured_media":0,"parent":0,"menu_order":0,"comment_status":"closed","ping_status":"closed","template":"","meta":{"content-type":"","_monsterinsights_skip_tracking":false,"_monsterinsights_sitenote_active":false,"_monsterinsights_sitenote_note":"","_monsterinsights_sitenote_category":0,"site-sidebar-layout":"default","site-content-layout":"","ast-site-content-layout":"default","site-content-style":"default","site-sidebar-style":"default","ast-global-header-display":"","ast-banner-title-visibility":"","ast-main-header-display":"","ast-hfb-above-header-display":"","ast-hfb-below-header-display":"","ast-hfb-mobile-header-display":"","site-post-title":"","ast-breadcrumbs-content":"","ast-featured-img":"","footer-sml-layout":"","ast-disable-related-posts":"","theme-transparent-header-meta":"","adv-header-id-meta":"","stick-header-meta":"","header-above-stick-meta":"","header-main-stick-meta":"","header-below-stick-meta":"","astra-migrate-meta-layouts":"default","ast-page-background-enabled":"default","ast-page-background-meta":{"desktop":{"background-color":"","background-image":"","background-repeat":"repeat","background-position":"center center","background-size":"auto","background-attachment":"scroll","background-type":"","background-media":"","overlay-type":"","overlay-color":"","overlay-opacity":"","overlay-gradient":""},"tablet":{"background-color":"","background-image":"","background-repeat":"repeat","background-position":"center center","background-size":"auto","background-attachment":"scroll","background-type":"","background-media":"","overlay-type":"","overlay-color":"","overlay-opacity":"","overlay-gradient":""},"mobile":{"background-color":"","background-image":"","background-repeat":"repeat","background-position":"center center","background-size":"auto","background-attachment":"scroll","background-type":"","background-media":"","overlay-type":"","overlay-color":"","overlay-opacity":"","overlay-gradient":""}},"ast-content-background-meta":{"desktop":{"background-color":"var(--ast-global-color-5)","background-image":"","background-repeat":"repeat","background-position":"center center","background-size":"auto","background-attachment":"scroll","background-type":"","background-media":"","overlay-type":"","overlay-color":"","overlay-opacity":"","overlay-gradient":""},"tablet":{"background-color":"var(--ast-global-color-5)","background-image":"","background-repeat":"repeat","background-position":"center center","background-size":"auto","background-attachment":"scroll","background-type":"","background-media":"","overlay-type":"","overlay-color":"","overlay-opacity":"","overlay-gradient":""},"mobile":{"background-color":"var(--ast-global-color-5)","background-image":"","background-repeat":"repeat","background-position":"center center","background-size":"auto","background-attachment":"scroll","background-type":"","background-media":"","overlay-type":"","overlay-color":"","overlay-opacity":"","overlay-gradient":""}},"footnotes":""},"class_list":["post-8","page","type-page","status-publish","hentry"],"yoast_head":"<!-- This site is optimized with the Yoast SEO plugin v27.4 - https:\/\/yoast.com\/product\/yoast-seo-wordpress\/ -->\n<title>Servicios - Ven Emigra - Soluciones Migratorias<\/title>\n<meta name=\"description\" content=\"En Ven Emigra ofrecemos un servicios integrales para ayudarte en el proceso migratorio legal a Espa\u00f1a. Solicita una asesor\u00eda hoy mismo.\" \/>\n<meta name=\"robots\" content=\"index, follow, max-snippet:-1, max-image-preview:large, max-video-preview:-1\" \/>\n<link rel=\"canonical\" href=\"https:\/\/venemigra.com\/fr\/services-2\/\" \/>\n<meta property=\"og:locale\" content=\"fr_FR\" \/>\n<meta property=\"og:type\" content=\"article\" \/>\n<meta property=\"og:title\" content=\"Servicios - Ven Emigra - Soluciones Migratorias\" \/>\n<meta property=\"og:description\" content=\"En Ven Emigra ofrecemos un servicios integrales para ayudarte en el proceso migratorio legal a Espa\u00f1a. Solicita una asesor\u00eda hoy mismo.\" \/>\n<meta property=\"og:url\" content=\"https:\/\/venemigra.com\/fr\/services-2\/\" \/>\n<meta property=\"og:site_name\" content=\"Ven Emigra\" \/>\n<meta property=\"article:publisher\" content=\"https:\/\/www.facebook.com\/profile.php?id=61559877787902\" \/>\n<meta property=\"article:modified_time\" content=\"2026-02-11T19:01:15+00:00\" \/>\n<meta property=\"og:image\" content=\"https:\/\/venemigra.com\/wp-content\/uploads\/2024\/07\/servicios-ven-emigra-madrid.jpg\" \/>\n<meta name=\"twitter:card\" content=\"summary_large_image\" \/>\n<meta name=\"twitter:site\" content=\"@ven_emigra\" \/>\n<meta name=\"twitter:label1\" content=\"Dur\u00e9e de lecture estim\u00e9e\" \/>\n\t<meta name=\"twitter:data1\" content=\"5 minutes\" \/>\n<script type=\"application\/ld+json\" class=\"yoast-schema-graph\">{\"@context\":\"https:\\\/\\\/schema.org\",\"@graph\":[{\"@type\":\"WebPage\",\"@id\":\"https:\\\/\\\/venemigra.com\\\/servicios-2\\\/\",\"url\":\"https:\\\/\\\/venemigra.com\\\/servicios-2\\\/\",\"name\":\"Servicios - Ven Emigra - Soluciones Migratorias\",\"isPartOf\":{\"@id\":\"https:\\\/\\\/venemigra.com\\\/#website\"},\"primaryImageOfPage\":{\"@id\":\"https:\\\/\\\/venemigra.com\\\/servicios-2\\\/#primaryimage\"},\"image\":{\"@id\":\"https:\\\/\\\/venemigra.com\\\/servicios-2\\\/#primaryimage\"},\"thumbnailUrl\":\"https:\\\/\\\/venemigra.com\\\/wp-content\\\/uploads\\\/2024\\\/07\\\/servicios-ven-emigra-madrid.jpg\",\"datePublished\":\"2024-07-24T16:23:10+00:00\",\"dateModified\":\"2026-02-11T19:01:15+00:00\",\"description\":\"En Ven Emigra ofrecemos un servicios integrales para ayudarte en el proceso migratorio legal a Espa\u00f1a. Solicita una asesor\u00eda hoy mismo.\",\"breadcrumb\":{\"@id\":\"https:\\\/\\\/venemigra.com\\\/servicios-2\\\/#breadcrumb\"},\"inLanguage\":\"fr-FR\",\"potentialAction\":[{\"@type\":\"ReadAction\",\"target\":[\"https:\\\/\\\/venemigra.com\\\/servicios-2\\\/\"]}]},{\"@type\":\"ImageObject\",\"inLanguage\":\"fr-FR\",\"@id\":\"https:\\\/\\\/venemigra.com\\\/servicios-2\\\/#primaryimage\",\"url\":\"https:\\\/\\\/venemigra.com\\\/wp-content\\\/uploads\\\/2024\\\/07\\\/servicios-ven-emigra-madrid.jpg\",\"contentUrl\":\"https:\\\/\\\/venemigra.com\\\/wp-content\\\/uploads\\\/2024\\\/07\\\/servicios-ven-emigra-madrid.jpg\"},{\"@type\":\"BreadcrumbList\",\"@id\":\"https:\\\/\\\/venemigra.com\\\/servicios-2\\\/#breadcrumb\",\"itemListElement\":[{\"@type\":\"ListItem\",\"position\":1,\"name\":\"Portada\",\"item\":\"https:\\\/\\\/venemigra.com\\\/es\\\/\"},{\"@type\":\"ListItem\",\"position\":2,\"name\":\"Servicios\"}]},{\"@type\":\"WebSite\",\"@id\":\"https:\\\/\\\/venemigra.com\\\/#website\",\"url\":\"https:\\\/\\\/venemigra.com\\\/\",\"name\":\"VEN EMIGRA\",\"description\":\"\",\"publisher\":{\"@id\":\"https:\\\/\\\/venemigra.com\\\/#organization\"},\"potentialAction\":[{\"@type\":\"SearchAction\",\"target\":{\"@type\":\"EntryPoint\",\"urlTemplate\":\"https:\\\/\\\/venemigra.com\\\/?s={search_term_string}\"},\"query-input\":{\"@type\":\"PropertyValueSpecification\",\"valueRequired\":true,\"valueName\":\"search_term_string\"}}],\"inLanguage\":\"fr-FR\"},{\"@type\":\"Organization\",\"@id\":\"https:\\\/\\\/venemigra.com\\\/#organization\",\"name\":\"VEN EMIGRA\",\"url\":\"https:\\\/\\\/venemigra.com\\\/\",\"logo\":{\"@type\":\"ImageObject\",\"inLanguage\":\"fr-FR\",\"@id\":\"https:\\\/\\\/venemigra.com\\\/#\\\/schema\\\/logo\\\/image\\\/\",\"url\":\"https:\\\/\\\/venemigra.com\\\/wp-content\\\/uploads\\\/2026\\\/02\\\/cropped-cropped-cropped-Post-de-Instagram-Empresa-Corporativo-Servicios-Ilustrado-Azul-y-Blanco-1-1-1.webp\",\"contentUrl\":\"https:\\\/\\\/venemigra.com\\\/wp-content\\\/uploads\\\/2026\\\/02\\\/cropped-cropped-cropped-Post-de-Instagram-Empresa-Corporativo-Servicios-Ilustrado-Azul-y-Blanco-1-1-1.webp\",\"width\":706,\"height\":189,\"caption\":\"VEN EMIGRA\"},\"image\":{\"@id\":\"https:\\\/\\\/venemigra.com\\\/#\\\/schema\\\/logo\\\/image\\\/\"},\"sameAs\":[\"https:\\\/\\\/www.facebook.com\\\/profile.php?id=61559877787902\",\"https:\\\/\\\/x.com\\\/ven_emigra\",\"https:\\\/\\\/www.instagram.com\\\/ven_emigra\\\/\",\"https:\\\/\\\/www.youtube.com\\\/@Ven.Emigra\"]}]}<\/script>\n<!-- \/ Yoast SEO plugin. -->","yoast_head_json":{"title":"Services - Ven Emigra - Solutions de migration","description":"Chez Ven Emigra, nous offrons des services complets pour vous aider dans le processus de migration l\u00e9gale vers l'Espagne. Demandez une consultation d\u00e8s aujourd'hui.","robots":{"index":"index","follow":"follow","max-snippet":"max-snippet:-1","max-image-preview":"max-image-preview:large","max-video-preview":"max-video-preview:-1"},"canonical":"https:\/\/venemigra.com\/fr\/services-2\/","og_locale":"fr_FR","og_type":"article","og_title":"Servicios - Ven Emigra - Soluciones Migratorias","og_description":"En Ven Emigra ofrecemos un servicios integrales para ayudarte en el proceso migratorio legal a Espa\u00f1a. Solicita una asesor\u00eda hoy mismo.","og_url":"https:\/\/venemigra.com\/fr\/services-2\/","og_site_name":"Ven Emigra","article_publisher":"https:\/\/www.facebook.com\/profile.php?id=61559877787902","article_modified_time":"2026-02-11T19:01:15+00:00","og_image":[{"url":"https:\/\/venemigra.com\/wp-content\/uploads\/2024\/07\/servicios-ven-emigra-madrid.jpg","type":"","width":"","height":""}],"twitter_card":"summary_large_image","twitter_site":"@ven_emigra","twitter_misc":{"Dur\u00e9e de lecture estim\u00e9e":"5 minutes"},"schema":{"@context":"https:\/\/schema.org","@graph":[{"@type":"WebPage","@id":"https:\/\/venemigra.com\/servicios-2\/","url":"https:\/\/venemigra.com\/servicios-2\/","name":"Services - Ven Emigra - Solutions de migration","isPartOf":{"@id":"https:\/\/venemigra.com\/#website"},"primaryImageOfPage":{"@id":"https:\/\/venemigra.com\/servicios-2\/#primaryimage"},"image":{"@id":"https:\/\/venemigra.com\/servicios-2\/#primaryimage"},"thumbnailUrl":"https:\/\/venemigra.com\/wp-content\/uploads\/2024\/07\/servicios-ven-emigra-madrid.jpg","datePublished":"2024-07-24T16:23:10+00:00","dateModified":"2026-02-11T19:01:15+00:00","description":"Chez Ven Emigra, nous offrons des services complets pour vous aider dans le processus de migration l\u00e9gale vers l'Espagne. Demandez une consultation d\u00e8s aujourd'hui.","breadcrumb":{"@id":"https:\/\/venemigra.com\/servicios-2\/#breadcrumb"},"inLanguage":"fr-FR","potentialAction":[{"@type":"ReadAction","target":["https:\/\/venemigra.com\/servicios-2\/"]}]},{"@type":"ImageObject","inLanguage":"fr-FR","@id":"https:\/\/venemigra.com\/servicios-2\/#primaryimage","url":"https:\/\/venemigra.com\/wp-content\/uploads\/2024\/07\/servicios-ven-emigra-madrid.jpg","contentUrl":"https:\/\/venemigra.com\/wp-content\/uploads\/2024\/07\/servicios-ven-emigra-madrid.jpg"},{"@type":"BreadcrumbList","@id":"https:\/\/venemigra.com\/servicios-2\/#breadcrumb","itemListElement":[{"@type":"ListItem","position":1,"name":"Portada","item":"https:\/\/venemigra.com\/es\/"},{"@type":"ListItem","position":2,"name":"Servicios"}]},{"@type":"WebSite","@id":"https:\/\/venemigra.com\/#website","url":"https:\/\/venemigra.com\/","name":"COME EMIGRA","description":"","publisher":{"@id":"https:\/\/venemigra.com\/#organization"},"potentialAction":[{"@type":"SearchAction","target":{"@type":"EntryPoint","urlTemplate":"https:\/\/venemigra.com\/?s={search_term_string}"},"query-input":{"@type":"PropertyValueSpecification","valueRequired":true,"valueName":"search_term_string"}}],"inLanguage":"fr-FR"},{"@type":"Organization","@id":"https:\/\/venemigra.com\/#organization","name":"COME EMIGRA","url":"https:\/\/venemigra.com\/","logo":{"@type":"ImageObject","inLanguage":"fr-FR","@id":"https:\/\/venemigra.com\/#\/schema\/logo\/image\/","url":"https:\/\/venemigra.com\/wp-content\/uploads\/2026\/02\/cropped-cropped-cropped-Post-de-Instagram-Empresa-Corporativo-Servicios-Ilustrado-Azul-y-Blanco-1-1-1.webp","contentUrl":"https:\/\/venemigra.com\/wp-content\/uploads\/2026\/02\/cropped-cropped-cropped-Post-de-Instagram-Empresa-Corporativo-Servicios-Ilustrado-Azul-y-Blanco-1-1-1.webp","width":706,"height":189,"caption":"VEN EMIGRA"},"image":{"@id":"https:\/\/venemigra.com\/#\/schema\/logo\/image\/"},"sameAs":["https:\/\/www.facebook.com\/profile.php?id=61559877787902","https:\/\/x.com\/ven_emigra","https:\/\/www.instagram.com\/ven_emigra\/","https:\/\/www.youtube.com\/@Ven.Emigra"]}]}},"_links":{"self":[{"href":"https:\/\/venemigra.com\/fr\/wp-json\/wp\/v2\/pages\/8","targetHints":{"allow":["GET"]}}],"collection":[{"href":"https:\/\/venemigra.com\/fr\/wp-json\/wp\/v2\/pages"}],"about":[{"href":"https:\/\/venemigra.com\/fr\/wp-json\/wp\/v2\/types\/page"}],"author":[{"embeddable":true,"href":"https:\/\/venemigra.com\/fr\/wp-json\/wp\/v2\/users\/1"}],"replies":[{"embeddable":true,"href":"https:\/\/venemigra.com\/fr\/wp-json\/wp\/v2\/comments?post=8"}],"version-history":[{"count":23,"href":"https:\/\/venemigra.com\/fr\/wp-json\/wp\/v2\/pages\/8\/revisions"}],"predecessor-version":[{"id":330,"href":"https:\/\/venemigra.com\/fr\/wp-json\/wp\/v2\/pages\/8\/revisions\/330"}],"wp:attachment":[{"href":"https:\/\/venemigra.com\/fr\/wp-json\/wp\/v2\/media?parent=8"}],"curies":[{"name":"wp","href":"https:\/\/api.w.org\/{rel}","templated":true}]}}