{"id":2915,"date":"2026-02-11T22:54:22","date_gmt":"2026-02-11T21:54:22","guid":{"rendered":"https:\/\/venemigra.com\/?page_id=2915"},"modified":"2026-02-17T16:16:25","modified_gmt":"2026-02-17T15:16:25","slug":"avis-juridique","status":"publish","type":"page","link":"https:\/\/venemigra.com\/fr\/aviso-legal\/","title":{"rendered":"Avis juridique"},"content":{"rendered":"<div data-elementor-type=\"wp-page\" data-elementor-id=\"2915\" class=\"elementor elementor-2915\">\n\t\t\t\t<div class=\"elementor-element elementor-element-d8d5c16 e-flex e-con-boxed e-con e-parent\" data-id=\"d8d5c16\" data-element_type=\"container\" data-e-type=\"container\">\n\t\t\t\t\t<div class=\"e-con-inner\">\n\t\t\t\t<div class=\"elementor-element elementor-element-02f7174 elementor-widget elementor-widget-heading\" data-id=\"02f7174\" data-element_type=\"widget\" data-e-type=\"widget\" data-widget_type=\"heading.default\">\n\t\t\t\t\t<h1 class=\"elementor-heading-title elementor-size-default\">Avis juridique<\/h1>\t\t\t\t<\/div>\n\t\t\t\t<div class=\"elementor-element elementor-element-d0c389c elementor-widget elementor-widget-text-editor\" data-id=\"d0c389c\" data-element_type=\"widget\" data-e-type=\"widget\" data-widget_type=\"text-editor.default\">\n\t\t\t\t\t\t\t\t\t<p style=\"box-sizing: inherit; font-size: 16px; font-style: normal; font-weight: 400;\">VENFORT Abogados S.L., identifi\u00e9 par le N.I.F B56172588, t\u00e9l\u00e9phone (+34) 618 93 92 85, email contacto@venemigra.com et dont le si\u00e8ge social est situ\u00e9 \u00e0 Paseo La Castellana 93C, 28046, Madrid, Espagne est le \u201cResponsable du traitement\u201d de vos donn\u00e9es personnelles collect\u00e9es et trait\u00e9es \u00e0 travers ce site web ou \u00e0 notre si\u00e8ge afin de vous fournir des conseils adapt\u00e9s \u00e0 vos besoins.<\/p>\n<p style=\"box-sizing: inherit; font-size: 16px; font-style: normal; font-weight: 400;\">Les termes \u201cVENFORT\u00bb et \u00abVen Emigra\u201d utilis\u00e9s dans cette politique font r\u00e9f\u00e9rence \u00e0 VENFORT Abogados S.L.<\/p>\n<p style=\"box-sizing: inherit; font-size: 16px; font-style: normal; font-weight: 400;\">Sur ce site, les utilisateurs pourront acc\u00e9der \u00e0 toutes les informations relatives aux conditions l\u00e9gales r\u00e9gissant la relation entre eux et notre entit\u00e9 en tant qu'administrateurs du site. En tant qu'utilisateur, il est essentiel que vous compreniez ces conditions avant de continuer \u00e0 naviguer sur le site.<\/p>\n<p style=\"box-sizing: inherit; font-size: 16px; font-style: normal; font-weight: 400;\">En tant que responsables de ce site, Ven Emigra\/Venfort s'engage \u00e0 g\u00e9rer les informations de ses utilisateurs et clients avec toutes les garanties, dans le respect des r\u00e9glementations nationales et europ\u00e9ennes r\u00e9gissant la collecte et l'utilisation des donn\u00e9es personnelles.<\/p>\n<p style=\"box-sizing: inherit; font-size: 16px; font-style: normal; font-weight: 400;\">Par cons\u00e9quent, ce site Web est strictement conforme au r\u00e8glement (UE) 2016\/679 du Parlement europ\u00e9en et du Conseil du 27 avril 2016 relatif \u00e0 la protection des personnes physiques \u00e0 l'\u00e9gard du traitement des donn\u00e9es \u00e0 caract\u00e8re personnel (GDPR). Nous respectons \u00e9galement la loi organique 3\/2018, du 5 d\u00e9cembre, sur la protection des donn\u00e9es personnelles et la garantie des droits num\u00e9riques (LOPDGDD), ainsi que la loi 34\/2002, du 11 juillet, sur les services de la soci\u00e9t\u00e9 de l'information et le commerce \u00e9lectronique (LSSICE ou LSSI).<\/p>\t\t\t\t\t\t\t\t<\/div>\n\t\t\t\t<div class=\"elementor-element elementor-element-2f6214d elementor-widget elementor-widget-heading\" data-id=\"2f6214d\" data-element_type=\"widget\" data-e-type=\"widget\" data-widget_type=\"heading.default\">\n\t\t\t\t\t<h2 class=\"elementor-heading-title elementor-size-default\">Conditions g\u00e9n\u00e9rales d'utilisation<\/h2>\t\t\t\t<\/div>\n\t\t\t\t<div class=\"elementor-element elementor-element-7e3e0bd elementor-widget elementor-widget-text-editor\" data-id=\"7e3e0bd\" data-element_type=\"widget\" data-e-type=\"widget\" data-widget_type=\"text-editor.default\">\n\t\t\t\t\t\t\t\t\t<p>Les pr\u00e9sentes conditions g\u00e9n\u00e9rales \u00e9tablissent les r\u00e8gles d'utilisation, y compris l'acc\u00e8s, aux pages Web qui font partie du site Web de Ven Emigra. Cela inclut tous les contenus et services disponibles sur ce site. Toute personne acc\u00e9dant au site web www.venemigra.com (ci-apr\u00e8s, \u201cl'utilisateur\u201d) s'engage \u00e0 respecter les conditions g\u00e9n\u00e9rales en vigueur au moment de sa visite.<\/p>\t\t\t\t\t\t\t\t<\/div>\n\t\t\t\t<div class=\"elementor-element elementor-element-45c7321 elementor-widget elementor-widget-heading\" data-id=\"45c7321\" data-element_type=\"widget\" data-e-type=\"widget\" data-widget_type=\"heading.default\">\n\t\t\t\t\t<h2 class=\"elementor-heading-title elementor-size-default\">Contenu<\/h2>\t\t\t\t<\/div>\n\t\t\t\t\t<\/div>\n\t\t\t\t<\/div>\n\t\t<div class=\"elementor-element elementor-element-693decb e-flex e-con-boxed e-con e-parent\" data-id=\"693decb\" data-element_type=\"container\" data-e-type=\"container\">\n\t\t\t\t\t<div class=\"e-con-inner\">\n\t\t\t\t<div class=\"elementor-element elementor-element-ffbbf31 elementor-widget elementor-widget-text-editor\" data-id=\"ffbbf31\" data-element_type=\"widget\" data-e-type=\"widget\" data-widget_type=\"text-editor.default\">\n\t\t\t\t\t\t\t\t\t<p style=\"box-sizing: inherit; font-size: 16px; font-style: normal; font-weight: 400;\">Ce site web contient des informations, des contenus multim\u00e9dias et du mat\u00e9riel qui ont \u00e9t\u00e9 compil\u00e9s par le propri\u00e9taire \u00e0 partir de sources jug\u00e9es fiables. Toutefois, le propri\u00e9taire ne garantit pas que les informations sont exactes, compl\u00e8tes ou \u00e0 jour \u00e0 tout moment. Par cons\u00e9quent, il n'assume aucune responsabilit\u00e9 en cas d'erreurs ou d'omissions dans les informations pr\u00e9sent\u00e9es sur les pages de ce site web.<\/p><p style=\"box-sizing: inherit; font-size: 16px; font-style: normal; font-weight: 400;\">Le propri\u00e9taire se r\u00e9serve le droit de modifier, suspendre, annuler ou restreindre le contenu du site web, y compris les liens ou les informations obtenues par le biais du site web, sans pr\u00e9avis. Le propri\u00e9taire d\u00e9cline toute responsabilit\u00e9 pour les dommages qui pourraient r\u00e9sulter de l'utilisation des informations fournies sur ce site.<\/p>\t\t\t\t\t\t\t\t<\/div>\n\t\t\t\t\t<\/div>\n\t\t\t\t<\/div>\n\t\t<div class=\"elementor-element elementor-element-01737fc e-flex e-con-boxed e-con e-parent\" data-id=\"01737fc\" data-element_type=\"container\" data-e-type=\"container\">\n\t\t\t\t\t<div class=\"e-con-inner\">\n\t\t\t\t<div class=\"elementor-element elementor-element-9aca8c3 elementor-widget elementor-widget-heading\" data-id=\"9aca8c3\" data-element_type=\"widget\" data-e-type=\"widget\" data-widget_type=\"heading.default\">\n\t\t\t\t\t<h2 class=\"elementor-heading-title elementor-size-default\">Engagements et obligations des utilisateurs<\/h2>\t\t\t\t<\/div>\n\t\t\t\t\t<\/div>\n\t\t\t\t<\/div>\n\t\t<div class=\"elementor-element elementor-element-5c88c62 e-flex e-con-boxed e-con e-parent\" data-id=\"5c88c62\" data-element_type=\"container\" data-e-type=\"container\">\n\t\t\t\t\t<div class=\"e-con-inner\">\n\t\t\t\t<div class=\"elementor-element elementor-element-d453647 elementor-widget elementor-widget-text-editor\" data-id=\"d453647\" data-element_type=\"widget\" data-e-type=\"widget\" data-widget_type=\"text-editor.default\">\n\t\t\t\t\t\t\t\t\t<p style=\"box-sizing: inherit; font-size: 16px; font-style: normal; font-weight: 400;\">L'utilisateur est inform\u00e9 et accepte que l'acc\u00e8s \u00e0 ce site web n'implique en aucun cas le d\u00e9but d'une relation commerciale avec VENFORT. Par cons\u00e9quent, l'utilisateur s'engage \u00e0 utiliser le site web, ses services et son contenu conform\u00e9ment \u00e0 la l\u00e9gislation en vigueur, \u00e0 la bonne foi et \u00e0 l'ordre public.<\/p><p style=\"box-sizing: inherit; font-size: 16px; font-style: normal; font-weight: 400;\">Il est interdit d'utiliser le site web et son contenu \u00e0 des fins ill\u00e9gales ou pr\u00e9judiciables, ou d'une mani\u00e8re qui pourrait nuire ou interf\u00e9rer avec le fonctionnement normal du site. En ce qui concerne le contenu de ce site web, il est interdit :<\/p><ul class=\"wp-block-list\" style=\"font-size: 16px; font-style: normal; font-weight: 400;\"><li style=\"box-sizing: inherit; font-size: 16px;\">Reproduire, distribuer ou modifier partiellement ou totalement les contenus sans l'autorisation des propri\u00e9taires l\u00e9gitimes.<\/li><li style=\"box-sizing: inherit; font-size: 16px;\">enfreindre les droits du fournisseur ou des propri\u00e9taires l\u00e9gitimes.<\/li><li style=\"box-sizing: inherit; font-size: 16px;\">Utiliser le contenu \u00e0 des fins commerciales ou publicitaires.<\/li><\/ul><p style=\"box-sizing: inherit; font-size: 16px; font-style: normal; font-weight: 400;\">En utilisant le site www.venemigra.com, l'utilisateur s'engage \u00e0 ne r\u00e9aliser aucune action susceptible de porter atteinte \u00e0 l'image, aux int\u00e9r\u00eats ou aux droits de VENFORT ou de tiers. De m\u00eame, l'utilisateur ne doit pas r\u00e9aliser d'actions susceptibles d'endommager, de d\u00e9sactiver, de surcharger ou d'affecter n\u00e9gativement notre portail, en emp\u00eachant son fonctionnement normal. Cela inclut les actes susceptibles d'endommager les contenus, les \u00e9quipements informatiques, les documents, les fichiers ou tout autre contenu stock\u00e9 par le propri\u00e9taire.<\/p><p style=\"box-sizing: inherit; font-size: 16px; font-style: normal; font-weight: 400;\">Il est important que l'utilisateur sache que les mesures de s\u00e9curit\u00e9 des syst\u00e8mes informatiques sur l'internet ne sont pas totalement fiables. Par cons\u00e9quent, www.venemigra.com ne peut garantir l'absence de logiciels malveillants ou d'autres \u00e9l\u00e9ments susceptibles d'alt\u00e9rer les syst\u00e8mes informatiques de l'utilisateur (logiciels et mat\u00e9riel) ou ses documents et fichiers \u00e9lectroniques. Toutefois, nous mettons en \u0153uvre tous les moyens n\u00e9cessaires et adoptons des mesures de s\u00e9curit\u00e9 appropri\u00e9es pour pr\u00e9venir la pr\u00e9sence de ces \u00e9l\u00e9ments nuisibles.<\/p>\t\t\t\t\t\t\t\t<\/div>\n\t\t\t\t\t<\/div>\n\t\t\t\t<\/div>\n\t\t<div class=\"elementor-element elementor-element-90f86bb e-flex e-con-boxed e-con e-parent\" data-id=\"90f86bb\" data-element_type=\"container\" data-e-type=\"container\">\n\t\t\t\t\t<div class=\"e-con-inner\">\n\t\t\t\t<div class=\"elementor-element elementor-element-fa736c4 elementor-widget elementor-widget-heading\" data-id=\"fa736c4\" data-element_type=\"widget\" data-e-type=\"widget\" data-widget_type=\"heading.default\">\n\t\t\t\t\t<h2 class=\"elementor-heading-title elementor-size-default\">Mesures de s\u00e9curit\u00e9<\/h2>\t\t\t\t<\/div>\n\t\t\t\t\t<\/div>\n\t\t\t\t<\/div>\n\t\t<div class=\"elementor-element elementor-element-80461af e-flex e-con-boxed e-con e-parent\" data-id=\"80461af\" data-element_type=\"container\" data-e-type=\"container\">\n\t\t\t\t\t<div class=\"e-con-inner\">\n\t\t\t\t<div class=\"elementor-element elementor-element-45fd44c elementor-widget elementor-widget-text-editor\" data-id=\"45fd44c\" data-element_type=\"widget\" data-e-type=\"widget\" data-widget_type=\"text-editor.default\">\n\t\t\t\t\t\t\t\t\t<p style=\"box-sizing: inherit; font-size: 16px; font-style: normal; font-weight: 400;\">Les donn\u00e9es personnelles fournies par l'utilisateur \u00e0 VENFORT peuvent \u00eatre stock\u00e9es dans des bases de donn\u00e9es, automatis\u00e9es ou non, dont la propri\u00e9t\u00e9 appartient exclusivement \u00e0 VENFORT ABOGADOS S.L. Cette entit\u00e9 est responsable de la mise en \u0153uvre de toutes les mesures techniques, organisationnelles et de s\u00e9curit\u00e9 n\u00e9cessaires pour garantir la confidentialit\u00e9, l'int\u00e9grit\u00e9 et la qualit\u00e9 des informations contenues dans ces bases de donn\u00e9es, conform\u00e9ment \u00e0 la r\u00e9glementation en vigueur en mati\u00e8re de protection des donn\u00e9es.<\/p><p style=\"box-sizing: inherit; font-size: 16px; font-style: normal; font-weight: 400;\">Bien que des mesures de s\u00e9curit\u00e9 appropri\u00e9es soient prises, il est possible qu'il y ait des failles de s\u00e9curit\u00e9 ou des attaques sur les syst\u00e8mes informatiques, telles que des virus ou d'autres actions nuisibles.<\/p>\t\t\t\t\t\t\t\t<\/div>\n\t\t\t\t\t<\/div>\n\t\t\t\t<\/div>\n\t\t<div class=\"elementor-element elementor-element-34bb5df e-flex e-con-boxed e-con e-parent\" data-id=\"34bb5df\" data-element_type=\"container\" data-e-type=\"container\">\n\t\t\t\t\t<div class=\"e-con-inner\">\n\t\t\t\t<div class=\"elementor-element elementor-element-3e501be elementor-widget elementor-widget-heading\" data-id=\"3e501be\" data-element_type=\"widget\" data-e-type=\"widget\" data-widget_type=\"heading.default\">\n\t\t\t\t\t<h2 class=\"elementor-heading-title elementor-size-default\">L\u00e9gislation applicable<\/h2>\t\t\t\t<\/div>\n\t\t\t\t\t<\/div>\n\t\t\t\t<\/div>\n\t\t<div class=\"elementor-element elementor-element-305548c e-flex e-con-boxed e-con e-parent\" data-id=\"305548c\" data-element_type=\"container\" data-e-type=\"container\">\n\t\t\t\t\t<div class=\"e-con-inner\">\n\t\t\t\t<div class=\"elementor-element elementor-element-59b5cdf elementor-widget elementor-widget-text-editor\" data-id=\"59b5cdf\" data-element_type=\"widget\" data-e-type=\"widget\" data-widget_type=\"text-editor.default\">\n\t\t\t\t\t\t\t\t\t<p>De mani\u00e8re g\u00e9n\u00e9rale, les relations entre VENFORT et les utilisateurs des services t\u00e9l\u00e9matiques propos\u00e9s sur ce site sont r\u00e9gies par la l\u00e9gislation espagnole. Tout litige ou conflit y aff\u00e9rent sera soumis \u00e0 la juridiction des cours et tribunaux de Madrid.<\/p>\t\t\t\t\t\t\t\t<\/div>\n\t\t\t\t\t<\/div>\n\t\t\t\t<\/div>\n\t\t<div class=\"elementor-element elementor-element-67ea8dc e-flex e-con-boxed e-con e-parent\" data-id=\"67ea8dc\" data-element_type=\"container\" data-e-type=\"container\">\n\t\t\t\t\t<div class=\"e-con-inner\">\n\t\t\t\t<div class=\"elementor-element elementor-element-4fba0f3 elementor-widget elementor-widget-heading\" data-id=\"4fba0f3\" data-element_type=\"widget\" data-e-type=\"widget\" data-widget_type=\"heading.default\">\n\t\t\t\t\t<h2 class=\"elementor-heading-title elementor-size-default\">Contact<\/h2>\t\t\t\t<\/div>\n\t\t\t\t\t<\/div>\n\t\t\t\t<\/div>\n\t\t<div class=\"elementor-element elementor-element-a089176 e-flex e-con-boxed e-con e-parent\" data-id=\"a089176\" data-element_type=\"container\" data-e-type=\"container\">\n\t\t\t\t\t<div class=\"e-con-inner\">\n\t\t\t\t<div class=\"elementor-element elementor-element-7587344 elementor-widget elementor-widget-text-editor\" data-id=\"7587344\" data-element_type=\"widget\" data-e-type=\"widget\" data-widget_type=\"text-editor.default\">\n\t\t\t\t\t\t\t\t\t<p style=\"box-sizing: inherit; font-size: 16px; font-style: normal; font-weight: 400;\">Si un utilisateur a des questions sur ces conditions g\u00e9n\u00e9rales ou des commentaires sur le portail www.venfort.com, il peut contacter contacto@venemigra.com.<\/p>\n<p style=\"box-sizing: inherit; font-size: 16px; font-style: normal; font-weight: 400;\">L'avis juridique a \u00e9t\u00e9 mis \u00e0 jour pour la derni\u00e8re fois le 11 f\u00e9vrier 2026.<\/p>\t\t\t\t\t\t\t\t<\/div>\n\t\t\t\t\t<\/div>\n\t\t\t\t<\/div>\n\t\t\t\t<\/div>","protected":false},"excerpt":{"rendered":"<p>Aviso Legal VENFORT Abogados S.L., identificado con el N.I.F B56172588, tel\u00e9fono (+34) 618 93 92 85, con correo electr\u00f3nico contacto@venemigra.com&nbsp;y cuyo domicilio social est\u00e1 ubicado en Paseo La Castellana 93C, 28046, Madrid, Espa\u00f1a es el \u201cResponsable del tratamiento\u201d de sus datos personales recogidos y tratados a trav\u00e9s de este sitio web o en nuestra sede [&hellip;]<\/p>\n","protected":false},"author":2,"featured_media":0,"parent":0,"menu_order":0,"comment_status":"closed","ping_status":"closed","template":"","meta":{"content-type":"","_monsterinsights_skip_tracking":false,"_monsterinsights_sitenote_active":false,"_monsterinsights_sitenote_note":"","_monsterinsights_sitenote_category":0,"site-sidebar-layout":"no-sidebar","site-content-layout":"page-builder","ast-site-content-layout":"full-width-container","site-content-style":"default","site-sidebar-style":"default","ast-global-header-display":"","ast-banner-title-visibility":"","ast-main-header-display":"","ast-hfb-above-header-display":"","ast-hfb-below-header-display":"","ast-hfb-mobile-header-display":"","site-post-title":"","ast-breadcrumbs-content":"","ast-featured-img":"disabled","footer-sml-layout":"","ast-disable-related-posts":"","theme-transparent-header-meta":"","adv-header-id-meta":"","stick-header-meta":"","header-above-stick-meta":"","header-main-stick-meta":"","header-below-stick-meta":"","astra-migrate-meta-layouts":"default","ast-page-background-enabled":"default","ast-page-background-meta":{"desktop":{"background-color":"","background-image":"","background-repeat":"repeat","background-position":"center center","background-size":"auto","background-attachment":"scroll","background-type":"","background-media":"","overlay-type":"","overlay-color":"","overlay-opacity":"","overlay-gradient":""},"tablet":{"background-color":"","background-image":"","background-repeat":"repeat","background-position":"center center","background-size":"auto","background-attachment":"scroll","background-type":"","background-media":"","overlay-type":"","overlay-color":"","overlay-opacity":"","overlay-gradient":""},"mobile":{"background-color":"","background-image":"","background-repeat":"repeat","background-position":"center center","background-size":"auto","background-attachment":"scroll","background-type":"","background-media":"","overlay-type":"","overlay-color":"","overlay-opacity":"","overlay-gradient":""}},"ast-content-background-meta":{"desktop":{"background-color":"var(--ast-global-color-5)","background-image":"","background-repeat":"repeat","background-position":"center center","background-size":"auto","background-attachment":"scroll","background-type":"","background-media":"","overlay-type":"","overlay-color":"","overlay-opacity":"","overlay-gradient":""},"tablet":{"background-color":"var(--ast-global-color-5)","background-image":"","background-repeat":"repeat","background-position":"center center","background-size":"auto","background-attachment":"scroll","background-type":"","background-media":"","overlay-type":"","overlay-color":"","overlay-opacity":"","overlay-gradient":""},"mobile":{"background-color":"var(--ast-global-color-5)","background-image":"","background-repeat":"repeat","background-position":"center center","background-size":"auto","background-attachment":"scroll","background-type":"","background-media":"","overlay-type":"","overlay-color":"","overlay-opacity":"","overlay-gradient":""}},"footnotes":""},"class_list":["post-2915","page","type-page","status-publish","hentry"],"yoast_head":"<!-- This site is optimized with the Yoast SEO plugin v27.4 - https:\/\/yoast.com\/product\/yoast-seo-wordpress\/ -->\n<title>Aviso Legal - Ven Emigra<\/title>\n<meta name=\"robots\" content=\"index, follow, max-snippet:-1, max-image-preview:large, max-video-preview:-1\" \/>\n<link rel=\"canonical\" href=\"https:\/\/venemigra.com\/fr\/avis-juridique\/\" \/>\n<meta property=\"og:locale\" content=\"fr_FR\" \/>\n<meta property=\"og:type\" content=\"article\" \/>\n<meta property=\"og:title\" content=\"Aviso Legal - Ven Emigra\" \/>\n<meta property=\"og:description\" content=\"Aviso Legal VENFORT Abogados S.L., identificado con el N.I.F B56172588, tel\u00e9fono (+34) 618 93 92 85, con correo electr\u00f3nico contacto@venemigra.com&nbsp;y cuyo domicilio social est\u00e1 ubicado en Paseo La Castellana 93C, 28046, Madrid, Espa\u00f1a es el \u201cResponsable del tratamiento\u201d de sus datos personales recogidos y tratados a trav\u00e9s de este sitio web o en nuestra sede [&hellip;]\" \/>\n<meta property=\"og:url\" content=\"https:\/\/venemigra.com\/fr\/avis-juridique\/\" \/>\n<meta property=\"og:site_name\" content=\"Ven Emigra\" \/>\n<meta property=\"article:publisher\" content=\"https:\/\/www.facebook.com\/profile.php?id=61559877787902\" \/>\n<meta property=\"article:modified_time\" content=\"2026-02-17T15:16:25+00:00\" \/>\n<meta name=\"twitter:card\" content=\"summary_large_image\" \/>\n<meta name=\"twitter:site\" content=\"@ven_emigra\" \/>\n<meta name=\"twitter:label1\" content=\"Dur\u00e9e de lecture estim\u00e9e\" \/>\n\t<meta name=\"twitter:data1\" content=\"5 minutes\" \/>\n<script type=\"application\/ld+json\" class=\"yoast-schema-graph\">{\"@context\":\"https:\\\/\\\/schema.org\",\"@graph\":[{\"@type\":\"WebPage\",\"@id\":\"https:\\\/\\\/venemigra.com\\\/aviso-legal\\\/\",\"url\":\"https:\\\/\\\/venemigra.com\\\/aviso-legal\\\/\",\"name\":\"Aviso Legal - Ven Emigra\",\"isPartOf\":{\"@id\":\"https:\\\/\\\/venemigra.com\\\/#website\"},\"datePublished\":\"2026-02-11T21:54:22+00:00\",\"dateModified\":\"2026-02-17T15:16:25+00:00\",\"breadcrumb\":{\"@id\":\"https:\\\/\\\/venemigra.com\\\/aviso-legal\\\/#breadcrumb\"},\"inLanguage\":\"fr-FR\",\"potentialAction\":[{\"@type\":\"ReadAction\",\"target\":[\"https:\\\/\\\/venemigra.com\\\/aviso-legal\\\/\"]}]},{\"@type\":\"BreadcrumbList\",\"@id\":\"https:\\\/\\\/venemigra.com\\\/aviso-legal\\\/#breadcrumb\",\"itemListElement\":[{\"@type\":\"ListItem\",\"position\":1,\"name\":\"Portada\",\"item\":\"https:\\\/\\\/venemigra.com\\\/es\\\/\"},{\"@type\":\"ListItem\",\"position\":2,\"name\":\"Aviso Legal\"}]},{\"@type\":\"WebSite\",\"@id\":\"https:\\\/\\\/venemigra.com\\\/#website\",\"url\":\"https:\\\/\\\/venemigra.com\\\/\",\"name\":\"VEN EMIGRA\",\"description\":\"\",\"publisher\":{\"@id\":\"https:\\\/\\\/venemigra.com\\\/#organization\"},\"potentialAction\":[{\"@type\":\"SearchAction\",\"target\":{\"@type\":\"EntryPoint\",\"urlTemplate\":\"https:\\\/\\\/venemigra.com\\\/?s={search_term_string}\"},\"query-input\":{\"@type\":\"PropertyValueSpecification\",\"valueRequired\":true,\"valueName\":\"search_term_string\"}}],\"inLanguage\":\"fr-FR\"},{\"@type\":\"Organization\",\"@id\":\"https:\\\/\\\/venemigra.com\\\/#organization\",\"name\":\"VEN EMIGRA\",\"url\":\"https:\\\/\\\/venemigra.com\\\/\",\"logo\":{\"@type\":\"ImageObject\",\"inLanguage\":\"fr-FR\",\"@id\":\"https:\\\/\\\/venemigra.com\\\/#\\\/schema\\\/logo\\\/image\\\/\",\"url\":\"https:\\\/\\\/venemigra.com\\\/wp-content\\\/uploads\\\/2026\\\/02\\\/cropped-cropped-cropped-Post-de-Instagram-Empresa-Corporativo-Servicios-Ilustrado-Azul-y-Blanco-1-1-1.webp\",\"contentUrl\":\"https:\\\/\\\/venemigra.com\\\/wp-content\\\/uploads\\\/2026\\\/02\\\/cropped-cropped-cropped-Post-de-Instagram-Empresa-Corporativo-Servicios-Ilustrado-Azul-y-Blanco-1-1-1.webp\",\"width\":706,\"height\":189,\"caption\":\"VEN EMIGRA\"},\"image\":{\"@id\":\"https:\\\/\\\/venemigra.com\\\/#\\\/schema\\\/logo\\\/image\\\/\"},\"sameAs\":[\"https:\\\/\\\/www.facebook.com\\\/profile.php?id=61559877787902\",\"https:\\\/\\\/x.com\\\/ven_emigra\",\"https:\\\/\\\/www.instagram.com\\\/ven_emigra\\\/\",\"https:\\\/\\\/www.youtube.com\\\/@Ven.Emigra\"]}]}<\/script>\n<!-- \/ Yoast SEO plugin. -->","yoast_head_json":{"title":"Mentions l\u00e9gales - Ven Emigra","robots":{"index":"index","follow":"follow","max-snippet":"max-snippet:-1","max-image-preview":"max-image-preview:large","max-video-preview":"max-video-preview:-1"},"canonical":"https:\/\/venemigra.com\/fr\/avis-juridique\/","og_locale":"fr_FR","og_type":"article","og_title":"Aviso Legal - Ven Emigra","og_description":"Aviso Legal VENFORT Abogados S.L., identificado con el N.I.F B56172588, tel\u00e9fono (+34) 618 93 92 85, con correo electr\u00f3nico contacto@venemigra.com&nbsp;y cuyo domicilio social est\u00e1 ubicado en Paseo La Castellana 93C, 28046, Madrid, Espa\u00f1a es el \u201cResponsable del tratamiento\u201d de sus datos personales recogidos y tratados a trav\u00e9s de este sitio web o en nuestra sede [&hellip;]","og_url":"https:\/\/venemigra.com\/fr\/avis-juridique\/","og_site_name":"Ven Emigra","article_publisher":"https:\/\/www.facebook.com\/profile.php?id=61559877787902","article_modified_time":"2026-02-17T15:16:25+00:00","twitter_card":"summary_large_image","twitter_site":"@ven_emigra","twitter_misc":{"Dur\u00e9e de lecture estim\u00e9e":"5 minutes"},"schema":{"@context":"https:\/\/schema.org","@graph":[{"@type":"WebPage","@id":"https:\/\/venemigra.com\/aviso-legal\/","url":"https:\/\/venemigra.com\/aviso-legal\/","name":"Mentions l\u00e9gales - Ven Emigra","isPartOf":{"@id":"https:\/\/venemigra.com\/#website"},"datePublished":"2026-02-11T21:54:22+00:00","dateModified":"2026-02-17T15:16:25+00:00","breadcrumb":{"@id":"https:\/\/venemigra.com\/aviso-legal\/#breadcrumb"},"inLanguage":"fr-FR","potentialAction":[{"@type":"ReadAction","target":["https:\/\/venemigra.com\/aviso-legal\/"]}]},{"@type":"BreadcrumbList","@id":"https:\/\/venemigra.com\/aviso-legal\/#breadcrumb","itemListElement":[{"@type":"ListItem","position":1,"name":"Portada","item":"https:\/\/venemigra.com\/es\/"},{"@type":"ListItem","position":2,"name":"Aviso Legal"}]},{"@type":"WebSite","@id":"https:\/\/venemigra.com\/#website","url":"https:\/\/venemigra.com\/","name":"COME EMIGRA","description":"","publisher":{"@id":"https:\/\/venemigra.com\/#organization"},"potentialAction":[{"@type":"SearchAction","target":{"@type":"EntryPoint","urlTemplate":"https:\/\/venemigra.com\/?s={search_term_string}"},"query-input":{"@type":"PropertyValueSpecification","valueRequired":true,"valueName":"search_term_string"}}],"inLanguage":"fr-FR"},{"@type":"Organization","@id":"https:\/\/venemigra.com\/#organization","name":"COME EMIGRA","url":"https:\/\/venemigra.com\/","logo":{"@type":"ImageObject","inLanguage":"fr-FR","@id":"https:\/\/venemigra.com\/#\/schema\/logo\/image\/","url":"https:\/\/venemigra.com\/wp-content\/uploads\/2026\/02\/cropped-cropped-cropped-Post-de-Instagram-Empresa-Corporativo-Servicios-Ilustrado-Azul-y-Blanco-1-1-1.webp","contentUrl":"https:\/\/venemigra.com\/wp-content\/uploads\/2026\/02\/cropped-cropped-cropped-Post-de-Instagram-Empresa-Corporativo-Servicios-Ilustrado-Azul-y-Blanco-1-1-1.webp","width":706,"height":189,"caption":"VEN EMIGRA"},"image":{"@id":"https:\/\/venemigra.com\/#\/schema\/logo\/image\/"},"sameAs":["https:\/\/www.facebook.com\/profile.php?id=61559877787902","https:\/\/x.com\/ven_emigra","https:\/\/www.instagram.com\/ven_emigra\/","https:\/\/www.youtube.com\/@Ven.Emigra"]}]}},"_links":{"self":[{"href":"https:\/\/venemigra.com\/fr\/wp-json\/wp\/v2\/pages\/2915","targetHints":{"allow":["GET"]}}],"collection":[{"href":"https:\/\/venemigra.com\/fr\/wp-json\/wp\/v2\/pages"}],"about":[{"href":"https:\/\/venemigra.com\/fr\/wp-json\/wp\/v2\/types\/page"}],"author":[{"embeddable":true,"href":"https:\/\/venemigra.com\/fr\/wp-json\/wp\/v2\/users\/2"}],"replies":[{"embeddable":true,"href":"https:\/\/venemigra.com\/fr\/wp-json\/wp\/v2\/comments?post=2915"}],"version-history":[{"count":19,"href":"https:\/\/venemigra.com\/fr\/wp-json\/wp\/v2\/pages\/2915\/revisions"}],"predecessor-version":[{"id":3455,"href":"https:\/\/venemigra.com\/fr\/wp-json\/wp\/v2\/pages\/2915\/revisions\/3455"}],"wp:attachment":[{"href":"https:\/\/venemigra.com\/fr\/wp-json\/wp\/v2\/media?parent=2915"}],"curies":[{"name":"wp","href":"https:\/\/api.w.org\/{rel}","templated":true}]}}