{"id":8,"date":"2024-07-24T16:23:10","date_gmt":"2024-07-24T16:23:10","guid":{"rendered":"https:\/\/venemigra.com\/?page_id=8"},"modified":"2026-02-11T20:01:15","modified_gmt":"2026-02-11T19:01:15","slug":"servicios-2","status":"publish","type":"page","link":"https:\/\/venemigra.com\/es\/servicios-2\/","title":{"rendered":"Servicios"},"content":{"rendered":"<div class=\"gb-container gb-container-5b6a35dc alignfull\">\n<div class=\"gb-container gb-container-6bef74d3\">\n\n<h2 class=\"wp-block-heading has-text-align-center has-base-3-color has-text-color has-link-color wp-elements-b18c4232c752ed4e1a60766e6d7b4924\">Servicios.<\/h2>\n\n<\/div>\n<\/div>\n\n<div class=\"gb-container gb-container-b05b8e3a alignfull\">\n<div class=\"gb-container gb-container-7a59ed38\">\n<div class=\"gb-grid-wrapper gb-grid-wrapper-9d1a4b94\">\n<div class=\"gb-grid-column gb-grid-column-6bcd29a8\"><div class=\"gb-container gb-container-6bcd29a8\">\n\n<h2 class=\"gb-headline gb-headline-51afc468 gb-headline-text\">Permisos y Autorizaciones de Residencia y Trabajo.<\/h2>\n\n\n\n<p><strong>Realizamos una evaluaci\u00f3n previa personalizada<\/strong>, definiendo las prioridades y caracter\u00edsticas del cliente y del caso en particular. Apoyamos en la preparaci\u00f3n y presentaci\u00f3n de solicitudes ante las autoridades correspondientes.<\/p>\n\n\n\n<p><strong>Nuestro objetivo es que cada cliente pueda establecerse y trabajar legalmente en Espa\u00f1a<\/strong>, con la seguridad de que su estatus migratorio est\u00e1 en orden.<\/p>\n\n\n\n<h4 class=\"gb-headline gb-headline-440d5924 gb-headline-text\">Tipos de permiso:<\/h4>\n\n\n\n\n<h5 class=\"gb-headline gb-headline-d0b170fd gb-headline-text\">Este permiso habilita a los extranjeros a residir en Espa\u00f1a mediante una relaci\u00f3n laboral con una empresa ya constituida en el pa\u00eds. Nuestro servicio incluye:<\/h5>\n\n\n\n<ul class=\"wp-block-list\">\n<li><strong>Evaluaci\u00f3n inicial<\/strong>: Analizamos tu perfil y las oportunidades laborales disponibles.<\/li>\n\n\n\n<li><strong>Preparaci\u00f3n de documentos<\/strong>: Te ayudamos a reunir y completar toda la documentaci\u00f3n necesaria.<\/li>\n\n\n\n<li><strong>Presentaci\u00f3n de la solicitud<\/strong>: Gestionamos la presentaci\u00f3n de tu solicitud ante las autoridades competentes.<\/li>\n\n\n\n<li><strong>Beneficios<\/strong>: Este permiso computa para la obtenci\u00f3n de la nacionalidad espa\u00f1ola y permite la reagrupaci\u00f3n familiar despu\u00e9s del primer a\u00f1o.<\/li>\n\n\n\n<li><strong>Renovaci\u00f3n<\/strong>: Te asistimos en el proceso de renovaci\u00f3n del permiso al finalizar el plazo establecido, asegurando que siempre est\u00e9s dentro de la legalidad.<\/li>\n\n\n\n<li><strong>Seguimiento<\/strong>: Una vez presentados los procedimientos correspondientes, hacemos un seguimiento exhaustivo del proceso hasta la obtenci\u00f3n de la tarjeta de identificaci\u00f3n. Adem\u00e1s, proporcionamos recordatorios y seguimiento para las renovaciones necesarias.<\/li>\n<\/ul>\n\n\n\n\n\n<h5 class=\"gb-headline gb-headline-9cf033d3 gb-headline-text\">Este permiso permite a los extranjeros trabajar y residir en Espa\u00f1a con un emprendimiento propio. Nuestro servicio incluye:<\/h5>\n\n\n\n<ul class=\"wp-block-list\">\n<li><strong>Evaluaci\u00f3n inicial<\/strong>: Analizamos tu proyecto empresarial y te asesoramos sobre su viabilidad en Espa\u00f1a.<\/li>\n\n\n\n<li><strong>Preparaci\u00f3n de documentos<\/strong>: Te ayudamos a preparar un plan de negocio detallado y todos los documentos necesarios.<\/li>\n\n\n\n<li><strong>Presentaci\u00f3n de la solicitud<\/strong>: Gestionamos la presentaci\u00f3n de tu solicitud ante las autoridades competentes.<\/li>\n\n\n\n<li><strong>Beneficios<\/strong>: Este permiso tambi\u00e9n computa para la obtenci\u00f3n de la nacionalidad espa\u00f1ola y permite la reagrupaci\u00f3n familiar despu\u00e9s del primer a\u00f1o.<\/li>\n\n\n\n<li><strong>Renovaci\u00f3n<\/strong>: Te asistimos en el proceso de renovaci\u00f3n del permiso al finalizar el plazo establecido, asegurando que siempre est\u00e9s dentro de la legalidad.<\/li>\n\n\n\n<li><strong>Seguimiento<\/strong>: Una vez presentados los procedimientos correspondientes, hacemos un seguimiento exhaustivo del proceso hasta la obtenci\u00f3n de la tarjeta de identificaci\u00f3n. Adem\u00e1s, proporcionamos recordatorios y seguimiento para las renovaciones necesarias.<\/li>\n<\/ul>\n\n\n<\/div><\/div>\n\n<div class=\"gb-grid-column gb-grid-column-b607ae4b\"><div class=\"gb-container gb-container-b607ae4b\">\n\n<figure class=\"gb-block-image gb-block-image-14dce6b1\"><img fetchpriority=\"high\" decoding=\"async\" width=\"1080\" height=\"1080\" class=\"gb-image gb-image-14dce6b1\" src=\"https:\/\/venemigra.com\/wp-content\/uploads\/2024\/07\/servicios-ven-emigra-madrid.jpg\" alt=\"Permisos y Autorizaciones de Residencia y Trabajo\" title=\"servicios-ven-emigra-madrid\" srcset=\"https:\/\/venemigra.com\/wp-content\/uploads\/2024\/07\/servicios-ven-emigra-madrid.jpg 1080w, https:\/\/venemigra.com\/wp-content\/uploads\/2024\/07\/servicios-ven-emigra-madrid-300x300.jpg 300w, https:\/\/venemigra.com\/wp-content\/uploads\/2024\/07\/servicios-ven-emigra-madrid-1024x1024.jpg 1024w, https:\/\/venemigra.com\/wp-content\/uploads\/2024\/07\/servicios-ven-emigra-madrid-150x150.jpg 150w, https:\/\/venemigra.com\/wp-content\/uploads\/2024\/07\/servicios-ven-emigra-madrid-768x768.jpg 768w\" sizes=\"(max-width: 1080px) 100vw, 1080px\" \/><\/figure>\n\n<\/div><\/div>\n<\/div>\n<\/div>\n<\/div>\n\n<div class=\"gb-container gb-container-ccdc4c6f alignfull\">\n<div class=\"gb-container gb-container-43d42aaf\">\n<div class=\"gb-grid-wrapper gb-grid-wrapper-5d08633b\">\n<div class=\"gb-grid-column gb-grid-column-704e0203\"><div class=\"gb-container gb-container-704e0203\">\n\n<h2 class=\"gb-headline gb-headline-157ddc24 gb-headline-text\">Nacionalidad Espa\u00f1ola, Estudios y Reagrupaci\u00f3n Familiar.<\/h2>\n\n\n\n\n<p>La obtenci\u00f3n de la nacionalidad espa\u00f1ola puede ser un proceso complejo que requiere cumplir con una serie de requisitos legales.<\/p>\n\n\n\n<p>En En Ven Emigra, realizamos una evaluaci\u00f3n completa para determinar si el cliente cumple con los requisitos necesarios para aplicar por la nacionalidad espa\u00f1ola a trav\u00e9s de los distintos medios de adquisici\u00f3n.<\/p>\n\n\n\n<h4 class=\"gb-headline gb-headline-7c7d9e51 gb-headline-text\">Servicios incluidos:<\/h4>\n\n\n\n<ul class=\"wp-block-list\">\n<li><strong>Evaluaci\u00f3n inicial<\/strong>: Analizamos tu situaci\u00f3n personal y legal para determinar la mejor v\u00eda para obtener la nacionalidad.<\/li>\n\n\n\n<li><strong>Preparaci\u00f3n de documentos<\/strong>: Te asistimos en la recopilaci\u00f3n y preparaci\u00f3n de todos los documentos necesarios.<\/li>\n\n\n\n<li><strong>Presentaci\u00f3n de la solicitud<\/strong>: Gestionamos la presentaci\u00f3n de tu solicitud ante las autoridades competentes.<\/li>\n\n\n\n<li><strong>Acompa\u00f1amiento<\/strong>: Te acompa\u00f1amos durante todo el proceso, brind\u00e1ndote apoyo y asesor\u00eda en cada etapa.<\/li>\n\n\n\n<li><strong>Seguimiento<\/strong>: Mantenemos un seguimiento constante del proceso hasta la obtenci\u00f3n de la nacionalidad, asegur\u00e1ndonos de que est\u00e9s siempre informado sobre el estado de tu solicitud.<\/li>\n<\/ul>\n\n\n\n\n\n<p>Espa\u00f1a es un destino popular para estudiantes de todo el mundo. Si deseas estudiar en Espa\u00f1a, te ayudamos a obtener el visado de estudiante necesario y te asesoramos sobre los tipos de visados disponibles y sus requisitos espec\u00edficos.<\/p>\n\n\n\n<h4 class=\"gb-headline gb-headline-895d995c gb-headline-text\">Servicios incluidos:<\/h4>\n\n\n\n<ul class=\"wp-block-list\">\n<li><strong>Evaluaci\u00f3n inicial<\/strong>: Determinamos si cumples con los requisitos necesarios para aplicar por el visado de estudiante correspondiente.<\/li>\n\n\n\n<li><strong>Orientaci\u00f3n<\/strong>: Te orientamos sobre los tipos de visados disponibles y cu\u00e1l es el m\u00e1s adecuado para tu situaci\u00f3n.<\/li>\n\n\n\n<li><strong>Preparaci\u00f3n de documentos<\/strong>: Te ayudamos a reunir y preparar toda la documentaci\u00f3n necesaria.<\/li>\n\n\n\n<li><strong>Presentaci\u00f3n de la solicitud<\/strong>: Gestionamos la presentaci\u00f3n de tu solicitud ante las autoridades competentes.<\/li>\n\n\n\n<li><strong>Acompa\u00f1amiento<\/strong>: Te acompa\u00f1amos durante todo el proceso, brind\u00e1ndote apoyo y asesor\u00eda en cada etapa.<\/li>\n\n\n\n<li><strong>Seguimiento<\/strong>: Una vez presentados los procedimientos correspondientes, hacemos un seguimiento exhaustivo del proceso hasta la obtenci\u00f3n de la tarjeta de identificaci\u00f3n. Adem\u00e1s, proporcionamos recordatorios y seguimiento para las renovaciones necesarias.<\/li>\n<\/ul>\n\n\n\n\n\n<p><strong>Descripci\u00f3n General<\/strong>: La Reagrupaci\u00f3n Comunitaria es un proceso que permite a los familiares de ciudadanos de la Uni\u00f3n Europea o del Espacio Econ\u00f3mico Europeo residir legalmente en Espa\u00f1a. En Ven Emigra, entendemos que la reunificaci\u00f3n familiar es un paso importante y emocional, y nos dedicamos a facilitar este proceso en cada una de sus etapas.<\/p>\n\n\n\n<h4 class=\"gb-headline gb-headline-14d34995 gb-headline-text\">Servicios incluidos:<\/h4>\n\n\n\n<ul class=\"wp-block-list\">\n<li><strong>Evaluaci\u00f3n inicial<\/strong>: Determinamos si cumples con los requisitos necesarios para aplicar por la reagrupaci\u00f3n comunitaria a trav\u00e9s de distintos medios, como el parentesco con un ciudadano comunitario.<\/li>\n\n\n\n<li><strong>Tipos de Reagrupaci\u00f3n<\/strong>: Ofrecemos asistencia para varios tipos de reagrupaci\u00f3n, incluyendo c\u00f3nyuges, parejas registradas, hijos menores de edad o dependientes, y otros familiares que dependan econ\u00f3micamente del ciudadano comunitario.<\/li>\n\n\n\n<li><strong>Preparaci\u00f3n de documentos<\/strong>: Te ayudamos a reunir y preparar toda la documentaci\u00f3n necesaria, asegurando que cumpla con los est\u00e1ndares requeridos por las autoridades.<\/li>\n\n\n\n<li><strong>Presentaci\u00f3n de la solicitud<\/strong>: Gestionamos la presentaci\u00f3n de tu solicitud ante las autoridades competentes, brind\u00e1ndote orientaci\u00f3n sobre cada paso del proceso.<\/li>\n\n\n\n<li><strong>Acompa\u00f1amiento<\/strong>: Te acompa\u00f1amos durante todo el proceso, asegurando que est\u00e9s bien informado y apoyado en cada etapa.<\/li>\n\n\n\n<li><strong>Seguimiento<\/strong>: Hacemos un seguimiento exhaustivo del proceso hasta la obtenci\u00f3n de la tarjeta de residencia. Proporcionamos recordatorios y seguimiento para las renovaciones o modificaciones necesarias, asegurando que tu familia permanezca unida y legalmente establecida en Espa\u00f1a.<\/li>\n<\/ul>\n\n\n<\/div><\/div>\n\n<div class=\"gb-grid-column gb-grid-column-a973f62c\"><div class=\"gb-container gb-container-a973f62c\">\n\n<figure class=\"gb-block-image gb-block-image-3f24f83e\"><img decoding=\"async\" width=\"1080\" height=\"1080\" class=\"gb-image gb-image-3f24f83e\" src=\"https:\/\/venemigra.com\/wp-content\/uploads\/2024\/07\/servicios-ven-emigra-nacionalidad-spain.jpg\" alt=\"Nacionalidad\" title=\"servicios-ven-emigra-nacionalidad-spain\" srcset=\"https:\/\/venemigra.com\/wp-content\/uploads\/2024\/07\/servicios-ven-emigra-nacionalidad-spain.jpg 1080w, https:\/\/venemigra.com\/wp-content\/uploads\/2024\/07\/servicios-ven-emigra-nacionalidad-spain-300x300.jpg 300w, https:\/\/venemigra.com\/wp-content\/uploads\/2024\/07\/servicios-ven-emigra-nacionalidad-spain-1024x1024.jpg 1024w, https:\/\/venemigra.com\/wp-content\/uploads\/2024\/07\/servicios-ven-emigra-nacionalidad-spain-150x150.jpg 150w, https:\/\/venemigra.com\/wp-content\/uploads\/2024\/07\/servicios-ven-emigra-nacionalidad-spain-768x768.jpg 768w\" sizes=\"(max-width: 1080px) 100vw, 1080px\" \/><\/figure>\n\n<\/div><\/div>\n<\/div>\n<\/div>\n<\/div>\n\n<div class=\"gb-container gb-container-cc2bb84e alignfull\">\n<div class=\"gb-container gb-container-e4fb6b1c\">\n\n<h3 class=\"gb-headline gb-headline-ea1d70ed gb-headline-text\">\u00danete a las personas que han confiando en nosotros el \u00e9xito de su proceso legal y migratorio.<\/h3>\n\n\n<div class=\"gb-container gb-container-6f1206f1\">\n<div class=\"gb-grid-wrapper gb-grid-wrapper-74db93fd\">\n<div class=\"gb-grid-column gb-grid-column-8db96387\"><div class=\"gb-container gb-container-8db96387\">\n\n<h4 class=\"gb-headline gb-headline-5d50a2c7 gb-headline-text\">En Ven Emigra estamos comprometidos en ayudarte a vivir, trabajar o estudiar en Espa\u00f1a legalmente.<\/h4>\n\n<\/div><\/div>\n\n<div class=\"gb-grid-column gb-grid-column-f7060bb3\"><div class=\"gb-container gb-container-f7060bb3\">\n\n<a class=\"gb-button gb-button-74de607c gb-button-text\" href=\"https:\/\/venemigra.com\/solicitar-asesoria\/\">SOLICITAR ASESOR\u00cdA<\/a>\n\n<\/div><\/div>\n<\/div>\n<\/div>\n<\/div>\n<\/div>","protected":false},"excerpt":{"rendered":"<p>Servicios. \u00danete a las personas que han confiando en nosotros el \u00e9xito de su proceso legal y migratorio.<\/p>\n","protected":false},"author":1,"featured_media":0,"parent":0,"menu_order":0,"comment_status":"closed","ping_status":"closed","template":"","meta":{"content-type":"","_monsterinsights_skip_tracking":false,"_monsterinsights_sitenote_active":false,"_monsterinsights_sitenote_note":"","_monsterinsights_sitenote_category":0,"site-sidebar-layout":"default","site-content-layout":"","ast-site-content-layout":"default","site-content-style":"default","site-sidebar-style":"default","ast-global-header-display":"","ast-banner-title-visibility":"","ast-main-header-display":"","ast-hfb-above-header-display":"","ast-hfb-below-header-display":"","ast-hfb-mobile-header-display":"","site-post-title":"","ast-breadcrumbs-content":"","ast-featured-img":"","footer-sml-layout":"","ast-disable-related-posts":"","theme-transparent-header-meta":"","adv-header-id-meta":"","stick-header-meta":"","header-above-stick-meta":"","header-main-stick-meta":"","header-below-stick-meta":"","astra-migrate-meta-layouts":"default","ast-page-background-enabled":"default","ast-page-background-meta":{"desktop":{"background-color":"","background-image":"","background-repeat":"repeat","background-position":"center center","background-size":"auto","background-attachment":"scroll","background-type":"","background-media":"","overlay-type":"","overlay-color":"","overlay-opacity":"","overlay-gradient":""},"tablet":{"background-color":"","background-image":"","background-repeat":"repeat","background-position":"center center","background-size":"auto","background-attachment":"scroll","background-type":"","background-media":"","overlay-type":"","overlay-color":"","overlay-opacity":"","overlay-gradient":""},"mobile":{"background-color":"","background-image":"","background-repeat":"repeat","background-position":"center center","background-size":"auto","background-attachment":"scroll","background-type":"","background-media":"","overlay-type":"","overlay-color":"","overlay-opacity":"","overlay-gradient":""}},"ast-content-background-meta":{"desktop":{"background-color":"var(--ast-global-color-5)","background-image":"","background-repeat":"repeat","background-position":"center center","background-size":"auto","background-attachment":"scroll","background-type":"","background-media":"","overlay-type":"","overlay-color":"","overlay-opacity":"","overlay-gradient":""},"tablet":{"background-color":"var(--ast-global-color-5)","background-image":"","background-repeat":"repeat","background-position":"center center","background-size":"auto","background-attachment":"scroll","background-type":"","background-media":"","overlay-type":"","overlay-color":"","overlay-opacity":"","overlay-gradient":""},"mobile":{"background-color":"var(--ast-global-color-5)","background-image":"","background-repeat":"repeat","background-position":"center center","background-size":"auto","background-attachment":"scroll","background-type":"","background-media":"","overlay-type":"","overlay-color":"","overlay-opacity":"","overlay-gradient":""}},"footnotes":""},"class_list":["post-8","page","type-page","status-publish","hentry"],"yoast_head":"<!-- This site is optimized with the Yoast SEO plugin v27.3 - https:\/\/yoast.com\/product\/yoast-seo-wordpress\/ -->\n<title>Servicios - Ven Emigra - Soluciones Migratorias<\/title>\n<meta name=\"description\" content=\"En Ven Emigra ofrecemos un servicios integrales para ayudarte en el proceso migratorio legal a Espa\u00f1a. Solicita una asesor\u00eda hoy mismo.\" \/>\n<meta name=\"robots\" content=\"index, follow, max-snippet:-1, max-image-preview:large, max-video-preview:-1\" \/>\n<link rel=\"canonical\" href=\"https:\/\/venemigra.com\/es\/servicios-2\/\" \/>\n<meta property=\"og:locale\" content=\"es_ES\" \/>\n<meta property=\"og:type\" content=\"article\" \/>\n<meta property=\"og:title\" content=\"Servicios - Ven Emigra - Soluciones Migratorias\" \/>\n<meta property=\"og:description\" content=\"En Ven Emigra ofrecemos un servicios integrales para ayudarte en el proceso migratorio legal a Espa\u00f1a. Solicita una asesor\u00eda hoy mismo.\" \/>\n<meta property=\"og:url\" content=\"https:\/\/venemigra.com\/es\/servicios-2\/\" \/>\n<meta property=\"og:site_name\" content=\"Ven Emigra\" \/>\n<meta property=\"article:publisher\" content=\"https:\/\/www.facebook.com\/profile.php?id=61559877787902\" \/>\n<meta property=\"article:modified_time\" content=\"2026-02-11T19:01:15+00:00\" \/>\n<meta property=\"og:image\" content=\"https:\/\/venemigra.com\/wp-content\/uploads\/2024\/07\/servicios-ven-emigra-madrid.jpg\" \/>\n<meta name=\"twitter:card\" content=\"summary_large_image\" \/>\n<meta name=\"twitter:site\" content=\"@ven_emigra\" \/>\n<meta name=\"twitter:label1\" content=\"Tiempo de lectura\" \/>\n\t<meta name=\"twitter:data1\" content=\"5 minutos\" \/>\n<script type=\"application\/ld+json\" class=\"yoast-schema-graph\">{\"@context\":\"https:\\\/\\\/schema.org\",\"@graph\":[{\"@type\":\"WebPage\",\"@id\":\"https:\\\/\\\/venemigra.com\\\/servicios-2\\\/\",\"url\":\"https:\\\/\\\/venemigra.com\\\/servicios-2\\\/\",\"name\":\"Servicios - Ven Emigra - Soluciones Migratorias\",\"isPartOf\":{\"@id\":\"https:\\\/\\\/venemigra.com\\\/#website\"},\"primaryImageOfPage\":{\"@id\":\"https:\\\/\\\/venemigra.com\\\/servicios-2\\\/#primaryimage\"},\"image\":{\"@id\":\"https:\\\/\\\/venemigra.com\\\/servicios-2\\\/#primaryimage\"},\"thumbnailUrl\":\"https:\\\/\\\/venemigra.com\\\/wp-content\\\/uploads\\\/2024\\\/07\\\/servicios-ven-emigra-madrid.jpg\",\"datePublished\":\"2024-07-24T16:23:10+00:00\",\"dateModified\":\"2026-02-11T19:01:15+00:00\",\"description\":\"En Ven Emigra ofrecemos un servicios integrales para ayudarte en el proceso migratorio legal a Espa\u00f1a. Solicita una asesor\u00eda hoy mismo.\",\"breadcrumb\":{\"@id\":\"https:\\\/\\\/venemigra.com\\\/servicios-2\\\/#breadcrumb\"},\"inLanguage\":\"es\",\"potentialAction\":[{\"@type\":\"ReadAction\",\"target\":[\"https:\\\/\\\/venemigra.com\\\/servicios-2\\\/\"]}]},{\"@type\":\"ImageObject\",\"inLanguage\":\"es\",\"@id\":\"https:\\\/\\\/venemigra.com\\\/servicios-2\\\/#primaryimage\",\"url\":\"https:\\\/\\\/venemigra.com\\\/wp-content\\\/uploads\\\/2024\\\/07\\\/servicios-ven-emigra-madrid.jpg\",\"contentUrl\":\"https:\\\/\\\/venemigra.com\\\/wp-content\\\/uploads\\\/2024\\\/07\\\/servicios-ven-emigra-madrid.jpg\"},{\"@type\":\"BreadcrumbList\",\"@id\":\"https:\\\/\\\/venemigra.com\\\/servicios-2\\\/#breadcrumb\",\"itemListElement\":[{\"@type\":\"ListItem\",\"position\":1,\"name\":\"Portada\",\"item\":\"https:\\\/\\\/venemigra.com\\\/es\\\/\"},{\"@type\":\"ListItem\",\"position\":2,\"name\":\"Servicios\"}]},{\"@type\":\"WebSite\",\"@id\":\"https:\\\/\\\/venemigra.com\\\/#website\",\"url\":\"https:\\\/\\\/venemigra.com\\\/\",\"name\":\"VEN EMIGRA\",\"description\":\"\",\"publisher\":{\"@id\":\"https:\\\/\\\/venemigra.com\\\/#organization\"},\"potentialAction\":[{\"@type\":\"SearchAction\",\"target\":{\"@type\":\"EntryPoint\",\"urlTemplate\":\"https:\\\/\\\/venemigra.com\\\/?s={search_term_string}\"},\"query-input\":{\"@type\":\"PropertyValueSpecification\",\"valueRequired\":true,\"valueName\":\"search_term_string\"}}],\"inLanguage\":\"es\"},{\"@type\":\"Organization\",\"@id\":\"https:\\\/\\\/venemigra.com\\\/#organization\",\"name\":\"VEN EMIGRA\",\"url\":\"https:\\\/\\\/venemigra.com\\\/\",\"logo\":{\"@type\":\"ImageObject\",\"inLanguage\":\"es\",\"@id\":\"https:\\\/\\\/venemigra.com\\\/#\\\/schema\\\/logo\\\/image\\\/\",\"url\":\"https:\\\/\\\/venemigra.com\\\/wp-content\\\/uploads\\\/2026\\\/02\\\/cropped-cropped-cropped-Post-de-Instagram-Empresa-Corporativo-Servicios-Ilustrado-Azul-y-Blanco-1-1-1.webp\",\"contentUrl\":\"https:\\\/\\\/venemigra.com\\\/wp-content\\\/uploads\\\/2026\\\/02\\\/cropped-cropped-cropped-Post-de-Instagram-Empresa-Corporativo-Servicios-Ilustrado-Azul-y-Blanco-1-1-1.webp\",\"width\":706,\"height\":189,\"caption\":\"VEN EMIGRA\"},\"image\":{\"@id\":\"https:\\\/\\\/venemigra.com\\\/#\\\/schema\\\/logo\\\/image\\\/\"},\"sameAs\":[\"https:\\\/\\\/www.facebook.com\\\/profile.php?id=61559877787902\",\"https:\\\/\\\/x.com\\\/ven_emigra\",\"https:\\\/\\\/www.instagram.com\\\/ven_emigra\\\/\",\"https:\\\/\\\/www.youtube.com\\\/@Ven.Emigra\"]}]}<\/script>\n<!-- \/ Yoast SEO plugin. -->","yoast_head_json":{"title":"Servicios - Ven Emigra - Soluciones Migratorias","description":"En Ven Emigra ofrecemos un servicios integrales para ayudarte en el proceso migratorio legal a Espa\u00f1a. Solicita una asesor\u00eda hoy mismo.","robots":{"index":"index","follow":"follow","max-snippet":"max-snippet:-1","max-image-preview":"max-image-preview:large","max-video-preview":"max-video-preview:-1"},"canonical":"https:\/\/venemigra.com\/es\/servicios-2\/","og_locale":"es_ES","og_type":"article","og_title":"Servicios - Ven Emigra - Soluciones Migratorias","og_description":"En Ven Emigra ofrecemos un servicios integrales para ayudarte en el proceso migratorio legal a Espa\u00f1a. Solicita una asesor\u00eda hoy mismo.","og_url":"https:\/\/venemigra.com\/es\/servicios-2\/","og_site_name":"Ven Emigra","article_publisher":"https:\/\/www.facebook.com\/profile.php?id=61559877787902","article_modified_time":"2026-02-11T19:01:15+00:00","og_image":[{"url":"https:\/\/venemigra.com\/wp-content\/uploads\/2024\/07\/servicios-ven-emigra-madrid.jpg","type":"","width":"","height":""}],"twitter_card":"summary_large_image","twitter_site":"@ven_emigra","twitter_misc":{"Tiempo de lectura":"5 minutos"},"schema":{"@context":"https:\/\/schema.org","@graph":[{"@type":"WebPage","@id":"https:\/\/venemigra.com\/servicios-2\/","url":"https:\/\/venemigra.com\/servicios-2\/","name":"Servicios - Ven Emigra - Soluciones Migratorias","isPartOf":{"@id":"https:\/\/venemigra.com\/#website"},"primaryImageOfPage":{"@id":"https:\/\/venemigra.com\/servicios-2\/#primaryimage"},"image":{"@id":"https:\/\/venemigra.com\/servicios-2\/#primaryimage"},"thumbnailUrl":"https:\/\/venemigra.com\/wp-content\/uploads\/2024\/07\/servicios-ven-emigra-madrid.jpg","datePublished":"2024-07-24T16:23:10+00:00","dateModified":"2026-02-11T19:01:15+00:00","description":"En Ven Emigra ofrecemos un servicios integrales para ayudarte en el proceso migratorio legal a Espa\u00f1a. Solicita una asesor\u00eda hoy mismo.","breadcrumb":{"@id":"https:\/\/venemigra.com\/servicios-2\/#breadcrumb"},"inLanguage":"es","potentialAction":[{"@type":"ReadAction","target":["https:\/\/venemigra.com\/servicios-2\/"]}]},{"@type":"ImageObject","inLanguage":"es","@id":"https:\/\/venemigra.com\/servicios-2\/#primaryimage","url":"https:\/\/venemigra.com\/wp-content\/uploads\/2024\/07\/servicios-ven-emigra-madrid.jpg","contentUrl":"https:\/\/venemigra.com\/wp-content\/uploads\/2024\/07\/servicios-ven-emigra-madrid.jpg"},{"@type":"BreadcrumbList","@id":"https:\/\/venemigra.com\/servicios-2\/#breadcrumb","itemListElement":[{"@type":"ListItem","position":1,"name":"Portada","item":"https:\/\/venemigra.com\/es\/"},{"@type":"ListItem","position":2,"name":"Servicios"}]},{"@type":"WebSite","@id":"https:\/\/venemigra.com\/#website","url":"https:\/\/venemigra.com\/","name":"VEN EMIGRA","description":"","publisher":{"@id":"https:\/\/venemigra.com\/#organization"},"potentialAction":[{"@type":"SearchAction","target":{"@type":"EntryPoint","urlTemplate":"https:\/\/venemigra.com\/?s={search_term_string}"},"query-input":{"@type":"PropertyValueSpecification","valueRequired":true,"valueName":"search_term_string"}}],"inLanguage":"es"},{"@type":"Organization","@id":"https:\/\/venemigra.com\/#organization","name":"VEN EMIGRA","url":"https:\/\/venemigra.com\/","logo":{"@type":"ImageObject","inLanguage":"es","@id":"https:\/\/venemigra.com\/#\/schema\/logo\/image\/","url":"https:\/\/venemigra.com\/wp-content\/uploads\/2026\/02\/cropped-cropped-cropped-Post-de-Instagram-Empresa-Corporativo-Servicios-Ilustrado-Azul-y-Blanco-1-1-1.webp","contentUrl":"https:\/\/venemigra.com\/wp-content\/uploads\/2026\/02\/cropped-cropped-cropped-Post-de-Instagram-Empresa-Corporativo-Servicios-Ilustrado-Azul-y-Blanco-1-1-1.webp","width":706,"height":189,"caption":"VEN EMIGRA"},"image":{"@id":"https:\/\/venemigra.com\/#\/schema\/logo\/image\/"},"sameAs":["https:\/\/www.facebook.com\/profile.php?id=61559877787902","https:\/\/x.com\/ven_emigra","https:\/\/www.instagram.com\/ven_emigra\/","https:\/\/www.youtube.com\/@Ven.Emigra"]}]}},"_links":{"self":[{"href":"https:\/\/venemigra.com\/es\/wp-json\/wp\/v2\/pages\/8","targetHints":{"allow":["GET"]}}],"collection":[{"href":"https:\/\/venemigra.com\/es\/wp-json\/wp\/v2\/pages"}],"about":[{"href":"https:\/\/venemigra.com\/es\/wp-json\/wp\/v2\/types\/page"}],"author":[{"embeddable":true,"href":"https:\/\/venemigra.com\/es\/wp-json\/wp\/v2\/users\/1"}],"replies":[{"embeddable":true,"href":"https:\/\/venemigra.com\/es\/wp-json\/wp\/v2\/comments?post=8"}],"version-history":[{"count":23,"href":"https:\/\/venemigra.com\/es\/wp-json\/wp\/v2\/pages\/8\/revisions"}],"predecessor-version":[{"id":330,"href":"https:\/\/venemigra.com\/es\/wp-json\/wp\/v2\/pages\/8\/revisions\/330"}],"wp:attachment":[{"href":"https:\/\/venemigra.com\/es\/wp-json\/wp\/v2\/media?parent=8"}],"curies":[{"name":"wp","href":"https:\/\/api.w.org\/{rel}","templated":true}]}}