{"id":6,"date":"2024-07-24T16:22:11","date_gmt":"2024-07-24T16:22:11","guid":{"rendered":"https:\/\/venemigra.com\/?page_id=6"},"modified":"2026-02-11T20:03:20","modified_gmt":"2026-02-11T19:03:20","slug":"quienes-somos-2","status":"publish","type":"page","link":"https:\/\/venemigra.com\/es\/quienes-somos-2\/","title":{"rendered":"Qui\u00e9nes somos"},"content":{"rendered":"<div class=\"gb-container gb-container-5b6a35dc alignfull\">\n<div class=\"gb-container gb-container-6bef74d3\">\n\n<h2 class=\"wp-block-heading has-text-align-center has-base-3-color has-text-color has-link-color wp-elements-1fa53f7ac7205652046627c047644974\">Qui\u00e9nes somos.<\/h2>\n\n<\/div>\n<\/div>\n\n<div class=\"gb-container gb-container-b05b8e3a alignfull\">\n<div class=\"gb-container gb-container-7a59ed38\">\n<div class=\"gb-grid-wrapper gb-grid-wrapper-9d1a4b94\">\n<div class=\"gb-grid-column gb-grid-column-6bcd29a8\"><div class=\"gb-container gb-container-6bcd29a8\">\n\n<figure class=\"gb-block-image gb-block-image-9a189858\"><img fetchpriority=\"high\" decoding=\"async\" width=\"1000\" height=\"237\" class=\"gb-image gb-image-9a189858\" src=\"https:\/\/venemigra.com\/wp-content\/uploads\/2025\/09\/Logo_Venfort_Horizontal_Blanco.png\" alt=\"Logo Venfort 2025\" title=\"Logo_Venfort_Horizontal_Blanco\" srcset=\"https:\/\/venemigra.com\/wp-content\/uploads\/2025\/09\/Logo_Venfort_Horizontal_Blanco.png 1000w, https:\/\/venemigra.com\/wp-content\/uploads\/2025\/09\/Logo_Venfort_Horizontal_Blanco-300x71.png 300w, https:\/\/venemigra.com\/wp-content\/uploads\/2025\/09\/Logo_Venfort_Horizontal_Blanco-768x182.png 768w, https:\/\/venemigra.com\/wp-content\/uploads\/2025\/09\/Logo_Venfort_Horizontal_Blanco-18x4.png 18w\" sizes=\"(max-width: 1000px) 100vw, 1000px\" \/><\/figure>\n\n<\/div><\/div>\n\n<div class=\"gb-grid-column gb-grid-column-b607ae4b\"><div class=\"gb-container gb-container-b607ae4b\">\n\n<h2 class=\"gb-headline gb-headline-9605e948 gb-headline-text\">Ven Emigra es una creaci\u00f3n de Venfort Abogados,<\/h2>\n\n\n\n<p>Una firma especializada en derecho penal econ\u00f3mico, penal internacional y corporativo. Nos dedicamos a ayudar en casos complejos, incluyendo la eliminaci\u00f3n de notificaciones rojas en INTERPOL.<\/p>\n\n\n\n<p><strong>Desde nuestra fundaci\u00f3n en Caracas, Venezuela, hasta nuestra expansi\u00f3n en Madrid, Espa\u00f1a<\/strong>, ofrecemos asesoramiento legal y fiscal en transacciones corporativas internacionales para alcanzar tus objetivos comerciales.<\/p>\n\n\n\n<p><strong><a href=\"https:\/\/venfort.com\/es\/\" rel=\"nofollow noopener\" target=\"_blank\">Venfort Abogados<\/a> es representante exclusivo en Venezuela y Espa\u00f1a<\/strong> de reconocidas firmas en Angola, Dubai, Mozambique, Reino Unido, Panam\u00e1, Portugal, Andorra, EE. UU., Colombia, Rep\u00fablica Dominicana, B\u00e9lgica y Singapur.<\/p>\n\n<\/div><\/div>\n<\/div>\n<\/div>\n<\/div>\n\n<div class=\"gb-container gb-container-7ea72f2a alignfull\">\n<div class=\"gb-container gb-container-bcacd5ee\">\n\n<h2 class=\"wp-block-heading has-text-align-center has-base-3-color has-text-color has-link-color wp-elements-ca639865a1668600fabf167fc5cdd8df\">Esto nos permite ofrecer a nuestros clientes la asesor\u00eda integral que necesitan para estar tranquilos en Espa\u00f1a.<\/h2>\n\n<\/div>\n<\/div>\n\n<div class=\"gb-container gb-container-cc2bb84e alignfull\">\n<div class=\"gb-container gb-container-e4fb6b1c\">\n\n<h3 class=\"gb-headline gb-headline-ea1d70ed gb-headline-text\">\u00danete a las personas que han confiando en nosotros el \u00e9xito de su proceso legal y migratorio.<\/h3>\n\n\n<div class=\"gb-container gb-container-6f1206f1\">\n<div class=\"gb-grid-wrapper gb-grid-wrapper-74db93fd\">\n<div class=\"gb-grid-column gb-grid-column-8db96387\"><div class=\"gb-container gb-container-8db96387\">\n\n<h4 class=\"gb-headline gb-headline-5d50a2c7 gb-headline-text\">En Ven Emigra estamos comprometidos en ayudarte a vivir, trabajar o estudiar en Espa\u00f1a legalmente.<\/h4>\n\n<\/div><\/div>\n\n<div class=\"gb-grid-column gb-grid-column-f7060bb3\"><div class=\"gb-container gb-container-f7060bb3\">\n\n<a class=\"gb-button gb-button-74de607c gb-button-text\" href=\"https:\/\/venemigra.com\/solicitar-asesoria\/\">SOLICITAR ASESOR\u00cdA<\/a>\n\n<\/div><\/div>\n<\/div>\n<\/div>\n<\/div>\n<\/div>","protected":false},"excerpt":{"rendered":"<p>Qui\u00e9nes somos. Esto nos permite ofrecer a nuestros clientes la asesor\u00eda integral que necesitan para estar tranquilos en Espa\u00f1a. \u00danete a las personas que han confiando en nosotros el \u00e9xito de su proceso legal y migratorio.<\/p>\n","protected":false},"author":1,"featured_media":0,"parent":0,"menu_order":0,"comment_status":"closed","ping_status":"closed","template":"","meta":{"content-type":"","_monsterinsights_skip_tracking":false,"_monsterinsights_sitenote_active":false,"_monsterinsights_sitenote_note":"","_monsterinsights_sitenote_category":0,"site-sidebar-layout":"default","site-content-layout":"","ast-site-content-layout":"default","site-content-style":"default","site-sidebar-style":"default","ast-global-header-display":"","ast-banner-title-visibility":"","ast-main-header-display":"","ast-hfb-above-header-display":"","ast-hfb-below-header-display":"","ast-hfb-mobile-header-display":"","site-post-title":"","ast-breadcrumbs-content":"","ast-featured-img":"","footer-sml-layout":"","ast-disable-related-posts":"","theme-transparent-header-meta":"","adv-header-id-meta":"","stick-header-meta":"","header-above-stick-meta":"","header-main-stick-meta":"","header-below-stick-meta":"","astra-migrate-meta-layouts":"default","ast-page-background-enabled":"default","ast-page-background-meta":{"desktop":{"background-color":"","background-image":"","background-repeat":"repeat","background-position":"center center","background-size":"auto","background-attachment":"scroll","background-type":"","background-media":"","overlay-type":"","overlay-color":"","overlay-opacity":"","overlay-gradient":""},"tablet":{"background-color":"","background-image":"","background-repeat":"repeat","background-position":"center center","background-size":"auto","background-attachment":"scroll","background-type":"","background-media":"","overlay-type":"","overlay-color":"","overlay-opacity":"","overlay-gradient":""},"mobile":{"background-color":"","background-image":"","background-repeat":"repeat","background-position":"center center","background-size":"auto","background-attachment":"scroll","background-type":"","background-media":"","overlay-type":"","overlay-color":"","overlay-opacity":"","overlay-gradient":""}},"ast-content-background-meta":{"desktop":{"background-color":"var(--ast-global-color-5)","background-image":"","background-repeat":"repeat","background-position":"center center","background-size":"auto","background-attachment":"scroll","background-type":"","background-media":"","overlay-type":"","overlay-color":"","overlay-opacity":"","overlay-gradient":""},"tablet":{"background-color":"var(--ast-global-color-5)","background-image":"","background-repeat":"repeat","background-position":"center center","background-size":"auto","background-attachment":"scroll","background-type":"","background-media":"","overlay-type":"","overlay-color":"","overlay-opacity":"","overlay-gradient":""},"mobile":{"background-color":"var(--ast-global-color-5)","background-image":"","background-repeat":"repeat","background-position":"center center","background-size":"auto","background-attachment":"scroll","background-type":"","background-media":"","overlay-type":"","overlay-color":"","overlay-opacity":"","overlay-gradient":""}},"footnotes":""},"class_list":["post-6","page","type-page","status-publish","hentry"],"yoast_head":"<!-- This site is optimized with the Yoast SEO plugin v27.3 - https:\/\/yoast.com\/product\/yoast-seo-wordpress\/ -->\n<title>Qui\u00e9nes somos - Ven Emigra<\/title>\n<meta name=\"description\" content=\"En la secci\u00f3n qui\u00e9nes somos de nuestra web podr\u00e1s descubrir la trayectoria de Ven Emigra, un servicio creado por Venfort Abogados.\" \/>\n<meta name=\"robots\" content=\"index, follow, max-snippet:-1, max-image-preview:large, max-video-preview:-1\" \/>\n<link rel=\"canonical\" href=\"https:\/\/venemigra.com\/es\/quienes-somos-2\/\" \/>\n<meta property=\"og:locale\" content=\"es_ES\" \/>\n<meta property=\"og:type\" content=\"article\" \/>\n<meta property=\"og:title\" content=\"Qui\u00e9nes somos - Ven Emigra\" \/>\n<meta property=\"og:description\" content=\"En la secci\u00f3n qui\u00e9nes somos de nuestra web podr\u00e1s descubrir la trayectoria de Ven Emigra, un servicio creado por Venfort Abogados.\" \/>\n<meta property=\"og:url\" content=\"https:\/\/venemigra.com\/es\/quienes-somos-2\/\" \/>\n<meta property=\"og:site_name\" content=\"Ven Emigra\" \/>\n<meta property=\"article:publisher\" content=\"https:\/\/www.facebook.com\/profile.php?id=61559877787902\" \/>\n<meta property=\"article:modified_time\" content=\"2026-02-11T19:03:20+00:00\" \/>\n<meta property=\"og:image\" content=\"https:\/\/venemigra.com\/wp-content\/uploads\/2025\/09\/Logo_Venfort_Horizontal_Blanco.png\" \/>\n<meta name=\"twitter:card\" content=\"summary_large_image\" \/>\n<meta name=\"twitter:site\" content=\"@ven_emigra\" \/>\n<meta name=\"twitter:label1\" content=\"Tiempo de lectura\" \/>\n\t<meta name=\"twitter:data1\" content=\"1 minuto\" \/>\n<script type=\"application\/ld+json\" class=\"yoast-schema-graph\">{\"@context\":\"https:\\\/\\\/schema.org\",\"@graph\":[{\"@type\":\"WebPage\",\"@id\":\"https:\\\/\\\/venemigra.com\\\/quienes-somos-2\\\/\",\"url\":\"https:\\\/\\\/venemigra.com\\\/quienes-somos-2\\\/\",\"name\":\"Qui\u00e9nes somos - Ven Emigra\",\"isPartOf\":{\"@id\":\"https:\\\/\\\/venemigra.com\\\/#website\"},\"primaryImageOfPage\":{\"@id\":\"https:\\\/\\\/venemigra.com\\\/quienes-somos-2\\\/#primaryimage\"},\"image\":{\"@id\":\"https:\\\/\\\/venemigra.com\\\/quienes-somos-2\\\/#primaryimage\"},\"thumbnailUrl\":\"https:\\\/\\\/venemigra.com\\\/wp-content\\\/uploads\\\/2025\\\/09\\\/Logo_Venfort_Horizontal_Blanco.png\",\"datePublished\":\"2024-07-24T16:22:11+00:00\",\"dateModified\":\"2026-02-11T19:03:20+00:00\",\"description\":\"En la secci\u00f3n qui\u00e9nes somos de nuestra web podr\u00e1s descubrir la trayectoria de Ven Emigra, un servicio creado por Venfort Abogados.\",\"breadcrumb\":{\"@id\":\"https:\\\/\\\/venemigra.com\\\/quienes-somos-2\\\/#breadcrumb\"},\"inLanguage\":\"es\",\"potentialAction\":[{\"@type\":\"ReadAction\",\"target\":[\"https:\\\/\\\/venemigra.com\\\/quienes-somos-2\\\/\"]}]},{\"@type\":\"ImageObject\",\"inLanguage\":\"es\",\"@id\":\"https:\\\/\\\/venemigra.com\\\/quienes-somos-2\\\/#primaryimage\",\"url\":\"https:\\\/\\\/venemigra.com\\\/wp-content\\\/uploads\\\/2025\\\/09\\\/Logo_Venfort_Horizontal_Blanco.png\",\"contentUrl\":\"https:\\\/\\\/venemigra.com\\\/wp-content\\\/uploads\\\/2025\\\/09\\\/Logo_Venfort_Horizontal_Blanco.png\"},{\"@type\":\"BreadcrumbList\",\"@id\":\"https:\\\/\\\/venemigra.com\\\/quienes-somos-2\\\/#breadcrumb\",\"itemListElement\":[{\"@type\":\"ListItem\",\"position\":1,\"name\":\"Portada\",\"item\":\"https:\\\/\\\/venemigra.com\\\/es\\\/\"},{\"@type\":\"ListItem\",\"position\":2,\"name\":\"Qui\u00e9nes somos\"}]},{\"@type\":\"WebSite\",\"@id\":\"https:\\\/\\\/venemigra.com\\\/#website\",\"url\":\"https:\\\/\\\/venemigra.com\\\/\",\"name\":\"VEN EMIGRA\",\"description\":\"\",\"publisher\":{\"@id\":\"https:\\\/\\\/venemigra.com\\\/#organization\"},\"potentialAction\":[{\"@type\":\"SearchAction\",\"target\":{\"@type\":\"EntryPoint\",\"urlTemplate\":\"https:\\\/\\\/venemigra.com\\\/?s={search_term_string}\"},\"query-input\":{\"@type\":\"PropertyValueSpecification\",\"valueRequired\":true,\"valueName\":\"search_term_string\"}}],\"inLanguage\":\"es\"},{\"@type\":\"Organization\",\"@id\":\"https:\\\/\\\/venemigra.com\\\/#organization\",\"name\":\"VEN EMIGRA\",\"url\":\"https:\\\/\\\/venemigra.com\\\/\",\"logo\":{\"@type\":\"ImageObject\",\"inLanguage\":\"es\",\"@id\":\"https:\\\/\\\/venemigra.com\\\/#\\\/schema\\\/logo\\\/image\\\/\",\"url\":\"https:\\\/\\\/venemigra.com\\\/wp-content\\\/uploads\\\/2026\\\/02\\\/cropped-cropped-cropped-Post-de-Instagram-Empresa-Corporativo-Servicios-Ilustrado-Azul-y-Blanco-1-1-1.webp\",\"contentUrl\":\"https:\\\/\\\/venemigra.com\\\/wp-content\\\/uploads\\\/2026\\\/02\\\/cropped-cropped-cropped-Post-de-Instagram-Empresa-Corporativo-Servicios-Ilustrado-Azul-y-Blanco-1-1-1.webp\",\"width\":706,\"height\":189,\"caption\":\"VEN EMIGRA\"},\"image\":{\"@id\":\"https:\\\/\\\/venemigra.com\\\/#\\\/schema\\\/logo\\\/image\\\/\"},\"sameAs\":[\"https:\\\/\\\/www.facebook.com\\\/profile.php?id=61559877787902\",\"https:\\\/\\\/x.com\\\/ven_emigra\",\"https:\\\/\\\/www.instagram.com\\\/ven_emigra\\\/\",\"https:\\\/\\\/www.youtube.com\\\/@Ven.Emigra\"]}]}<\/script>\n<!-- \/ Yoast SEO plugin. -->","yoast_head_json":{"title":"Qui\u00e9nes somos - Ven Emigra","description":"En la secci\u00f3n qui\u00e9nes somos de nuestra web podr\u00e1s descubrir la trayectoria de Ven Emigra, un servicio creado por Venfort Abogados.","robots":{"index":"index","follow":"follow","max-snippet":"max-snippet:-1","max-image-preview":"max-image-preview:large","max-video-preview":"max-video-preview:-1"},"canonical":"https:\/\/venemigra.com\/es\/quienes-somos-2\/","og_locale":"es_ES","og_type":"article","og_title":"Qui\u00e9nes somos - Ven Emigra","og_description":"En la secci\u00f3n qui\u00e9nes somos de nuestra web podr\u00e1s descubrir la trayectoria de Ven Emigra, un servicio creado por Venfort Abogados.","og_url":"https:\/\/venemigra.com\/es\/quienes-somos-2\/","og_site_name":"Ven Emigra","article_publisher":"https:\/\/www.facebook.com\/profile.php?id=61559877787902","article_modified_time":"2026-02-11T19:03:20+00:00","og_image":[{"url":"https:\/\/venemigra.com\/wp-content\/uploads\/2025\/09\/Logo_Venfort_Horizontal_Blanco.png","type":"","width":"","height":""}],"twitter_card":"summary_large_image","twitter_site":"@ven_emigra","twitter_misc":{"Tiempo de lectura":"1 minuto"},"schema":{"@context":"https:\/\/schema.org","@graph":[{"@type":"WebPage","@id":"https:\/\/venemigra.com\/quienes-somos-2\/","url":"https:\/\/venemigra.com\/quienes-somos-2\/","name":"Qui\u00e9nes somos - Ven Emigra","isPartOf":{"@id":"https:\/\/venemigra.com\/#website"},"primaryImageOfPage":{"@id":"https:\/\/venemigra.com\/quienes-somos-2\/#primaryimage"},"image":{"@id":"https:\/\/venemigra.com\/quienes-somos-2\/#primaryimage"},"thumbnailUrl":"https:\/\/venemigra.com\/wp-content\/uploads\/2025\/09\/Logo_Venfort_Horizontal_Blanco.png","datePublished":"2024-07-24T16:22:11+00:00","dateModified":"2026-02-11T19:03:20+00:00","description":"En la secci\u00f3n qui\u00e9nes somos de nuestra web podr\u00e1s descubrir la trayectoria de Ven Emigra, un servicio creado por Venfort Abogados.","breadcrumb":{"@id":"https:\/\/venemigra.com\/quienes-somos-2\/#breadcrumb"},"inLanguage":"es","potentialAction":[{"@type":"ReadAction","target":["https:\/\/venemigra.com\/quienes-somos-2\/"]}]},{"@type":"ImageObject","inLanguage":"es","@id":"https:\/\/venemigra.com\/quienes-somos-2\/#primaryimage","url":"https:\/\/venemigra.com\/wp-content\/uploads\/2025\/09\/Logo_Venfort_Horizontal_Blanco.png","contentUrl":"https:\/\/venemigra.com\/wp-content\/uploads\/2025\/09\/Logo_Venfort_Horizontal_Blanco.png"},{"@type":"BreadcrumbList","@id":"https:\/\/venemigra.com\/quienes-somos-2\/#breadcrumb","itemListElement":[{"@type":"ListItem","position":1,"name":"Portada","item":"https:\/\/venemigra.com\/es\/"},{"@type":"ListItem","position":2,"name":"Qui\u00e9nes somos"}]},{"@type":"WebSite","@id":"https:\/\/venemigra.com\/#website","url":"https:\/\/venemigra.com\/","name":"VEN EMIGRA","description":"","publisher":{"@id":"https:\/\/venemigra.com\/#organization"},"potentialAction":[{"@type":"SearchAction","target":{"@type":"EntryPoint","urlTemplate":"https:\/\/venemigra.com\/?s={search_term_string}"},"query-input":{"@type":"PropertyValueSpecification","valueRequired":true,"valueName":"search_term_string"}}],"inLanguage":"es"},{"@type":"Organization","@id":"https:\/\/venemigra.com\/#organization","name":"VEN EMIGRA","url":"https:\/\/venemigra.com\/","logo":{"@type":"ImageObject","inLanguage":"es","@id":"https:\/\/venemigra.com\/#\/schema\/logo\/image\/","url":"https:\/\/venemigra.com\/wp-content\/uploads\/2026\/02\/cropped-cropped-cropped-Post-de-Instagram-Empresa-Corporativo-Servicios-Ilustrado-Azul-y-Blanco-1-1-1.webp","contentUrl":"https:\/\/venemigra.com\/wp-content\/uploads\/2026\/02\/cropped-cropped-cropped-Post-de-Instagram-Empresa-Corporativo-Servicios-Ilustrado-Azul-y-Blanco-1-1-1.webp","width":706,"height":189,"caption":"VEN EMIGRA"},"image":{"@id":"https:\/\/venemigra.com\/#\/schema\/logo\/image\/"},"sameAs":["https:\/\/www.facebook.com\/profile.php?id=61559877787902","https:\/\/x.com\/ven_emigra","https:\/\/www.instagram.com\/ven_emigra\/","https:\/\/www.youtube.com\/@Ven.Emigra"]}]}},"_links":{"self":[{"href":"https:\/\/venemigra.com\/es\/wp-json\/wp\/v2\/pages\/6","targetHints":{"allow":["GET"]}}],"collection":[{"href":"https:\/\/venemigra.com\/es\/wp-json\/wp\/v2\/pages"}],"about":[{"href":"https:\/\/venemigra.com\/es\/wp-json\/wp\/v2\/types\/page"}],"author":[{"embeddable":true,"href":"https:\/\/venemigra.com\/es\/wp-json\/wp\/v2\/users\/1"}],"replies":[{"embeddable":true,"href":"https:\/\/venemigra.com\/es\/wp-json\/wp\/v2\/comments?post=6"}],"version-history":[{"count":8,"href":"https:\/\/venemigra.com\/es\/wp-json\/wp\/v2\/pages\/6\/revisions"}],"predecessor-version":[{"id":492,"href":"https:\/\/venemigra.com\/es\/wp-json\/wp\/v2\/pages\/6\/revisions\/492"}],"wp:attachment":[{"href":"https:\/\/venemigra.com\/es\/wp-json\/wp\/v2\/media?parent=6"}],"curies":[{"name":"wp","href":"https:\/\/api.w.org\/{rel}","templated":true}]}}