{"id":2915,"date":"2026-02-11T22:54:22","date_gmt":"2026-02-11T21:54:22","guid":{"rendered":"https:\/\/venemigra.com\/?page_id=2915"},"modified":"2026-02-17T16:16:25","modified_gmt":"2026-02-17T15:16:25","slug":"aviso-legal","status":"publish","type":"page","link":"https:\/\/venemigra.com\/es\/aviso-legal\/","title":{"rendered":"Aviso Legal"},"content":{"rendered":"\t\t<div data-elementor-type=\"wp-page\" data-elementor-id=\"2915\" class=\"elementor elementor-2915\">\n\t\t\t\t<div class=\"elementor-element elementor-element-d8d5c16 e-flex e-con-boxed e-con e-parent\" data-id=\"d8d5c16\" data-element_type=\"container\" data-e-type=\"container\">\n\t\t\t\t\t<div class=\"e-con-inner\">\n\t\t\t\t<div class=\"elementor-element elementor-element-02f7174 elementor-widget elementor-widget-heading\" data-id=\"02f7174\" data-element_type=\"widget\" data-e-type=\"widget\" data-widget_type=\"heading.default\">\n\t\t\t\t\t<h1 class=\"elementor-heading-title elementor-size-default\">Aviso Legal<\/h1>\t\t\t\t<\/div>\n\t\t\t\t<div class=\"elementor-element elementor-element-d0c389c elementor-widget elementor-widget-text-editor\" data-id=\"d0c389c\" data-element_type=\"widget\" data-e-type=\"widget\" data-widget_type=\"text-editor.default\">\n\t\t\t\t\t\t\t\t\t<p style=\"box-sizing: inherit; font-size: 16px; font-style: normal; font-weight: 400;\">VENFORT Abogados S.L., identificado con el N.I.F B56172588, tel\u00e9fono (+34) 618 93 92 85, con correo electr\u00f3nico contacto@venemigra.com&nbsp;y cuyo domicilio social est\u00e1 ubicado en Paseo La Castellana 93C, 28046, Madrid, Espa\u00f1a es el \u201cResponsable del tratamiento\u201d de sus datos personales recogidos y tratados a trav\u00e9s de este sitio web o en nuestra sede con el fin de proporcionarle un asesoramiento ajustado a sus necesidades.<\/p>\n<p style=\"box-sizing: inherit; font-size: 16px; font-style: normal; font-weight: 400;\">Los t\u00e9rminos \u201cVENFORT\u00bb y \u00abVen Emigra\u201d, que utilizamos en esta pol\u00edtica hacen referencia a VENFORT Abogados S.L.<\/p>\n<p style=\"box-sizing: inherit; font-size: 16px; font-style: normal; font-weight: 400;\">En este sitio web, los usuarios podr\u00e1n acceder a toda la informaci\u00f3n relacionada con los t\u00e9rminos y condiciones legales que rigen las relaciones entre ellos y nuestra entidad como administradores del sitio. Como usuario, es fundamental que comprendas estos t\u00e9rminos antes de continuar navegando por la web.<\/p>\n<p style=\"box-sizing: inherit; font-size: 16px; font-style: normal; font-weight: 400;\">Como responsables de este sitio, en Ven Emigra\/Venfort estamos comprometidos a gestionar la informaci\u00f3n de nuestros usuarios y clientes con total garant\u00eda, cumpliendo con las normativas nacionales y europeas que regulan la recopilaci\u00f3n y el uso de datos personales.<\/p>\n<p style=\"box-sizing: inherit; font-size: 16px; font-style: normal; font-weight: 400;\">Por lo tanto, este sitio web cumple estrictamente con el Reglamento (UE) 2016\/679 del Parlamento Europeo y del Consejo, de 27 de abril de 2016, relativo a la protecci\u00f3n de las personas f\u00edsicas en lo que respecta al tratamiento de datos personales (RGPD). Asimismo, cumplimos con la Ley Org\u00e1nica 3\/2018, de 5 de diciembre, de Protecci\u00f3n de Datos Personales y garant\u00eda de los derechos digitales (LOPDGDD), as\u00ed como con la Ley 34\/2002, de 11 de julio, de Servicios de la Sociedad de la Informaci\u00f3n y Comercio Electr\u00f3nico (LSSICE o LSSI).<\/p>\t\t\t\t\t\t\t\t<\/div>\n\t\t\t\t<div class=\"elementor-element elementor-element-2f6214d elementor-widget elementor-widget-heading\" data-id=\"2f6214d\" data-element_type=\"widget\" data-e-type=\"widget\" data-widget_type=\"heading.default\">\n\t\t\t\t\t<h2 class=\"elementor-heading-title elementor-size-default\">Condiciones generales de Uso<\/h2>\t\t\t\t<\/div>\n\t\t\t\t<div class=\"elementor-element elementor-element-7e3e0bd elementor-widget elementor-widget-text-editor\" data-id=\"7e3e0bd\" data-element_type=\"widget\" data-e-type=\"widget\" data-widget_type=\"text-editor.default\">\n\t\t\t\t\t\t\t\t\t<p>Las presentes Condiciones Generales establecen las normas para el uso, incluyendo el acceso, de las p\u00e1ginas web que forman parte del sitio de Ven Emigra. Esto incluye todos los contenidos y servicios disponibles&nbsp;en el mismo. Cualquier persona que acceda al sitio web www.venemigra.com (en adelante, \u201cusuario\u201d) acepta cumplir con las Condiciones Generales vigentes en el momento de su visita.<\/p>\t\t\t\t\t\t\t\t<\/div>\n\t\t\t\t<div class=\"elementor-element elementor-element-45c7321 elementor-widget elementor-widget-heading\" data-id=\"45c7321\" data-element_type=\"widget\" data-e-type=\"widget\" data-widget_type=\"heading.default\">\n\t\t\t\t\t<h2 class=\"elementor-heading-title elementor-size-default\">Contenido<\/h2>\t\t\t\t<\/div>\n\t\t\t\t\t<\/div>\n\t\t\t\t<\/div>\n\t\t<div class=\"elementor-element elementor-element-693decb e-flex e-con-boxed e-con e-parent\" data-id=\"693decb\" data-element_type=\"container\" data-e-type=\"container\">\n\t\t\t\t\t<div class=\"e-con-inner\">\n\t\t\t\t<div class=\"elementor-element elementor-element-ffbbf31 elementor-widget elementor-widget-text-editor\" data-id=\"ffbbf31\" data-element_type=\"widget\" data-e-type=\"widget\" data-widget_type=\"text-editor.default\">\n\t\t\t\t\t\t\t\t\t<p style=\"box-sizing: inherit; font-size: 16px; font-style: normal; font-weight: 400;\">Este sitio web contiene informaci\u00f3n, contenido multimedia y materiales que han sido recopilados por el titular de fuentes consideradas confiables. No obstante, el titular no garantiza que la informaci\u00f3n sea precisa, completa o actualizada en todo momento. Por ello, no asume responsabilidad alguna por errores u omisiones en la informaci\u00f3n presentada en las p\u00e1ginas de este sitio web.<\/p><p style=\"box-sizing: inherit; font-size: 16px; font-style: normal; font-weight: 400;\">El titular se reserva el derecho de modificar, suspender, cancelar o restringir el contenido del sitio web, incluidos los enlaces o la informaci\u00f3n obtenida a trav\u00e9s del mismo, sin previo aviso. El titular no se responsabiliza de los da\u00f1os o perjuicios que puedan surgir del uso de la informaci\u00f3n proporcionada en este sitio web.<\/p>\t\t\t\t\t\t\t\t<\/div>\n\t\t\t\t\t<\/div>\n\t\t\t\t<\/div>\n\t\t<div class=\"elementor-element elementor-element-01737fc e-flex e-con-boxed e-con e-parent\" data-id=\"01737fc\" data-element_type=\"container\" data-e-type=\"container\">\n\t\t\t\t\t<div class=\"e-con-inner\">\n\t\t\t\t<div class=\"elementor-element elementor-element-9aca8c3 elementor-widget elementor-widget-heading\" data-id=\"9aca8c3\" data-element_type=\"widget\" data-e-type=\"widget\" data-widget_type=\"heading.default\">\n\t\t\t\t\t<h2 class=\"elementor-heading-title elementor-size-default\">Compromisos y Obligaciones de los Usuarios<\/h2>\t\t\t\t<\/div>\n\t\t\t\t\t<\/div>\n\t\t\t\t<\/div>\n\t\t<div class=\"elementor-element elementor-element-5c88c62 e-flex e-con-boxed e-con e-parent\" data-id=\"5c88c62\" data-element_type=\"container\" data-e-type=\"container\">\n\t\t\t\t\t<div class=\"e-con-inner\">\n\t\t\t\t<div class=\"elementor-element elementor-element-d453647 elementor-widget elementor-widget-text-editor\" data-id=\"d453647\" data-element_type=\"widget\" data-e-type=\"widget\" data-widget_type=\"text-editor.default\">\n\t\t\t\t\t\t\t\t\t<p style=\"box-sizing: inherit; font-size: 16px; font-style: normal; font-weight: 400;\">El usuario queda informado y acepta que acceder a este sitio web no implica, en ning\u00fan caso, el inicio de una relaci\u00f3n comercial con VENFORT. En consecuencia, el usuario se compromete a utilizar el sitio web, sus servicios y contenidos de acuerdo con la legislaci\u00f3n vigente, la buena fe y el orden p\u00fablico.<\/p><p style=\"box-sizing: inherit; font-size: 16px; font-style: normal; font-weight: 400;\">Se proh\u00edbe el uso del sitio web y de sus contenidos con fines ilegales, da\u00f1inos, o que de cualquier manera puedan perjudicar o interferir con el funcionamiento normal del sitio. En relaci\u00f3n con los contenidos de este sitio web, est\u00e1 prohibido:<\/p><ul class=\"wp-block-list\" style=\"font-size: 16px; font-style: normal; font-weight: 400;\"><li style=\"box-sizing: inherit; font-size: 16px;\">Reproducir, distribuir o modificar parcial o totalmente los contenidos sin autorizaci\u00f3n de los titulares leg\u00edtimos.<\/li><li style=\"box-sizing: inherit; font-size: 16px;\">Vulnerar los derechos del prestador o de los leg\u00edtimos titulares.<\/li><li style=\"box-sizing: inherit; font-size: 16px;\">Utilizar el contenido con fines comerciales o publicitarios.<\/li><\/ul><p style=\"box-sizing: inherit; font-size: 16px; font-style: normal; font-weight: 400;\">Al utilizar el sitio web www.venemigra.com, el usuario se compromete a no realizar ninguna acci\u00f3n que pueda da\u00f1ar la imagen, intereses o derechos de VENFORT o de terceros. Asimismo, el usuario no debe llevar a cabo acciones que puedan da\u00f1ar, inutilizar, sobrecargar o afectar negativamente nuestro portal, impidiendo su normal funcionamiento. Esto incluye actos que puedan perjudicar los contenidos, equipos inform\u00e1ticos, documentos, archivos, o cualquier contenido almacenado por el titular.<\/p><p style=\"box-sizing: inherit; font-size: 16px; font-style: normal; font-weight: 400;\">Es importante que el usuario sea consciente de que las medidas de seguridad en los sistemas inform\u00e1ticos de Internet no son completamente fiables. Por lo tanto, www.venemigra.com no puede garantizar la ausencia de malware u otros elementos que puedan alterar los sistemas inform\u00e1ticos del usuario (software y hardware) o sus documentos electr\u00f3nicos y archivos. Sin embargo, ponemos en marcha todos los medios necesarios y adoptamos las medidas de seguridad adecuadas para evitar la presencia de estos elementos da\u00f1inos.<\/p>\t\t\t\t\t\t\t\t<\/div>\n\t\t\t\t\t<\/div>\n\t\t\t\t<\/div>\n\t\t<div class=\"elementor-element elementor-element-90f86bb e-flex e-con-boxed e-con e-parent\" data-id=\"90f86bb\" data-element_type=\"container\" data-e-type=\"container\">\n\t\t\t\t\t<div class=\"e-con-inner\">\n\t\t\t\t<div class=\"elementor-element elementor-element-fa736c4 elementor-widget elementor-widget-heading\" data-id=\"fa736c4\" data-element_type=\"widget\" data-e-type=\"widget\" data-widget_type=\"heading.default\">\n\t\t\t\t\t<h2 class=\"elementor-heading-title elementor-size-default\">Medidas de Seguridad<\/h2>\t\t\t\t<\/div>\n\t\t\t\t\t<\/div>\n\t\t\t\t<\/div>\n\t\t<div class=\"elementor-element elementor-element-80461af e-flex e-con-boxed e-con e-parent\" data-id=\"80461af\" data-element_type=\"container\" data-e-type=\"container\">\n\t\t\t\t\t<div class=\"e-con-inner\">\n\t\t\t\t<div class=\"elementor-element elementor-element-45fd44c elementor-widget elementor-widget-text-editor\" data-id=\"45fd44c\" data-element_type=\"widget\" data-e-type=\"widget\" data-widget_type=\"text-editor.default\">\n\t\t\t\t\t\t\t\t\t<p style=\"box-sizing: inherit; font-size: 16px; font-style: normal; font-weight: 400;\">Los datos personales proporcionados por el usuario a VENFORT pueden ser almacenados en bases de datos, automatizadas o no, cuya propiedad pertenece exclusivamente a VENFORT ABOGADOS S.L. Esta entidad es responsable de implementar todas las medidas t\u00e9cnicas, organizativas y de seguridad necesarias para garantizar la confidencialidad, integridad y calidad de la informaci\u00f3n contenida en dichas bases, conforme a la normativa vigente de protecci\u00f3n de datos.<\/p><p style=\"box-sizing: inherit; font-size: 16px; font-style: normal; font-weight: 400;\">Aunque se adoptan las medidas de seguridad pertinentes, existe la posibilidad de que se produzcan brechas de seguridad o ataques a los sistemas inform\u00e1ticos, como virus u otras acciones da\u00f1inas.<\/p>\t\t\t\t\t\t\t\t<\/div>\n\t\t\t\t\t<\/div>\n\t\t\t\t<\/div>\n\t\t<div class=\"elementor-element elementor-element-34bb5df e-flex e-con-boxed e-con e-parent\" data-id=\"34bb5df\" data-element_type=\"container\" data-e-type=\"container\">\n\t\t\t\t\t<div class=\"e-con-inner\">\n\t\t\t\t<div class=\"elementor-element elementor-element-3e501be elementor-widget elementor-widget-heading\" data-id=\"3e501be\" data-element_type=\"widget\" data-e-type=\"widget\" data-widget_type=\"heading.default\">\n\t\t\t\t\t<h2 class=\"elementor-heading-title elementor-size-default\">Legislaci\u00f3n Aplicable<\/h2>\t\t\t\t<\/div>\n\t\t\t\t\t<\/div>\n\t\t\t\t<\/div>\n\t\t<div class=\"elementor-element elementor-element-305548c e-flex e-con-boxed e-con e-parent\" data-id=\"305548c\" data-element_type=\"container\" data-e-type=\"container\">\n\t\t\t\t\t<div class=\"e-con-inner\">\n\t\t\t\t<div class=\"elementor-element elementor-element-59b5cdf elementor-widget elementor-widget-text-editor\" data-id=\"59b5cdf\" data-element_type=\"widget\" data-e-type=\"widget\" data-widget_type=\"text-editor.default\">\n\t\t\t\t\t\t\t\t\t<p>En t\u00e9rminos generales, las relaciones entre VENFORT y los usuarios de sus servicios telem\u00e1ticos ofrecidos en este sitio web est\u00e1n regidas por la legislaci\u00f3n espa\u00f1ola. Cualquier disputa o conflicto relacionado se someter\u00e1 a la jurisdicci\u00f3n de los juzgados y tribunales de Madrid.<\/p>\t\t\t\t\t\t\t\t<\/div>\n\t\t\t\t\t<\/div>\n\t\t\t\t<\/div>\n\t\t<div class=\"elementor-element elementor-element-67ea8dc e-flex e-con-boxed e-con e-parent\" data-id=\"67ea8dc\" data-element_type=\"container\" data-e-type=\"container\">\n\t\t\t\t\t<div class=\"e-con-inner\">\n\t\t\t\t<div class=\"elementor-element elementor-element-4fba0f3 elementor-widget elementor-widget-heading\" data-id=\"4fba0f3\" data-element_type=\"widget\" data-e-type=\"widget\" data-widget_type=\"heading.default\">\n\t\t\t\t\t<h2 class=\"elementor-heading-title elementor-size-default\">Contacto<\/h2>\t\t\t\t<\/div>\n\t\t\t\t\t<\/div>\n\t\t\t\t<\/div>\n\t\t<div class=\"elementor-element elementor-element-a089176 e-flex e-con-boxed e-con e-parent\" data-id=\"a089176\" data-element_type=\"container\" data-e-type=\"container\">\n\t\t\t\t\t<div class=\"e-con-inner\">\n\t\t\t\t<div class=\"elementor-element elementor-element-7587344 elementor-widget elementor-widget-text-editor\" data-id=\"7587344\" data-element_type=\"widget\" data-e-type=\"widget\" data-widget_type=\"text-editor.default\">\n\t\t\t\t\t\t\t\t\t<p style=\"box-sizing: inherit; font-size: 16px; font-style: normal; font-weight: 400;\">En caso de que cualquier usuario tuviese alguna duda acerca de estas Condiciones legales o cualquier comentario sobre el portal www.venfort.com, por favor dir\u00edjase a contacto@venemigra.com.<\/p>\n<p style=\"box-sizing: inherit; font-size: 16px; font-style: normal; font-weight: 400;\">El aviso legal ha sido actualizado por \u00faltima vez el 11 de febrero de 2026.<\/p>\t\t\t\t\t\t\t\t<\/div>\n\t\t\t\t\t<\/div>\n\t\t\t\t<\/div>\n\t\t\t\t<\/div>\n\t\t","protected":false},"excerpt":{"rendered":"<p>Aviso Legal VENFORT Abogados S.L., identificado con el N.I.F B56172588, tel\u00e9fono (+34) 618 93 92 85, con correo electr\u00f3nico contacto@venemigra.com&nbsp;y cuyo domicilio social est\u00e1 ubicado en Paseo La Castellana 93C, 28046, Madrid, Espa\u00f1a es el \u201cResponsable del tratamiento\u201d de sus datos personales recogidos y tratados a trav\u00e9s de este sitio web o en nuestra sede [&hellip;]<\/p>\n","protected":false},"author":2,"featured_media":0,"parent":0,"menu_order":0,"comment_status":"closed","ping_status":"closed","template":"","meta":{"content-type":"","_monsterinsights_skip_tracking":false,"_monsterinsights_sitenote_active":false,"_monsterinsights_sitenote_note":"","_monsterinsights_sitenote_category":0,"site-sidebar-layout":"no-sidebar","site-content-layout":"page-builder","ast-site-content-layout":"full-width-container","site-content-style":"default","site-sidebar-style":"default","ast-global-header-display":"","ast-banner-title-visibility":"","ast-main-header-display":"","ast-hfb-above-header-display":"","ast-hfb-below-header-display":"","ast-hfb-mobile-header-display":"","site-post-title":"","ast-breadcrumbs-content":"","ast-featured-img":"disabled","footer-sml-layout":"","ast-disable-related-posts":"","theme-transparent-header-meta":"","adv-header-id-meta":"","stick-header-meta":"","header-above-stick-meta":"","header-main-stick-meta":"","header-below-stick-meta":"","astra-migrate-meta-layouts":"default","ast-page-background-enabled":"default","ast-page-background-meta":{"desktop":{"background-color":"","background-image":"","background-repeat":"repeat","background-position":"center center","background-size":"auto","background-attachment":"scroll","background-type":"","background-media":"","overlay-type":"","overlay-color":"","overlay-opacity":"","overlay-gradient":""},"tablet":{"background-color":"","background-image":"","background-repeat":"repeat","background-position":"center center","background-size":"auto","background-attachment":"scroll","background-type":"","background-media":"","overlay-type":"","overlay-color":"","overlay-opacity":"","overlay-gradient":""},"mobile":{"background-color":"","background-image":"","background-repeat":"repeat","background-position":"center center","background-size":"auto","background-attachment":"scroll","background-type":"","background-media":"","overlay-type":"","overlay-color":"","overlay-opacity":"","overlay-gradient":""}},"ast-content-background-meta":{"desktop":{"background-color":"var(--ast-global-color-5)","background-image":"","background-repeat":"repeat","background-position":"center center","background-size":"auto","background-attachment":"scroll","background-type":"","background-media":"","overlay-type":"","overlay-color":"","overlay-opacity":"","overlay-gradient":""},"tablet":{"background-color":"var(--ast-global-color-5)","background-image":"","background-repeat":"repeat","background-position":"center center","background-size":"auto","background-attachment":"scroll","background-type":"","background-media":"","overlay-type":"","overlay-color":"","overlay-opacity":"","overlay-gradient":""},"mobile":{"background-color":"var(--ast-global-color-5)","background-image":"","background-repeat":"repeat","background-position":"center center","background-size":"auto","background-attachment":"scroll","background-type":"","background-media":"","overlay-type":"","overlay-color":"","overlay-opacity":"","overlay-gradient":""}},"footnotes":""},"class_list":["post-2915","page","type-page","status-publish","hentry"],"yoast_head":"<!-- This site is optimized with the Yoast SEO plugin v27.6 - https:\/\/yoast.com\/product\/yoast-seo-wordpress\/ -->\n<title>Aviso Legal - Ven Emigra<\/title>\n<meta name=\"robots\" content=\"index, follow, max-snippet:-1, max-image-preview:large, max-video-preview:-1\" \/>\n<link rel=\"canonical\" href=\"https:\/\/venemigra.com\/es\/aviso-legal\/\" \/>\n<meta property=\"og:locale\" content=\"es_ES\" \/>\n<meta property=\"og:type\" content=\"article\" \/>\n<meta property=\"og:title\" content=\"Aviso Legal - Ven Emigra\" \/>\n<meta property=\"og:description\" content=\"Aviso Legal VENFORT Abogados S.L., identificado con el N.I.F B56172588, tel\u00e9fono (+34) 618 93 92 85, con correo electr\u00f3nico contacto@venemigra.com&nbsp;y cuyo domicilio social est\u00e1 ubicado en Paseo La Castellana 93C, 28046, Madrid, Espa\u00f1a es el \u201cResponsable del tratamiento\u201d de sus datos personales recogidos y tratados a trav\u00e9s de este sitio web o en nuestra sede [&hellip;]\" \/>\n<meta property=\"og:url\" content=\"https:\/\/venemigra.com\/es\/aviso-legal\/\" \/>\n<meta property=\"og:site_name\" content=\"Ven Emigra\" \/>\n<meta property=\"article:publisher\" content=\"https:\/\/www.facebook.com\/profile.php?id=61559877787902\" \/>\n<meta property=\"article:modified_time\" content=\"2026-02-17T15:16:25+00:00\" \/>\n<meta name=\"twitter:card\" content=\"summary_large_image\" \/>\n<meta name=\"twitter:site\" content=\"@ven_emigra\" \/>\n<meta name=\"twitter:label1\" content=\"Tiempo de lectura\" \/>\n\t<meta name=\"twitter:data1\" content=\"5 minutos\" \/>\n<script type=\"application\/ld+json\" class=\"yoast-schema-graph\">{\"@context\":\"https:\\\/\\\/schema.org\",\"@graph\":[{\"@type\":\"WebPage\",\"@id\":\"https:\\\/\\\/venemigra.com\\\/aviso-legal\\\/\",\"url\":\"https:\\\/\\\/venemigra.com\\\/aviso-legal\\\/\",\"name\":\"Aviso Legal - Ven Emigra\",\"isPartOf\":{\"@id\":\"https:\\\/\\\/venemigra.com\\\/#website\"},\"datePublished\":\"2026-02-11T21:54:22+00:00\",\"dateModified\":\"2026-02-17T15:16:25+00:00\",\"breadcrumb\":{\"@id\":\"https:\\\/\\\/venemigra.com\\\/aviso-legal\\\/#breadcrumb\"},\"inLanguage\":\"es\",\"potentialAction\":[{\"@type\":\"ReadAction\",\"target\":[\"https:\\\/\\\/venemigra.com\\\/aviso-legal\\\/\"]}]},{\"@type\":\"BreadcrumbList\",\"@id\":\"https:\\\/\\\/venemigra.com\\\/aviso-legal\\\/#breadcrumb\",\"itemListElement\":[{\"@type\":\"ListItem\",\"position\":1,\"name\":\"Portada\",\"item\":\"https:\\\/\\\/venemigra.com\\\/es\\\/\"},{\"@type\":\"ListItem\",\"position\":2,\"name\":\"Aviso Legal\"}]},{\"@type\":\"WebSite\",\"@id\":\"https:\\\/\\\/venemigra.com\\\/#website\",\"url\":\"https:\\\/\\\/venemigra.com\\\/\",\"name\":\"VEN EMIGRA\",\"description\":\"\",\"publisher\":{\"@id\":\"https:\\\/\\\/venemigra.com\\\/#organization\"},\"potentialAction\":[{\"@type\":\"SearchAction\",\"target\":{\"@type\":\"EntryPoint\",\"urlTemplate\":\"https:\\\/\\\/venemigra.com\\\/?s={search_term_string}\"},\"query-input\":{\"@type\":\"PropertyValueSpecification\",\"valueRequired\":true,\"valueName\":\"search_term_string\"}}],\"inLanguage\":\"es\"},{\"@type\":\"Organization\",\"@id\":\"https:\\\/\\\/venemigra.com\\\/#organization\",\"name\":\"VEN EMIGRA\",\"url\":\"https:\\\/\\\/venemigra.com\\\/\",\"logo\":{\"@type\":\"ImageObject\",\"inLanguage\":\"es\",\"@id\":\"https:\\\/\\\/venemigra.com\\\/#\\\/schema\\\/logo\\\/image\\\/\",\"url\":\"https:\\\/\\\/venemigra.com\\\/wp-content\\\/uploads\\\/2026\\\/02\\\/cropped-cropped-cropped-Post-de-Instagram-Empresa-Corporativo-Servicios-Ilustrado-Azul-y-Blanco-1-1-1.webp\",\"contentUrl\":\"https:\\\/\\\/venemigra.com\\\/wp-content\\\/uploads\\\/2026\\\/02\\\/cropped-cropped-cropped-Post-de-Instagram-Empresa-Corporativo-Servicios-Ilustrado-Azul-y-Blanco-1-1-1.webp\",\"width\":706,\"height\":189,\"caption\":\"VEN EMIGRA\"},\"image\":{\"@id\":\"https:\\\/\\\/venemigra.com\\\/#\\\/schema\\\/logo\\\/image\\\/\"},\"sameAs\":[\"https:\\\/\\\/www.facebook.com\\\/profile.php?id=61559877787902\",\"https:\\\/\\\/x.com\\\/ven_emigra\",\"https:\\\/\\\/www.instagram.com\\\/ven_emigra\\\/\",\"https:\\\/\\\/www.youtube.com\\\/@Ven.Emigra\"]}]}<\/script>\n<!-- \/ Yoast SEO plugin. -->","yoast_head_json":{"title":"Aviso Legal - Ven Emigra","robots":{"index":"index","follow":"follow","max-snippet":"max-snippet:-1","max-image-preview":"max-image-preview:large","max-video-preview":"max-video-preview:-1"},"canonical":"https:\/\/venemigra.com\/es\/aviso-legal\/","og_locale":"es_ES","og_type":"article","og_title":"Aviso Legal - Ven Emigra","og_description":"Aviso Legal VENFORT Abogados S.L., identificado con el N.I.F B56172588, tel\u00e9fono (+34) 618 93 92 85, con correo electr\u00f3nico contacto@venemigra.com&nbsp;y cuyo domicilio social est\u00e1 ubicado en Paseo La Castellana 93C, 28046, Madrid, Espa\u00f1a es el \u201cResponsable del tratamiento\u201d de sus datos personales recogidos y tratados a trav\u00e9s de este sitio web o en nuestra sede [&hellip;]","og_url":"https:\/\/venemigra.com\/es\/aviso-legal\/","og_site_name":"Ven Emigra","article_publisher":"https:\/\/www.facebook.com\/profile.php?id=61559877787902","article_modified_time":"2026-02-17T15:16:25+00:00","twitter_card":"summary_large_image","twitter_site":"@ven_emigra","twitter_misc":{"Tiempo de lectura":"5 minutos"},"schema":{"@context":"https:\/\/schema.org","@graph":[{"@type":"WebPage","@id":"https:\/\/venemigra.com\/aviso-legal\/","url":"https:\/\/venemigra.com\/aviso-legal\/","name":"Aviso Legal - Ven Emigra","isPartOf":{"@id":"https:\/\/venemigra.com\/#website"},"datePublished":"2026-02-11T21:54:22+00:00","dateModified":"2026-02-17T15:16:25+00:00","breadcrumb":{"@id":"https:\/\/venemigra.com\/aviso-legal\/#breadcrumb"},"inLanguage":"es","potentialAction":[{"@type":"ReadAction","target":["https:\/\/venemigra.com\/aviso-legal\/"]}]},{"@type":"BreadcrumbList","@id":"https:\/\/venemigra.com\/aviso-legal\/#breadcrumb","itemListElement":[{"@type":"ListItem","position":1,"name":"Portada","item":"https:\/\/venemigra.com\/es\/"},{"@type":"ListItem","position":2,"name":"Aviso Legal"}]},{"@type":"WebSite","@id":"https:\/\/venemigra.com\/#website","url":"https:\/\/venemigra.com\/","name":"VEN EMIGRA","description":"","publisher":{"@id":"https:\/\/venemigra.com\/#organization"},"potentialAction":[{"@type":"SearchAction","target":{"@type":"EntryPoint","urlTemplate":"https:\/\/venemigra.com\/?s={search_term_string}"},"query-input":{"@type":"PropertyValueSpecification","valueRequired":true,"valueName":"search_term_string"}}],"inLanguage":"es"},{"@type":"Organization","@id":"https:\/\/venemigra.com\/#organization","name":"VEN EMIGRA","url":"https:\/\/venemigra.com\/","logo":{"@type":"ImageObject","inLanguage":"es","@id":"https:\/\/venemigra.com\/#\/schema\/logo\/image\/","url":"https:\/\/venemigra.com\/wp-content\/uploads\/2026\/02\/cropped-cropped-cropped-Post-de-Instagram-Empresa-Corporativo-Servicios-Ilustrado-Azul-y-Blanco-1-1-1.webp","contentUrl":"https:\/\/venemigra.com\/wp-content\/uploads\/2026\/02\/cropped-cropped-cropped-Post-de-Instagram-Empresa-Corporativo-Servicios-Ilustrado-Azul-y-Blanco-1-1-1.webp","width":706,"height":189,"caption":"VEN EMIGRA"},"image":{"@id":"https:\/\/venemigra.com\/#\/schema\/logo\/image\/"},"sameAs":["https:\/\/www.facebook.com\/profile.php?id=61559877787902","https:\/\/x.com\/ven_emigra","https:\/\/www.instagram.com\/ven_emigra\/","https:\/\/www.youtube.com\/@Ven.Emigra"]}]}},"_links":{"self":[{"href":"https:\/\/venemigra.com\/es\/wp-json\/wp\/v2\/pages\/2915","targetHints":{"allow":["GET"]}}],"collection":[{"href":"https:\/\/venemigra.com\/es\/wp-json\/wp\/v2\/pages"}],"about":[{"href":"https:\/\/venemigra.com\/es\/wp-json\/wp\/v2\/types\/page"}],"author":[{"embeddable":true,"href":"https:\/\/venemigra.com\/es\/wp-json\/wp\/v2\/users\/2"}],"replies":[{"embeddable":true,"href":"https:\/\/venemigra.com\/es\/wp-json\/wp\/v2\/comments?post=2915"}],"version-history":[{"count":19,"href":"https:\/\/venemigra.com\/es\/wp-json\/wp\/v2\/pages\/2915\/revisions"}],"predecessor-version":[{"id":3455,"href":"https:\/\/venemigra.com\/es\/wp-json\/wp\/v2\/pages\/2915\/revisions\/3455"}],"wp:attachment":[{"href":"https:\/\/venemigra.com\/es\/wp-json\/wp\/v2\/media?parent=2915"}],"curies":[{"name":"wp","href":"https:\/\/api.w.org\/{rel}","templated":true}]}}