{"id":10,"date":"2024-07-24T16:24:30","date_gmt":"2024-07-24T16:24:30","guid":{"rendered":"https:\/\/venemigra.com\/?page_id=10"},"modified":"2026-02-11T19:59:14","modified_gmt":"2026-02-11T18:59:14","slug":"solicitar-asesoria-3","status":"publish","type":"page","link":"https:\/\/venemigra.com\/es\/solicitar-asesoria-3\/","title":{"rendered":"Solicitar asesor\u00eda"},"content":{"rendered":"<div class=\"gb-container gb-container-5b6a35dc alignfull\">\n<div class=\"gb-container gb-container-6bef74d3\">\n\n<h2 class=\"wp-block-heading has-text-align-center has-base-3-color has-text-color has-link-color wp-elements-abf7a0226af4c9b3251bbbe8d2a133eb\">Solicitar asesor\u00eda.<\/h2>\n\n<\/div>\n<\/div>\n\n<div class=\"gb-container gb-container-b05b8e3a alignfull\">\n<div class=\"gb-container gb-container-7a59ed38\">\n<div class=\"gb-container gb-container-b57c77b9\">\n\n<h3 class=\"gb-headline gb-headline-64782234 gb-headline-text\">En Ven Emigra, ofrecemos asesor\u00edas personalizadas para ayudarte a planificar y gestionar tu proceso de migraci\u00f3n a Espa\u00f1a.<\/h3>\n\n\n\n<p class=\"has-text-align-center\">Utiliza los botones a continuaci\u00f3n para agendar una reuni\u00f3n con nosotros.<br><strong>La reuni\u00f3n gratuita de 15 minutos<\/strong> la hacemos en el horario laboral comprendido entre las 9 am. y las 8 pm.<br><strong>La reuni\u00f3n urgente la hacemos de lunes a viernes de 8 pm. a 12 am. y los fines de semana de 9am a 3pm. y tiene un costo de 50\u20ac<\/strong>, los cuales ser\u00e1n descontados del costo final del proceso <strong>al firmar la Propuesta de Servicios<\/strong>.<\/p>\n\n\n\n<h3 class=\"gb-headline gb-headline-00c4db59 gb-headline-text\">Extranjer\u00eda:<\/h3>\n\n\n<div class=\"gb-container gb-container-f80f7876\">\n\n<h4 class=\"gb-headline gb-headline-fc245aed gb-headline-text\">Reuni\u00f3n gratuita (15 mins)<\/h4>\n\n\n\n<a class=\"gb-button gb-button-b0d984b3 gb-button-text\" href=\"https:\/\/calendly.com\/contacto-venemigra\/reunion-gratuita\" target=\"_blank\" rel=\"noopener noreferrer nofollow\"><strong>RESERVAR REUNI\u00d3N GRATUITA <\/strong><\/a>\n\n\n\n<p>Gratis. Duraci\u00f3n 15 mins.<\/p>\n\n\n\n<h4 class=\"gb-headline gb-headline-963edfcd gb-headline-text\">Reuni\u00f3n esencial (15\u20ac)<\/h4>\n\n<\/div>\n\n<div class=\"gb-container gb-container-2aa5259b\">\n\n<a class=\"gb-button gb-button-41d12769 gb-button-text\" href=\"https:\/\/meetings-eu1.hubspot.com\/ven-emigra\/reunion-esencial-extranjeria\" target=\"_blank\" rel=\"noopener noreferrer nofollow\"><strong>RESERVAR REUNI\u00d3N (15\u20ac &#8211; 30 mins)<\/strong><\/a>\n\n\n\n<p>Duraci\u00f3n 30 mins.<\/p>\n\n<\/div>\n\n\n<h4 class=\"gb-headline gb-headline-28ca6257 gb-headline-text\">Reuni\u00f3n completa presencial en Madrid (50\u20ac)<\/h4>\n\n\n<div class=\"gb-container gb-container-ebc05c92\">\n\n<a class=\"gb-button gb-button-d082bc18 gb-button-text\" href=\"https:\/\/meetings-eu1.hubspot.com\/ven-emigra\/reunion-completa-presencial-extranjeria\" target=\"_blank\" rel=\"noopener noreferrer nofollow\"><strong>RESERVAR REUNI\u00d3N (50\u20ac &#8211; 60 mins)<\/strong><\/a>\n\n\n\n<p>Madrid. Duraci\u00f3n 60 mins.<\/p>\n\n\n\n<h4 class=\"gb-headline gb-headline-3a73a376 gb-headline-text\">Reuni\u00f3n completa virtual (50\u20ac)<\/h4>\n\n\n\n<a class=\"gb-button gb-button-e55e67b7 gb-button-text\" href=\"https:\/\/meetings-eu1.hubspot.com\/ven-emigra\/reunion-completa-virtual-extranjeria\" target=\"_blank\" rel=\"noopener noreferrer nofollow\"><strong>RESERVAR REUNI\u00d3N (50\u20ac &#8211; 60 mins)<\/strong><\/a>\n\n\n\n<p>Virtual. Duraci\u00f3n 60 mins.<\/p>\n\n\n\n<h4 class=\"gb-headline gb-headline-44cdfca2 gb-headline-text\">Reuni\u00f3n completa presencial en Venezuela (50\u20ac)<\/h4>\n\n\n\n<a class=\"gb-button gb-button-381e6398 gb-button-text\" href=\"https:\/\/meetings-eu1.hubspot.com\/ven-emigra\/reunion-completa-venezuela \" target=\"_blank\" rel=\"noopener noreferrer nofollow\"><strong>RESERVAR REUNI\u00d3N (50\u20ac &#8211; 60 mins)<\/strong><\/a>\n\n\n\n<p>En Venezuela. Duraci\u00f3n 60 mins.<\/p>\n\n<\/div>\n\n\n<h3 class=\"gb-headline gb-headline-8fb138e6 gb-headline-text\">Pensiones \/ Homologaciones:<\/h3>\n\n\n<div class=\"gb-container gb-container-8fb1321f\">\n\n<h4 class=\"gb-headline gb-headline-242d9ce9 gb-headline-text\">Estudio de viabilidad presencial Madrid<\/h4>\n\n\n\n<a class=\"gb-button gb-button-bacd1d42 gb-button-text\" href=\"https:\/\/meetings-eu1.hubspot.com\/ven-emigra\/estudio-de-viabilidad-presencial\" target=\"_blank\" rel=\"noopener noreferrer nofollow\"><strong>RESERVAR REUNI\u00d3N (50\u20ac &#8211; 30 mins)<\/strong><\/a>\n\n\n\n<p>Madrid. Duraci\u00f3n 30 mins.<\/p>\n\n\n\n<h4 class=\"gb-headline gb-headline-0fc7ae60 gb-headline-text\">Estudio de viabilidad presencial Valencia<\/h4>\n\n\n\n<a class=\"gb-button gb-button-15fb0644 gb-button-text\" href=\"https:\/\/meetings-eu1.hubspot.com\/ven-emigra\/estudio-de-viabilidad-presencial-valencia\" target=\"_blank\" rel=\"noopener noreferrer nofollow\"><strong>RESERVAR REUNI\u00d3N (50\u20ac &#8211; 30 mins)<\/strong><\/a>\n\n\n\n<p>Valencia. Duraci\u00f3n 30 mins.<\/p>\n\n\n\n<h4 class=\"gb-headline gb-headline-ec81ffc4 gb-headline-text\">Estudio de viabilidad virtual<\/h4>\n\n\n\n<a class=\"gb-button gb-button-792c7033 gb-button-text\" href=\"https:\/\/meetings-eu1.hubspot.com\/ven-emigra\/estudio-de-viabilidad-virtual\" target=\"_blank\" rel=\"noopener noreferrer nofollow\"><strong>RESERVAR REUNI\u00d3N (50\u20ac &#8211; 30 mins)<\/strong><\/a>\n\n\n\n<p>Virtual. Duraci\u00f3n 30 mins.<\/p>\n\n\n\n<h4 class=\"gb-headline gb-headline-69f24fa0 gb-headline-text\">Estudio de viabilidad presencial en Venezuela<\/h4>\n\n\n\n<a class=\"gb-button gb-button-563d2f4c gb-button-text\" href=\"https:\/\/meetings-eu1.hubspot.com\/ven-emigra\/reunion-completa-venezuela\" target=\"_blank\" rel=\"noopener noreferrer nofollow\"><strong>RESERVAR REUNI\u00d3N (50\u20ac &#8211; 30 mins)<\/strong><\/a>\n\n\n\n<p>Venezuela. Duraci\u00f3n 30 mins.<\/p>\n\n<\/div>\n<\/div>\n<\/div>\n<\/div>","protected":false},"excerpt":{"rendered":"<p>Solicitar asesor\u00eda. En Ven Emigra, ofrecemos asesor\u00edas personalizadas para ayudarte a planificar y gestionar tu proceso de migraci\u00f3n a Espa\u00f1a. Utiliza los botones a continuaci\u00f3n para agendar una reuni\u00f3n con nosotros.La reuni\u00f3n gratuita de 15 minutos la hacemos en el horario laboral comprendido entre las 9 am. y las 8 pm.La reuni\u00f3n urgente la hacemos [&hellip;]<\/p>\n","protected":false},"author":1,"featured_media":0,"parent":0,"menu_order":0,"comment_status":"closed","ping_status":"closed","template":"","meta":{"content-type":"","_monsterinsights_skip_tracking":false,"_monsterinsights_sitenote_active":false,"_monsterinsights_sitenote_note":"","_monsterinsights_sitenote_category":0,"site-sidebar-layout":"default","site-content-layout":"","ast-site-content-layout":"default","site-content-style":"default","site-sidebar-style":"default","ast-global-header-display":"","ast-banner-title-visibility":"","ast-main-header-display":"","ast-hfb-above-header-display":"","ast-hfb-below-header-display":"","ast-hfb-mobile-header-display":"","site-post-title":"","ast-breadcrumbs-content":"","ast-featured-img":"","footer-sml-layout":"","ast-disable-related-posts":"","theme-transparent-header-meta":"","adv-header-id-meta":"","stick-header-meta":"","header-above-stick-meta":"","header-main-stick-meta":"","header-below-stick-meta":"","astra-migrate-meta-layouts":"default","ast-page-background-enabled":"default","ast-page-background-meta":{"desktop":{"background-color":"","background-image":"","background-repeat":"repeat","background-position":"center center","background-size":"auto","background-attachment":"scroll","background-type":"","background-media":"","overlay-type":"","overlay-color":"","overlay-opacity":"","overlay-gradient":""},"tablet":{"background-color":"","background-image":"","background-repeat":"repeat","background-position":"center center","background-size":"auto","background-attachment":"scroll","background-type":"","background-media":"","overlay-type":"","overlay-color":"","overlay-opacity":"","overlay-gradient":""},"mobile":{"background-color":"","background-image":"","background-repeat":"repeat","background-position":"center center","background-size":"auto","background-attachment":"scroll","background-type":"","background-media":"","overlay-type":"","overlay-color":"","overlay-opacity":"","overlay-gradient":""}},"ast-content-background-meta":{"desktop":{"background-color":"var(--ast-global-color-5)","background-image":"","background-repeat":"repeat","background-position":"center center","background-size":"auto","background-attachment":"scroll","background-type":"","background-media":"","overlay-type":"","overlay-color":"","overlay-opacity":"","overlay-gradient":""},"tablet":{"background-color":"var(--ast-global-color-5)","background-image":"","background-repeat":"repeat","background-position":"center center","background-size":"auto","background-attachment":"scroll","background-type":"","background-media":"","overlay-type":"","overlay-color":"","overlay-opacity":"","overlay-gradient":""},"mobile":{"background-color":"var(--ast-global-color-5)","background-image":"","background-repeat":"repeat","background-position":"center center","background-size":"auto","background-attachment":"scroll","background-type":"","background-media":"","overlay-type":"","overlay-color":"","overlay-opacity":"","overlay-gradient":""}},"footnotes":""},"class_list":["post-10","page","type-page","status-publish","hentry"],"yoast_head":"<!-- This site is optimized with the Yoast SEO plugin v27.3 - https:\/\/yoast.com\/product\/yoast-seo-wordpress\/ -->\n<title>Solicitar asesor\u00eda - Ven Emigra - Soluciones Migratorias<\/title>\n<meta name=\"description\" content=\"Ofrecemos atenci\u00f3n personalizadas para ayudarte a planificar y gestionar tu proceso de migraci\u00f3n a Espa\u00f1a. 1er paso: solicitar asesor\u00eda hoy!\" \/>\n<meta name=\"robots\" content=\"index, follow, max-snippet:-1, max-image-preview:large, max-video-preview:-1\" \/>\n<link rel=\"canonical\" href=\"https:\/\/venemigra.com\/es\/solicitar-asesoria-3\/\" \/>\n<meta property=\"og:locale\" content=\"es_ES\" \/>\n<meta property=\"og:type\" content=\"article\" \/>\n<meta property=\"og:title\" content=\"Solicitar asesor\u00eda - Ven Emigra - Soluciones Migratorias\" \/>\n<meta property=\"og:description\" content=\"Ofrecemos atenci\u00f3n personalizadas para ayudarte a planificar y gestionar tu proceso de migraci\u00f3n a Espa\u00f1a. 1er paso: solicitar asesor\u00eda hoy!\" \/>\n<meta property=\"og:url\" content=\"https:\/\/venemigra.com\/es\/solicitar-asesoria-3\/\" \/>\n<meta property=\"og:site_name\" content=\"Ven Emigra\" \/>\n<meta property=\"article:publisher\" content=\"https:\/\/www.facebook.com\/profile.php?id=61559877787902\" \/>\n<meta property=\"article:modified_time\" content=\"2026-02-11T18:59:14+00:00\" \/>\n<meta name=\"twitter:card\" content=\"summary_large_image\" \/>\n<meta name=\"twitter:site\" content=\"@ven_emigra\" \/>\n<meta name=\"twitter:label1\" content=\"Tiempo de lectura\" \/>\n\t<meta name=\"twitter:data1\" content=\"2 minutos\" \/>\n<script type=\"application\/ld+json\" class=\"yoast-schema-graph\">{\"@context\":\"https:\\\/\\\/schema.org\",\"@graph\":[{\"@type\":\"WebPage\",\"@id\":\"https:\\\/\\\/venemigra.com\\\/solicitar-asesoria-3\\\/\",\"url\":\"https:\\\/\\\/venemigra.com\\\/solicitar-asesoria-3\\\/\",\"name\":\"Solicitar asesor\u00eda - Ven Emigra - Soluciones Migratorias\",\"isPartOf\":{\"@id\":\"https:\\\/\\\/venemigra.com\\\/#website\"},\"datePublished\":\"2024-07-24T16:24:30+00:00\",\"dateModified\":\"2026-02-11T18:59:14+00:00\",\"description\":\"Ofrecemos atenci\u00f3n personalizadas para ayudarte a planificar y gestionar tu proceso de migraci\u00f3n a Espa\u00f1a. 1er paso: solicitar asesor\u00eda hoy!\",\"breadcrumb\":{\"@id\":\"https:\\\/\\\/venemigra.com\\\/solicitar-asesoria-3\\\/#breadcrumb\"},\"inLanguage\":\"es\",\"potentialAction\":[{\"@type\":\"ReadAction\",\"target\":[\"https:\\\/\\\/venemigra.com\\\/solicitar-asesoria-3\\\/\"]}]},{\"@type\":\"BreadcrumbList\",\"@id\":\"https:\\\/\\\/venemigra.com\\\/solicitar-asesoria-3\\\/#breadcrumb\",\"itemListElement\":[{\"@type\":\"ListItem\",\"position\":1,\"name\":\"Portada\",\"item\":\"https:\\\/\\\/venemigra.com\\\/es\\\/\"},{\"@type\":\"ListItem\",\"position\":2,\"name\":\"Solicitar asesor\u00eda\"}]},{\"@type\":\"WebSite\",\"@id\":\"https:\\\/\\\/venemigra.com\\\/#website\",\"url\":\"https:\\\/\\\/venemigra.com\\\/\",\"name\":\"VEN EMIGRA\",\"description\":\"\",\"publisher\":{\"@id\":\"https:\\\/\\\/venemigra.com\\\/#organization\"},\"potentialAction\":[{\"@type\":\"SearchAction\",\"target\":{\"@type\":\"EntryPoint\",\"urlTemplate\":\"https:\\\/\\\/venemigra.com\\\/?s={search_term_string}\"},\"query-input\":{\"@type\":\"PropertyValueSpecification\",\"valueRequired\":true,\"valueName\":\"search_term_string\"}}],\"inLanguage\":\"es\"},{\"@type\":\"Organization\",\"@id\":\"https:\\\/\\\/venemigra.com\\\/#organization\",\"name\":\"VEN EMIGRA\",\"url\":\"https:\\\/\\\/venemigra.com\\\/\",\"logo\":{\"@type\":\"ImageObject\",\"inLanguage\":\"es\",\"@id\":\"https:\\\/\\\/venemigra.com\\\/#\\\/schema\\\/logo\\\/image\\\/\",\"url\":\"https:\\\/\\\/venemigra.com\\\/wp-content\\\/uploads\\\/2026\\\/02\\\/cropped-cropped-cropped-Post-de-Instagram-Empresa-Corporativo-Servicios-Ilustrado-Azul-y-Blanco-1-1-1.webp\",\"contentUrl\":\"https:\\\/\\\/venemigra.com\\\/wp-content\\\/uploads\\\/2026\\\/02\\\/cropped-cropped-cropped-Post-de-Instagram-Empresa-Corporativo-Servicios-Ilustrado-Azul-y-Blanco-1-1-1.webp\",\"width\":706,\"height\":189,\"caption\":\"VEN EMIGRA\"},\"image\":{\"@id\":\"https:\\\/\\\/venemigra.com\\\/#\\\/schema\\\/logo\\\/image\\\/\"},\"sameAs\":[\"https:\\\/\\\/www.facebook.com\\\/profile.php?id=61559877787902\",\"https:\\\/\\\/x.com\\\/ven_emigra\",\"https:\\\/\\\/www.instagram.com\\\/ven_emigra\\\/\",\"https:\\\/\\\/www.youtube.com\\\/@Ven.Emigra\"]}]}<\/script>\n<!-- \/ Yoast SEO plugin. -->","yoast_head_json":{"title":"Solicitar asesor\u00eda - Ven Emigra - Soluciones Migratorias","description":"Ofrecemos atenci\u00f3n personalizadas para ayudarte a planificar y gestionar tu proceso de migraci\u00f3n a Espa\u00f1a. 1er paso: solicitar asesor\u00eda hoy!","robots":{"index":"index","follow":"follow","max-snippet":"max-snippet:-1","max-image-preview":"max-image-preview:large","max-video-preview":"max-video-preview:-1"},"canonical":"https:\/\/venemigra.com\/es\/solicitar-asesoria-3\/","og_locale":"es_ES","og_type":"article","og_title":"Solicitar asesor\u00eda - Ven Emigra - Soluciones Migratorias","og_description":"Ofrecemos atenci\u00f3n personalizadas para ayudarte a planificar y gestionar tu proceso de migraci\u00f3n a Espa\u00f1a. 1er paso: solicitar asesor\u00eda hoy!","og_url":"https:\/\/venemigra.com\/es\/solicitar-asesoria-3\/","og_site_name":"Ven Emigra","article_publisher":"https:\/\/www.facebook.com\/profile.php?id=61559877787902","article_modified_time":"2026-02-11T18:59:14+00:00","twitter_card":"summary_large_image","twitter_site":"@ven_emigra","twitter_misc":{"Tiempo de lectura":"2 minutos"},"schema":{"@context":"https:\/\/schema.org","@graph":[{"@type":"WebPage","@id":"https:\/\/venemigra.com\/solicitar-asesoria-3\/","url":"https:\/\/venemigra.com\/solicitar-asesoria-3\/","name":"Solicitar asesor\u00eda - Ven Emigra - Soluciones Migratorias","isPartOf":{"@id":"https:\/\/venemigra.com\/#website"},"datePublished":"2024-07-24T16:24:30+00:00","dateModified":"2026-02-11T18:59:14+00:00","description":"Ofrecemos atenci\u00f3n personalizadas para ayudarte a planificar y gestionar tu proceso de migraci\u00f3n a Espa\u00f1a. 1er paso: solicitar asesor\u00eda hoy!","breadcrumb":{"@id":"https:\/\/venemigra.com\/solicitar-asesoria-3\/#breadcrumb"},"inLanguage":"es","potentialAction":[{"@type":"ReadAction","target":["https:\/\/venemigra.com\/solicitar-asesoria-3\/"]}]},{"@type":"BreadcrumbList","@id":"https:\/\/venemigra.com\/solicitar-asesoria-3\/#breadcrumb","itemListElement":[{"@type":"ListItem","position":1,"name":"Portada","item":"https:\/\/venemigra.com\/es\/"},{"@type":"ListItem","position":2,"name":"Solicitar asesor\u00eda"}]},{"@type":"WebSite","@id":"https:\/\/venemigra.com\/#website","url":"https:\/\/venemigra.com\/","name":"VEN EMIGRA","description":"","publisher":{"@id":"https:\/\/venemigra.com\/#organization"},"potentialAction":[{"@type":"SearchAction","target":{"@type":"EntryPoint","urlTemplate":"https:\/\/venemigra.com\/?s={search_term_string}"},"query-input":{"@type":"PropertyValueSpecification","valueRequired":true,"valueName":"search_term_string"}}],"inLanguage":"es"},{"@type":"Organization","@id":"https:\/\/venemigra.com\/#organization","name":"VEN EMIGRA","url":"https:\/\/venemigra.com\/","logo":{"@type":"ImageObject","inLanguage":"es","@id":"https:\/\/venemigra.com\/#\/schema\/logo\/image\/","url":"https:\/\/venemigra.com\/wp-content\/uploads\/2026\/02\/cropped-cropped-cropped-Post-de-Instagram-Empresa-Corporativo-Servicios-Ilustrado-Azul-y-Blanco-1-1-1.webp","contentUrl":"https:\/\/venemigra.com\/wp-content\/uploads\/2026\/02\/cropped-cropped-cropped-Post-de-Instagram-Empresa-Corporativo-Servicios-Ilustrado-Azul-y-Blanco-1-1-1.webp","width":706,"height":189,"caption":"VEN EMIGRA"},"image":{"@id":"https:\/\/venemigra.com\/#\/schema\/logo\/image\/"},"sameAs":["https:\/\/www.facebook.com\/profile.php?id=61559877787902","https:\/\/x.com\/ven_emigra","https:\/\/www.instagram.com\/ven_emigra\/","https:\/\/www.youtube.com\/@Ven.Emigra"]}]}},"_links":{"self":[{"href":"https:\/\/venemigra.com\/es\/wp-json\/wp\/v2\/pages\/10","targetHints":{"allow":["GET"]}}],"collection":[{"href":"https:\/\/venemigra.com\/es\/wp-json\/wp\/v2\/pages"}],"about":[{"href":"https:\/\/venemigra.com\/es\/wp-json\/wp\/v2\/types\/page"}],"author":[{"embeddable":true,"href":"https:\/\/venemigra.com\/es\/wp-json\/wp\/v2\/users\/1"}],"replies":[{"embeddable":true,"href":"https:\/\/venemigra.com\/es\/wp-json\/wp\/v2\/comments?post=10"}],"version-history":[{"count":13,"href":"https:\/\/venemigra.com\/es\/wp-json\/wp\/v2\/pages\/10\/revisions"}],"predecessor-version":[{"id":487,"href":"https:\/\/venemigra.com\/es\/wp-json\/wp\/v2\/pages\/10\/revisions\/487"}],"wp:attachment":[{"href":"https:\/\/venemigra.com\/es\/wp-json\/wp\/v2\/media?parent=10"}],"curies":[{"name":"wp","href":"https:\/\/api.w.org\/{rel}","templated":true}]}}