{"id":83,"date":"2024-07-27T14:10:28","date_gmt":"2024-07-27T14:10:28","guid":{"rendered":"https:\/\/venemigra.com\/?page_id=83"},"modified":"2024-08-13T17:00:14","modified_gmt":"2024-08-13T15:00:14","slug":"venezuela","status":"publish","type":"page","link":"https:\/\/venemigra.com\/en\/venezuela\/","title":{"rendered":"Venezuela"},"content":{"rendered":"<div class=\"gb-container gb-container-5b6a35dc alignfull\">\n<div class=\"gb-container gb-container-6bef74d3\">\n\n<h2 class=\"wp-block-heading has-text-align-center has-base-3-color has-text-color has-link-color wp-elements-85ec2d7985081fead9ab2c5ed9a2402a\">Venezuela\/LATAM<\/h2>\n\n<\/div>\n<\/div>\n\n<div class=\"gb-container gb-container-b05b8e3a alignfull\">\n<div class=\"gb-container gb-container-7a59ed38\">\n<div class=\"gb-container gb-container-5a48743e\">\n\n<h2 class=\"gb-headline gb-headline-dc979356 gb-headline-text\">Comprehensive Assistance in Latin America<\/h2>\n\n\n\n<h5 class=\"gb-headline gb-headline-2e950813 gb-headline-text\">At Ven Emigra, we understand that every migratory process begins long before setting foot on Spanish soil. <strong>For our customers in Latin America<\/strong>, we have developed a robust and reliable support network thanks to our presence in Venezuela and collaboration with strategic allies throughout the region.<\/h5>\n\n<\/div>\n<\/div>\n<\/div>\n\n<div class=\"gb-container gb-container-9ba6e3ae alignfull\">\n<div class=\"gb-container gb-container-d76f81e4\">\n\n<h3 class=\"gb-headline gb-headline-b6ac5487 gb-headline-text\">Our Presence in Latin America<\/h3>\n\n\n\n<h4 class=\"gb-headline gb-headline-de6b16bb gb-headline-text\">Venezuela and Regional Allies:<\/h4>\n\n\n<div class=\"gb-grid-wrapper gb-grid-wrapper-f02ac975\">\n<div class=\"gb-grid-column gb-grid-column-3a4de9bb\"><div class=\"gb-container gb-container-3a4de9bb\">\n\n<div class=\"wp-block-group is-nowrap is-layout-flex wp-container-core-group-is-layout-6c531013 wp-block-group-is-layout-flex\">\n<figure class=\"gb-block-image gb-block-image-6c418708\"><img fetchpriority=\"high\" decoding=\"async\" width=\"512\" height=\"512\" class=\"gb-image gb-image-6c418708\" src=\"https:\/\/venemigra.com\/wp-content\/uploads\/2024\/08\/venezuela-flag.png\" alt=\"Venezuela\" title=\"venezuela-flag\" srcset=\"https:\/\/venemigra.com\/wp-content\/uploads\/2024\/08\/venezuela-flag.png 512w, https:\/\/venemigra.com\/wp-content\/uploads\/2024\/08\/venezuela-flag-300x300.png 300w, https:\/\/venemigra.com\/wp-content\/uploads\/2024\/08\/venezuela-flag-150x150.png 150w, https:\/\/venemigra.com\/wp-content\/uploads\/2024\/08\/elementor\/thumbs\/venezuela-flag-qsjxtg4qxkt5yncvviwoj58648uic95db7lae47rvs.png 100w\" sizes=\"(max-width: 512px) 100vw, 512px\" \/><\/figure>\n<\/div>\n\n\n\n<div style=\"height:18px\" aria-hidden=\"true\" class=\"wp-block-spacer\"><\/div>\n\n\n\n<h5 class=\"gb-headline gb-headline-2bbbec28 gb-headline-text\">Venezuela:<\/h5>\n\n\n\n<p><strong>Our firm in Venezuela<\/strong>, <a href=\"https:\/\/venfort.com\/es\/\" target=\"_blank\" rel=\"noreferrer noopener nofollow\">Venfort Lawyers<\/a>, is prepared to offer you complete support in obtaining essential documents and in the preparation of all the necessary paperwork for your immigration process.<\/p>\n\n\n\n<p><strong>We have an expert team<\/strong> in international law and migration who will guide you from start to finish.<\/p>\n\n<\/div><\/div>\n\n<div class=\"gb-grid-column gb-grid-column-5254cd02\"><div class=\"gb-container gb-container-5254cd02\">\n\n<div class=\"wp-block-group is-nowrap is-layout-flex wp-container-core-group-is-layout-6c531013 wp-block-group-is-layout-flex\">\n<figure class=\"gb-block-image gb-block-image-401b7a09\"><img decoding=\"async\" width=\"512\" height=\"512\" class=\"gb-image gb-image-401b7a09\" src=\"https:\/\/venemigra.com\/wp-content\/uploads\/2024\/08\/colombia.png\" alt=\"Colombia\" title=\"colombia\" srcset=\"https:\/\/venemigra.com\/wp-content\/uploads\/2024\/08\/colombia.png 512w, https:\/\/venemigra.com\/wp-content\/uploads\/2024\/08\/colombia-300x300.png 300w, https:\/\/venemigra.com\/wp-content\/uploads\/2024\/08\/colombia-150x150.png 150w, https:\/\/venemigra.com\/wp-content\/uploads\/2024\/08\/elementor\/thumbs\/colombia-qsjxw4y9cxnfmi36tu7xma63gafu03oljp4zf8547c.png 500w, https:\/\/venemigra.com\/wp-content\/uploads\/2024\/08\/elementor\/thumbs\/colombia-qsjxw4y4hihp6hg966r95ysnaxlbd2tq0isatm882w.png 100w\" sizes=\"(max-width: 512px) 100vw, 512px\"><\/figure>\n\n\n\n<figure class=\"gb-block-image gb-block-image-4fea19b2\"><img decoding=\"async\" width=\"512\" height=\"512\" class=\"gb-image gb-image-4fea19b2\" src=\"https:\/\/venemigra.com\/wp-content\/uploads\/2024\/08\/mexico.png\" alt=\"Mexico\" title=\"mexico\" srcset=\"https:\/\/venemigra.com\/wp-content\/uploads\/2024\/08\/mexico.png 512w, https:\/\/venemigra.com\/wp-content\/uploads\/2024\/08\/mexico-300x300.png 300w, https:\/\/venemigra.com\/wp-content\/uploads\/2024\/08\/mexico-150x150.png 150w, https:\/\/venemigra.com\/wp-content\/uploads\/2024\/08\/elementor\/thumbs\/mexico-qsjxwy34ddll6e9xg1cot9fxpvlozp1egj0cp710q0.png 100w\" sizes=\"(max-width: 512px) 100vw, 512px\"><\/figure>\n\n\n\n<figure class=\"gb-block-image gb-block-image-af040ab9\"><img loading=\"lazy\" decoding=\"async\" width=\"512\" height=\"512\" class=\"gb-image gb-image-af040ab9\" src=\"https:\/\/venemigra.com\/wp-content\/uploads\/2024\/08\/republica-dominicana.png\" alt=\"Dominican Republic\" title=\"dominican republic\" srcset=\"https:\/\/venemigra.com\/wp-content\/uploads\/2024\/08\/republica-dominicana.png 512w, https:\/\/venemigra.com\/wp-content\/uploads\/2024\/08\/republica-dominicana-300x300.png 300w, https:\/\/venemigra.com\/wp-content\/uploads\/2024\/08\/republica-dominicana-150x150.png 150w, https:\/\/venemigra.com\/wp-content\/uploads\/2024\/08\/elementor\/thumbs\/republica-dominicana-qsjxxt3smws1tj0vewrdljm5blct1pgjksjdjbr10o.png 100w\" sizes=\"(max-width: 512px) 100vw, 512px\"><\/figure>\n\n\n\n<figure class=\"gb-block-image gb-block-image-eddb3315\"><img loading=\"lazy\" decoding=\"async\" width=\"512\" height=\"512\" class=\"gb-image gb-image-eddb3315\" src=\"https:\/\/venemigra.com\/wp-content\/uploads\/2024\/08\/panama.png\" alt=\"Panama\" title=\"panama\" srcset=\"https:\/\/venemigra.com\/wp-content\/uploads\/2024\/08\/panama.png 512w, https:\/\/venemigra.com\/wp-content\/uploads\/2024\/08\/panama-300x300.png 300w, https:\/\/venemigra.com\/wp-content\/uploads\/2024\/08\/panama-150x150.png 150w, https:\/\/venemigra.com\/wp-content\/uploads\/2024\/08\/elementor\/thumbs\/panama-qsjxy69jala2c2hra2g5kgalmzjy1gwsalo6977ilk.png 100w\" sizes=\"(max-width: 512px) 100vw, 512px\"><\/figure>\n<\/div>\n\n\n\n<div style=\"height:18px\" aria-hidden=\"true\" class=\"wp-block-spacer\"><\/div>\n\n\n\n<h5 class=\"gb-headline gb-headline-9915a608 gb-headline-text\">Network of Allies in Latin America:<\/h5>\n\n\n\n<p>We have strategic alliances in key countries in the region such as <strong>Colombia, Mexico, Dominican Republic and Panama<\/strong>.<\/p>\n\n\n\n<p><strong>These allies allow us to offer a comprehensive service<\/strong>, ensuring that documents and procedures comply with legal requirements both in your home country and in Spain.<\/p>\n\n<\/div><\/div>\n<\/div>\n<\/div>\n<\/div>\n\n<div class=\"gb-container gb-container-9b1ea252 alignfull\">\n<div class=\"gb-container gb-container-e27fb5df\">\n\n<h2 class=\"gb-headline gb-headline-2b3fea36 gb-headline-text\">Services Offered:<\/h2>\n\n\n<div class=\"gb-container gb-container-4fb65959\">\n\n\n<ul class=\"wp-block-list has-base-3-background-color has-background\">\n<li><strong>Personal Documents<\/strong>: We assist in obtaining passports, birth certificates, criminal records and any other documents necessary to initiate the immigration process.<\/li>\n\n\n\n<li><strong>Academic and Professional Documents<\/strong>: We facilitate the management of academic and labor certificates and other professional documents that may be required for studies or employment in Spain.<\/li>\n<\/ul>\n\n\n\n\n\n<ul class=\"wp-block-list has-base-3-background-color has-background\">\n<li><strong>Eligibility Evaluation<\/strong>: We perform a complete evaluation of your situation to determine the viability of your immigration process, explaining the steps to follow and the required documents.<\/li>\n\n\n\n<li><strong>Advice on Immigration Law<\/strong>: We offer you guidance on the immigration laws and regulations in force in Spain, ensuring that your process complies with all legal requirements.<\/li>\n<\/ul>\n\n\n\n\n\n<ul class=\"wp-block-list has-base-3-background-color has-background\">\n<li><strong>Process Tracking<\/strong>: We accompany you through every step of the process, from obtaining documents in your country of origin to your arrival in Spain.<\/li>\n\n\n\n<li><strong>International Coordination<\/strong>: We manage the coordination between our offices and partners, ensuring a smooth and seamless transition.<\/li>\n<\/ul>\n\n\n\n\n\n<ul class=\"wp-block-list has-base-3-background-color has-background\">\n<li><strong>Preparation for Arrival<\/strong>: We offer practical tips and advice on what to expect when you arrive in Spain, helping you to quickly integrate and settle into your new home.<\/li>\n<\/ul>\n\n\n<\/div>\n<\/div>\n<\/div>\n\n<div class=\"gb-container gb-container-cc2bb84e alignfull\">\n<div class=\"gb-container gb-container-e4fb6b1c\">\n\n<h3 class=\"gb-headline gb-headline-ea1d70ed gb-headline-text\">Join the people who have trusted us with the success of their legal and immigration process.<\/h3>\n\n\n<div class=\"gb-container gb-container-6f1206f1\">\n<div class=\"gb-grid-wrapper gb-grid-wrapper-74db93fd\">\n<div class=\"gb-grid-column gb-grid-column-8db96387\"><div class=\"gb-container gb-container-8db96387\">\n\n<h4 class=\"gb-headline gb-headline-5d50a2c7 gb-headline-text\">At Ven Emigra we are committed to helping you live, work or study in Spain legally.<\/h4>\n\n<\/div><\/div>\n\n<div class=\"gb-grid-column gb-grid-column-f7060bb3\"><div class=\"gb-container gb-container-f7060bb3\">\n\n<a class=\"gb-button gb-button-74de607c gb-button-text\" href=\"https:\/\/venemigra.com\/en\/request-advice\/\">ASK FOR ADVICE<\/a>\n\n<\/div><\/div>\n<\/div>\n<\/div>\n<\/div>\n<\/div>","protected":false},"excerpt":{"rendered":"<p>Venezuela\/LATAM Asistencia Integral en Latinoam\u00e9rica En Ven Emigra, entendemos que cada proceso migratorio comienza mucho antes de pisar tierras espa\u00f1olas. Para nuestros clientes en Am\u00e9rica Latina, hemos desarrollado una red de apoyo robusta y confiable gracias a nuestra presencia en Venezuela y la colaboraci\u00f3n con aliados estrat\u00e9gicos en toda la regi\u00f3n. Nuestra Presencia en Latinoam\u00e9rica [&hellip;]<\/p>\n","protected":false},"author":1,"featured_media":0,"parent":0,"menu_order":0,"comment_status":"closed","ping_status":"closed","template":"","meta":{"content-type":"","_monsterinsights_skip_tracking":false,"_monsterinsights_sitenote_active":false,"_monsterinsights_sitenote_note":"","_monsterinsights_sitenote_category":0,"site-sidebar-layout":"default","site-content-layout":"","ast-site-content-layout":"default","site-content-style":"default","site-sidebar-style":"default","ast-global-header-display":"","ast-banner-title-visibility":"","ast-main-header-display":"","ast-hfb-above-header-display":"","ast-hfb-below-header-display":"","ast-hfb-mobile-header-display":"","site-post-title":"","ast-breadcrumbs-content":"","ast-featured-img":"","footer-sml-layout":"","ast-disable-related-posts":"","theme-transparent-header-meta":"","adv-header-id-meta":"","stick-header-meta":"","header-above-stick-meta":"","header-main-stick-meta":"","header-below-stick-meta":"","astra-migrate-meta-layouts":"default","ast-page-background-enabled":"default","ast-page-background-meta":{"desktop":{"background-color":"","background-image":"","background-repeat":"repeat","background-position":"center center","background-size":"auto","background-attachment":"scroll","background-type":"","background-media":"","overlay-type":"","overlay-color":"","overlay-opacity":"","overlay-gradient":""},"tablet":{"background-color":"","background-image":"","background-repeat":"repeat","background-position":"center center","background-size":"auto","background-attachment":"scroll","background-type":"","background-media":"","overlay-type":"","overlay-color":"","overlay-opacity":"","overlay-gradient":""},"mobile":{"background-color":"","background-image":"","background-repeat":"repeat","background-position":"center center","background-size":"auto","background-attachment":"scroll","background-type":"","background-media":"","overlay-type":"","overlay-color":"","overlay-opacity":"","overlay-gradient":""}},"ast-content-background-meta":{"desktop":{"background-color":"var(--ast-global-color-5)","background-image":"","background-repeat":"repeat","background-position":"center center","background-size":"auto","background-attachment":"scroll","background-type":"","background-media":"","overlay-type":"","overlay-color":"","overlay-opacity":"","overlay-gradient":""},"tablet":{"background-color":"var(--ast-global-color-5)","background-image":"","background-repeat":"repeat","background-position":"center center","background-size":"auto","background-attachment":"scroll","background-type":"","background-media":"","overlay-type":"","overlay-color":"","overlay-opacity":"","overlay-gradient":""},"mobile":{"background-color":"var(--ast-global-color-5)","background-image":"","background-repeat":"repeat","background-position":"center center","background-size":"auto","background-attachment":"scroll","background-type":"","background-media":"","overlay-type":"","overlay-color":"","overlay-opacity":"","overlay-gradient":""}},"footnotes":""},"class_list":["post-83","page","type-page","status-publish","hentry"],"yoast_head":"<!-- This site is optimized with the Yoast SEO plugin v27.4 - https:\/\/yoast.com\/product\/yoast-seo-wordpress\/ -->\n<title>Venezuela - Ven Emigra - Soluciones Migratorias<\/title>\n<meta name=\"description\" content=\"Gracias a nuestra firma en Venezuela, Venfort Abogados, podemos proporcionar apoyo integral desde tu pa\u00eds de origen. Cont\u00e1ctanos hoy.\" \/>\n<meta name=\"robots\" content=\"index, follow, max-snippet:-1, max-image-preview:large, max-video-preview:-1\" \/>\n<link rel=\"canonical\" href=\"https:\/\/venemigra.com\/en\/venezuela\/\" \/>\n<meta property=\"og:locale\" content=\"en_US\" \/>\n<meta property=\"og:type\" content=\"article\" \/>\n<meta property=\"og:title\" content=\"Venezuela - Ven Emigra - Soluciones Migratorias\" \/>\n<meta property=\"og:description\" content=\"Gracias a nuestra firma en Venezuela, Venfort Abogados, podemos proporcionar apoyo integral desde tu pa\u00eds de origen. Cont\u00e1ctanos hoy.\" \/>\n<meta property=\"og:url\" content=\"https:\/\/venemigra.com\/en\/venezuela\/\" \/>\n<meta property=\"og:site_name\" content=\"Ven Emigra\" \/>\n<meta property=\"article:publisher\" content=\"https:\/\/www.facebook.com\/profile.php?id=61559877787902\" \/>\n<meta property=\"article:modified_time\" content=\"2024-08-13T15:00:14+00:00\" \/>\n<meta property=\"og:image\" content=\"https:\/\/venemigra.com\/wp-content\/uploads\/2024\/08\/venezuela-flag.png\" \/>\n<meta name=\"twitter:card\" content=\"summary_large_image\" \/>\n<meta name=\"twitter:site\" content=\"@ven_emigra\" \/>\n<meta name=\"twitter:label1\" content=\"Est. reading time\" \/>\n\t<meta name=\"twitter:data1\" content=\"3 minutes\" \/>\n<script type=\"application\/ld+json\" class=\"yoast-schema-graph\">{\"@context\":\"https:\\\/\\\/schema.org\",\"@graph\":[{\"@type\":\"WebPage\",\"@id\":\"https:\\\/\\\/venemigra.com\\\/venezuela\\\/\",\"url\":\"https:\\\/\\\/venemigra.com\\\/venezuela\\\/\",\"name\":\"Venezuela - Ven Emigra - Soluciones Migratorias\",\"isPartOf\":{\"@id\":\"https:\\\/\\\/venemigra.com\\\/#website\"},\"primaryImageOfPage\":{\"@id\":\"https:\\\/\\\/venemigra.com\\\/venezuela\\\/#primaryimage\"},\"image\":{\"@id\":\"https:\\\/\\\/venemigra.com\\\/venezuela\\\/#primaryimage\"},\"thumbnailUrl\":\"https:\\\/\\\/venemigra.com\\\/wp-content\\\/uploads\\\/2024\\\/08\\\/venezuela-flag.png\",\"datePublished\":\"2024-07-27T14:10:28+00:00\",\"dateModified\":\"2024-08-13T15:00:14+00:00\",\"description\":\"Gracias a nuestra firma en Venezuela, Venfort Abogados, podemos proporcionar apoyo integral desde tu pa\u00eds de origen. Cont\u00e1ctanos hoy.\",\"breadcrumb\":{\"@id\":\"https:\\\/\\\/venemigra.com\\\/venezuela\\\/#breadcrumb\"},\"inLanguage\":\"en-US\",\"potentialAction\":[{\"@type\":\"ReadAction\",\"target\":[\"https:\\\/\\\/venemigra.com\\\/venezuela\\\/\"]}]},{\"@type\":\"ImageObject\",\"inLanguage\":\"en-US\",\"@id\":\"https:\\\/\\\/venemigra.com\\\/venezuela\\\/#primaryimage\",\"url\":\"https:\\\/\\\/venemigra.com\\\/wp-content\\\/uploads\\\/2024\\\/08\\\/venezuela-flag.png\",\"contentUrl\":\"https:\\\/\\\/venemigra.com\\\/wp-content\\\/uploads\\\/2024\\\/08\\\/venezuela-flag.png\"},{\"@type\":\"BreadcrumbList\",\"@id\":\"https:\\\/\\\/venemigra.com\\\/venezuela\\\/#breadcrumb\",\"itemListElement\":[{\"@type\":\"ListItem\",\"position\":1,\"name\":\"Portada\",\"item\":\"https:\\\/\\\/venemigra.com\\\/es\\\/\"},{\"@type\":\"ListItem\",\"position\":2,\"name\":\"Venezuela\"}]},{\"@type\":\"WebSite\",\"@id\":\"https:\\\/\\\/venemigra.com\\\/#website\",\"url\":\"https:\\\/\\\/venemigra.com\\\/\",\"name\":\"VEN EMIGRA\",\"description\":\"\",\"publisher\":{\"@id\":\"https:\\\/\\\/venemigra.com\\\/#organization\"},\"potentialAction\":[{\"@type\":\"SearchAction\",\"target\":{\"@type\":\"EntryPoint\",\"urlTemplate\":\"https:\\\/\\\/venemigra.com\\\/?s={search_term_string}\"},\"query-input\":{\"@type\":\"PropertyValueSpecification\",\"valueRequired\":true,\"valueName\":\"search_term_string\"}}],\"inLanguage\":\"en-US\"},{\"@type\":\"Organization\",\"@id\":\"https:\\\/\\\/venemigra.com\\\/#organization\",\"name\":\"VEN EMIGRA\",\"url\":\"https:\\\/\\\/venemigra.com\\\/\",\"logo\":{\"@type\":\"ImageObject\",\"inLanguage\":\"en-US\",\"@id\":\"https:\\\/\\\/venemigra.com\\\/#\\\/schema\\\/logo\\\/image\\\/\",\"url\":\"https:\\\/\\\/venemigra.com\\\/wp-content\\\/uploads\\\/2026\\\/02\\\/cropped-cropped-cropped-Post-de-Instagram-Empresa-Corporativo-Servicios-Ilustrado-Azul-y-Blanco-1-1-1.webp\",\"contentUrl\":\"https:\\\/\\\/venemigra.com\\\/wp-content\\\/uploads\\\/2026\\\/02\\\/cropped-cropped-cropped-Post-de-Instagram-Empresa-Corporativo-Servicios-Ilustrado-Azul-y-Blanco-1-1-1.webp\",\"width\":706,\"height\":189,\"caption\":\"VEN EMIGRA\"},\"image\":{\"@id\":\"https:\\\/\\\/venemigra.com\\\/#\\\/schema\\\/logo\\\/image\\\/\"},\"sameAs\":[\"https:\\\/\\\/www.facebook.com\\\/profile.php?id=61559877787902\",\"https:\\\/\\\/x.com\\\/ven_emigra\",\"https:\\\/\\\/www.instagram.com\\\/ven_emigra\\\/\",\"https:\\\/\\\/www.youtube.com\\\/@Ven.Emigra\"]}]}<\/script>\n<!-- \/ Yoast SEO plugin. -->","yoast_head_json":{"title":"Venezuela - Ven Emigra - Immigration Solutions","description":"Thanks to our firm in Venezuela, Venfort Abogados, we can provide comprehensive support from your home country. Contact us today.","robots":{"index":"index","follow":"follow","max-snippet":"max-snippet:-1","max-image-preview":"max-image-preview:large","max-video-preview":"max-video-preview:-1"},"canonical":"https:\/\/venemigra.com\/en\/venezuela\/","og_locale":"en_US","og_type":"article","og_title":"Venezuela - Ven Emigra - Soluciones Migratorias","og_description":"Gracias a nuestra firma en Venezuela, Venfort Abogados, podemos proporcionar apoyo integral desde tu pa\u00eds de origen. Cont\u00e1ctanos hoy.","og_url":"https:\/\/venemigra.com\/en\/venezuela\/","og_site_name":"Ven Emigra","article_publisher":"https:\/\/www.facebook.com\/profile.php?id=61559877787902","article_modified_time":"2024-08-13T15:00:14+00:00","og_image":[{"url":"https:\/\/venemigra.com\/wp-content\/uploads\/2024\/08\/venezuela-flag.png","type":"","width":"","height":""}],"twitter_card":"summary_large_image","twitter_site":"@ven_emigra","twitter_misc":{"Est. reading time":"3 minutes"},"schema":{"@context":"https:\/\/schema.org","@graph":[{"@type":"WebPage","@id":"https:\/\/venemigra.com\/venezuela\/","url":"https:\/\/venemigra.com\/venezuela\/","name":"Venezuela - Ven Emigra - Immigration Solutions","isPartOf":{"@id":"https:\/\/venemigra.com\/#website"},"primaryImageOfPage":{"@id":"https:\/\/venemigra.com\/venezuela\/#primaryimage"},"image":{"@id":"https:\/\/venemigra.com\/venezuela\/#primaryimage"},"thumbnailUrl":"https:\/\/venemigra.com\/wp-content\/uploads\/2024\/08\/venezuela-flag.png","datePublished":"2024-07-27T14:10:28+00:00","dateModified":"2024-08-13T15:00:14+00:00","description":"Thanks to our firm in Venezuela, Venfort Abogados, we can provide comprehensive support from your home country. Contact us today.","breadcrumb":{"@id":"https:\/\/venemigra.com\/venezuela\/#breadcrumb"},"inLanguage":"en-US","potentialAction":[{"@type":"ReadAction","target":["https:\/\/venemigra.com\/venezuela\/"]}]},{"@type":"ImageObject","inLanguage":"en-US","@id":"https:\/\/venemigra.com\/venezuela\/#primaryimage","url":"https:\/\/venemigra.com\/wp-content\/uploads\/2024\/08\/venezuela-flag.png","contentUrl":"https:\/\/venemigra.com\/wp-content\/uploads\/2024\/08\/venezuela-flag.png"},{"@type":"BreadcrumbList","@id":"https:\/\/venemigra.com\/venezuela\/#breadcrumb","itemListElement":[{"@type":"ListItem","position":1,"name":"Portada","item":"https:\/\/venemigra.com\/es\/"},{"@type":"ListItem","position":2,"name":"Venezuela"}]},{"@type":"WebSite","@id":"https:\/\/venemigra.com\/#website","url":"https:\/\/venemigra.com\/","name":"COME EMIGRA","description":"","publisher":{"@id":"https:\/\/venemigra.com\/#organization"},"potentialAction":[{"@type":"SearchAction","target":{"@type":"EntryPoint","urlTemplate":"https:\/\/venemigra.com\/?s={search_term_string}"},"query-input":{"@type":"PropertyValueSpecification","valueRequired":true,"valueName":"search_term_string"}}],"inLanguage":"en-US"},{"@type":"Organization","@id":"https:\/\/venemigra.com\/#organization","name":"COME EMIGRA","url":"https:\/\/venemigra.com\/","logo":{"@type":"ImageObject","inLanguage":"en-US","@id":"https:\/\/venemigra.com\/#\/schema\/logo\/image\/","url":"https:\/\/venemigra.com\/wp-content\/uploads\/2026\/02\/cropped-cropped-cropped-Post-de-Instagram-Empresa-Corporativo-Servicios-Ilustrado-Azul-y-Blanco-1-1-1.webp","contentUrl":"https:\/\/venemigra.com\/wp-content\/uploads\/2026\/02\/cropped-cropped-cropped-Post-de-Instagram-Empresa-Corporativo-Servicios-Ilustrado-Azul-y-Blanco-1-1-1.webp","width":706,"height":189,"caption":"VEN EMIGRA"},"image":{"@id":"https:\/\/venemigra.com\/#\/schema\/logo\/image\/"},"sameAs":["https:\/\/www.facebook.com\/profile.php?id=61559877787902","https:\/\/x.com\/ven_emigra","https:\/\/www.instagram.com\/ven_emigra\/","https:\/\/www.youtube.com\/@Ven.Emigra"]}]}},"_links":{"self":[{"href":"https:\/\/venemigra.com\/en\/wp-json\/wp\/v2\/pages\/83","targetHints":{"allow":["GET"]}}],"collection":[{"href":"https:\/\/venemigra.com\/en\/wp-json\/wp\/v2\/pages"}],"about":[{"href":"https:\/\/venemigra.com\/en\/wp-json\/wp\/v2\/types\/page"}],"author":[{"embeddable":true,"href":"https:\/\/venemigra.com\/en\/wp-json\/wp\/v2\/users\/1"}],"replies":[{"embeddable":true,"href":"https:\/\/venemigra.com\/en\/wp-json\/wp\/v2\/comments?post=83"}],"version-history":[{"count":8,"href":"https:\/\/venemigra.com\/en\/wp-json\/wp\/v2\/pages\/83\/revisions"}],"predecessor-version":[{"id":2676,"href":"https:\/\/venemigra.com\/en\/wp-json\/wp\/v2\/pages\/83\/revisions\/2676"}],"wp:attachment":[{"href":"https:\/\/venemigra.com\/en\/wp-json\/wp\/v2\/media?parent=83"}],"curies":[{"name":"wp","href":"https:\/\/api.w.org\/{rel}","templated":true}]}}