{"id":2931,"date":"2026-02-12T12:14:28","date_gmt":"2026-02-12T11:14:28","guid":{"rendered":"https:\/\/venemigra.com\/?page_id=2931"},"modified":"2026-02-17T18:47:12","modified_gmt":"2026-02-17T17:47:12","slug":"cookies-policy","status":"publish","type":"page","link":"https:\/\/venemigra.com\/en\/politica-de-cookies\/","title":{"rendered":"Cookies Policy"},"content":{"rendered":"<div data-elementor-type=\"wp-page\" data-elementor-id=\"2931\" class=\"elementor elementor-2931\">\n\t\t\t\t<div class=\"elementor-element elementor-element-ab3fa7a e-flex e-con-boxed e-con e-parent\" data-id=\"ab3fa7a\" data-element_type=\"container\" data-e-type=\"container\">\n\t\t\t\t\t<div class=\"e-con-inner\">\n\t\t\t\t<div class=\"elementor-element elementor-element-5c27912 elementor-widget elementor-widget-heading\" data-id=\"5c27912\" data-element_type=\"widget\" data-e-type=\"widget\" data-widget_type=\"heading.default\">\n\t\t\t\t\t<h1 class=\"elementor-heading-title elementor-size-default\">Cookie Policy<\/h1>\t\t\t\t<\/div>\n\t\t\t\t\t<\/div>\n\t\t\t\t<\/div>\n\t\t<div class=\"elementor-element elementor-element-da48e82 e-flex e-con-boxed e-con e-parent\" data-id=\"da48e82\" data-element_type=\"container\" data-e-type=\"container\">\n\t\t\t\t\t<div class=\"e-con-inner\">\n\t\t\t\t<div class=\"elementor-element elementor-element-f87cfe1 elementor-widget elementor-widget-text-editor\" data-id=\"f87cfe1\" data-element_type=\"widget\" data-e-type=\"widget\" data-widget_type=\"text-editor.default\">\n\t\t\t\t\t\t\t\t\t<p class=\"has-text-align-left\" style=\"box-sizing: inherit; font-size: 16px; font-style: normal; font-weight: 400;\">VENFORT Abogados S.L., identified with N.I.F B56172588, telephone (+34) 618 93 92 85, e-mail contacto@venemigra.com and whose registered office is located at Paseo La Castellana 93C, 28046, Madrid, Spain is the \u201cData Controller\u201d of your personal data collected and processed through this website or at our headquarters in order to provide you with advice tailored to your needs.<\/p>\n<p style=\"box-sizing: inherit; font-size: 16px; font-style: normal; font-weight: 400;\">The term \"VENFORT\" used in this policy refers to VENFORT Abogados S.L.<\/p>\t\t\t\t\t\t\t\t<\/div>\n\t\t\t\t\t<\/div>\n\t\t\t\t<\/div>\n\t\t<div class=\"elementor-element elementor-element-157a8cf e-flex e-con-boxed e-con e-parent\" data-id=\"157a8cf\" data-element_type=\"container\" data-e-type=\"container\">\n\t\t\t\t\t<div class=\"e-con-inner\">\n\t\t\t\t<div class=\"elementor-element elementor-element-70344d6 elementor-widget elementor-widget-heading\" data-id=\"70344d6\" data-element_type=\"widget\" data-e-type=\"widget\" data-widget_type=\"heading.default\">\n\t\t\t\t\t<h2 class=\"elementor-heading-title elementor-size-default\">1. What is a cookie?<\/h2>\t\t\t\t<\/div>\n\t\t\t\t\t<\/div>\n\t\t\t\t<\/div>\n\t\t<div class=\"elementor-element elementor-element-ce05776 e-flex e-con-boxed e-con e-parent\" data-id=\"ce05776\" data-element_type=\"container\" data-e-type=\"container\">\n\t\t\t\t\t<div class=\"e-con-inner\">\n\t\t\t\t<div class=\"elementor-element elementor-element-b7fca97 elementor-widget elementor-widget-text-editor\" data-id=\"b7fca97\" data-element_type=\"widget\" data-e-type=\"widget\" data-widget_type=\"text-editor.default\">\n\t\t\t\t\t\t\t\t\t<p style=\"box-sizing: inherit; font-size: 16px; font-style: normal; font-weight: 400;\">A \"cookie\" is a data file that is downloaded to your device when you access certain web pages. Cookies allow a website to store and retrieve information about the browsing habits of the user or the user's device. Depending on the information they contain and how the device is used, cookies can be used to recognize the user and offer personalized services.<\/p><p style=\"box-sizing: inherit; font-size: 16px; font-style: normal; font-weight: 400;\">Cookies generally do not store sensitive information such as credit card numbers, bank details, photographs or personal information. Instead, they record technical data, statistics, user preferences and personalized settings.<\/p><p style=\"box-sizing: inherit; font-size: 16px; font-style: normal; font-weight: 400;\">The web server identifies your browser rather than you as an individual. For example, if you use the Chrome browser to visit a website and then visit it with Firefox, the site will not recognize that you are the same person, since the information is associated with the browser and not the user.<\/p>\t\t\t\t\t\t\t\t<\/div>\n\t\t\t\t\t<\/div>\n\t\t\t\t<\/div>\n\t\t<div class=\"elementor-element elementor-element-85bab7c e-flex e-con-boxed e-con e-parent\" data-id=\"85bab7c\" data-element_type=\"container\" data-e-type=\"container\">\n\t\t\t\t\t<div class=\"e-con-inner\">\n\t\t\t\t<div class=\"elementor-element elementor-element-42cbc6e elementor-widget elementor-widget-heading\" data-id=\"42cbc6e\" data-element_type=\"widget\" data-e-type=\"widget\" data-widget_type=\"heading.default\">\n\t\t\t\t\t<h2 class=\"elementor-heading-title elementor-size-default\">2. Cookies allowed by the regulations<\/h2>\t\t\t\t<\/div>\n\t\t\t\t\t<\/div>\n\t\t\t\t<\/div>\n\t\t<div class=\"elementor-element elementor-element-b70fddf e-flex e-con-boxed e-con e-parent\" data-id=\"b70fddf\" data-element_type=\"container\" data-e-type=\"container\">\n\t\t\t\t\t<div class=\"e-con-inner\">\n\t\t\t\t<div class=\"elementor-element elementor-element-3476f0c elementor-widget elementor-widget-text-editor\" data-id=\"3476f0c\" data-element_type=\"widget\" data-e-type=\"widget\" data-widget_type=\"text-editor.default\">\n\t\t\t\t\t\t\t\t\t<p>For the proper functioning of this website, we may store cookies on your device that are essential in accordance with current regulations. However, for the use of other types of cookies, such as analytics, advertising and affiliate cookies, we require your prior informed consent in accordance with EU directives. These cookies are not necessary for the basic operation of the website or for the provision of the services you request, but are intended to enhance your browsing experience and provide you with relevant content.<\/p>\t\t\t\t\t\t\t\t<\/div>\n\t\t\t\t\t<\/div>\n\t\t\t\t<\/div>\n\t\t<div class=\"elementor-element elementor-element-eb600c3 e-flex e-con-boxed e-con e-parent\" data-id=\"eb600c3\" data-element_type=\"container\" data-e-type=\"container\">\n\t\t\t\t\t<div class=\"e-con-inner\">\n\t\t\t\t<div class=\"elementor-element elementor-element-a5e1d14 elementor-widget elementor-widget-heading\" data-id=\"a5e1d14\" data-element_type=\"widget\" data-e-type=\"widget\" data-widget_type=\"heading.default\">\n\t\t\t\t\t<h2 class=\"elementor-heading-title elementor-size-default\">3. What kind of Cookies are there?<\/h2>\t\t\t\t<\/div>\n\t\t\t\t\t<\/div>\n\t\t\t\t<\/div>\n\t\t<div class=\"elementor-element elementor-element-383df48 e-flex e-con-boxed e-con e-parent\" data-id=\"383df48\" data-element_type=\"container\" data-e-type=\"container\">\n\t\t\t\t\t<div class=\"e-con-inner\">\n\t\t\t\t<div class=\"elementor-element elementor-element-86a756f elementor-widget elementor-widget-text-editor\" data-id=\"86a756f\" data-element_type=\"widget\" data-e-type=\"widget\" data-widget_type=\"text-editor.default\">\n\t\t\t\t\t\t\t\t\t<ul class=\"wp-block-list\" style=\"font-size: 16px; font-style: normal; font-weight: 400;\"><li style=\"box-sizing: inherit; font-size: 16px;\"><span style=\"box-sizing: inherit; font-weight: bold;\">Technical Cookies<\/span>These cookies are the most basic and allow, among other functions, to identify whether a human or an automated application is browsing, to differentiate between an anonymous user and a registered user, and to perform essential tasks for the operation of dynamic websites.<\/li><li style=\"box-sizing: inherit; font-size: 16px;\"><span style=\"box-sizing: inherit; font-weight: bold;\">Analytics Cookies<\/span>They collect data about your browsing, such as the sections you visit most frequently, the products you consult, the time of use, the language, among other details.<\/li><li style=\"box-sizing: inherit; font-size: 16px;\"><span style=\"box-sizing: inherit; font-weight: bold;\">Advertising Cookies<\/span>Display ads based on your browsing history, location, language and other related factors.<\/li><li style=\"box-sizing: inherit; font-size: 16px;\"><span style=\"box-sizing: inherit; font-weight: bold;\">Personalization cookies<\/span>They allow you to provide an experience tailored to your preferences, such as settings of options or services on the website, platforms or applications, for example, notification settings or preferences in help assistants.<\/li><\/ul>\t\t\t\t\t\t\t\t<\/div>\n\t\t\t\t\t<\/div>\n\t\t\t\t<\/div>\n\t\t<div class=\"elementor-element elementor-element-216cacc e-flex e-con-boxed e-con e-parent\" data-id=\"216cacc\" data-element_type=\"container\" data-e-type=\"container\">\n\t\t\t\t\t<div class=\"e-con-inner\">\n\t\t\t\t<div class=\"elementor-element elementor-element-8d19149 elementor-widget elementor-widget-heading\" data-id=\"8d19149\" data-element_type=\"widget\" data-e-type=\"widget\" data-widget_type=\"heading.default\">\n\t\t\t\t\t<h2 class=\"elementor-heading-title elementor-size-default\">4. What are first-party and third-party cookies?<\/h2>\t\t\t\t<\/div>\n\t\t\t\t\t<\/div>\n\t\t\t\t<\/div>\n\t\t<div class=\"elementor-element elementor-element-a5551d5 e-flex e-con-boxed e-con e-parent\" data-id=\"a5551d5\" data-element_type=\"container\" data-e-type=\"container\">\n\t\t\t\t\t<div class=\"e-con-inner\">\n\t\t\t\t<div class=\"elementor-element elementor-element-859a79a elementor-widget elementor-widget-text-editor\" data-id=\"859a79a\" data-element_type=\"widget\" data-e-type=\"widget\" data-widget_type=\"text-editor.default\">\n\t\t\t\t\t\t\t\t\t<p style=\"box-sizing: inherit; font-size: 16px; font-style: normal; font-weight: 400;\">First-party cookies are those created by the website you are visiting, while third-party cookies are generated by external services or providers.<\/p><p style=\"box-sizing: inherit; font-size: 16px; font-style: normal; font-weight: 400;\">If you accept third-party cookies and then decide to delete them, you can do so by using the cookie management tools available in the different browsers or through the mechanisms provided by such third parties, accessible through the links mentioned in the previous section.<\/p>\t\t\t\t\t\t\t\t<\/div>\n\t\t\t\t\t<\/div>\n\t\t\t\t<\/div>\n\t\t<div class=\"elementor-element elementor-element-d07aa5c e-flex e-con-boxed e-con e-parent\" data-id=\"d07aa5c\" data-element_type=\"container\" data-e-type=\"container\">\n\t\t\t\t\t<div class=\"e-con-inner\">\n\t\t\t\t<div class=\"elementor-element elementor-element-8b4a522 elementor-widget elementor-widget-heading\" data-id=\"8b4a522\" data-element_type=\"widget\" data-e-type=\"widget\" data-widget_type=\"heading.default\">\n\t\t\t\t\t<h2 class=\"elementor-heading-title elementor-size-default\">5. Can I delete cookies?<\/h2>\t\t\t\t<\/div>\n\t\t\t\t\t<\/div>\n\t\t\t\t<\/div>\n\t\t<div class=\"elementor-element elementor-element-f159985 e-flex e-con-boxed e-con e-parent\" data-id=\"f159985\" data-element_type=\"container\" data-e-type=\"container\">\n\t\t\t\t\t<div class=\"e-con-inner\">\n\t\t\t\t<div class=\"elementor-element elementor-element-d9fa734 elementor-widget elementor-widget-text-editor\" data-id=\"d9fa734\" data-element_type=\"widget\" data-e-type=\"widget\" data-widget_type=\"text-editor.default\">\n\t\t\t\t\t\t\t\t\t<p style=\"box-sizing: inherit; font-size: 16px; font-style: normal; font-weight: 400;\">Yes, it is possible not only to delete, but also to block cookies, either in general or specific to a particular domain.<\/p>\n<p style=\"box-sizing: inherit; font-size: 16px; font-style: normal; font-weight: 400;\">To delete cookies from a website, you must access your browser settings, find the cookies associated with the desired domain and proceed with their deletion.<\/p>\n<ul class=\"wp-block-list\" style=\"font-size: 16px; font-style: normal; font-weight: 400;\">\n<li style=\"box-sizing: inherit; font-size: 16px;\">Cookie settings for&nbsp;<a href=\"https:\/\/support.google.com\/chrome\/answer\/95647?hl=es\" target=\"_blank\" rel=\"nofollow noopener\">Google Chrome<\/a><\/li>\n<li style=\"box-sizing: inherit; font-size: 16px;\">Cookie settings for <a href=\"https:\/\/support.apple.com\/es-es\/105082\" rel=\"nofollow noopener\" target=\"_blank\">Safari at Apple<\/a><\/li>\n<li style=\"box-sizing: inherit; font-size: 16px;\">Cookie settings for <a href=\"https:\/\/support.microsoft.com\/en-us\/windows\/manage-cookies-in-microsoft-edge-view-allow-block-delete-and-use-168dab11-0753-043d-7c16-ede5947fc64d#ie=ie-10\" rel=\"nofollow noopener\" target=\"_blank\">Internet Explorer<\/a><\/li>\n<li style=\"box-sizing: inherit; font-size: 16px;\">Cookie settings for <a href=\"https:\/\/support.mozilla.org\/es\/kb\/Protecci%C3%B3n-contra-el-rastreo-mejorada-en-Firefox-para-escritorio?redirectlocale=en-US&amp;redirectslug=enable-and-disable-cookies-website-preferences\" rel=\"nofollow noopener\" target=\"_blank\">Mozilla Firefox<\/a><\/li>\n<\/ul>\t\t\t\t\t\t\t\t<\/div>\n\t\t\t\t\t<\/div>\n\t\t\t\t<\/div>\n\t\t<div class=\"elementor-element elementor-element-f88da71 e-flex e-con-boxed e-con e-parent\" data-id=\"f88da71\" data-element_type=\"container\" data-e-type=\"container\">\n\t\t\t\t\t<div class=\"e-con-inner\">\n\t\t\t\t<div class=\"elementor-element elementor-element-3615cae elementor-widget elementor-widget-heading\" data-id=\"3615cae\" data-element_type=\"widget\" data-e-type=\"widget\" data-widget_type=\"heading.default\">\n\t\t\t\t\t<h2 class=\"elementor-heading-title elementor-size-default\">6. Configure or disable cookies<\/h2>\t\t\t\t<\/div>\n\t\t\t\t\t<\/div>\n\t\t\t\t<\/div>\n\t\t<div class=\"elementor-element elementor-element-a90640b e-flex e-con-boxed e-con e-parent\" data-id=\"a90640b\" data-element_type=\"container\" data-e-type=\"container\">\n\t\t\t\t\t<div class=\"e-con-inner\">\n\t\t\t\t<div class=\"elementor-element elementor-element-3621ef1 elementor-widget elementor-widget-text-editor\" data-id=\"3621ef1\" data-element_type=\"widget\" data-e-type=\"widget\" data-widget_type=\"text-editor.default\">\n\t\t\t\t\t\t\t\t\t<p style=\"box-sizing: inherit; font-size: 16px; font-style: normal; font-weight: 400;\">The user can, at any time, configure their browser to receive notifications about the reception of cookies and to block their installation on their device, or revoke the consent previously granted. However, disabling cookies may affect the operation of the website.<\/p>\n<p style=\"box-sizing: inherit; font-size: 16px; font-style: normal; font-weight: 400;\">We recommend that you consult the instructions and manuals of your browser for more information and to learn about the different options available to manage cookies.<\/p>\n<p class=\"has-text-align-left\" style=\"box-sizing: inherit; font-size: 16px; font-style: normal; font-weight: 400;\">This cookie policy was last updated on February 12, 2026.<\/p>\t\t\t\t\t\t\t\t<\/div>\n\t\t\t\t\t<\/div>\n\t\t\t\t<\/div>\n\t\t\t\t<\/div>","protected":false},"excerpt":{"rendered":"<p>Pol\u00edtica de cookies VENFORT Abogados S.L., identificado con el N.I.F B56172588, tel\u00e9fono (+34) 618 93 92 85, con correo electr\u00f3nico contacto@venemigra.com y cuyo domicilio social est\u00e1 ubicado en Paseo La Castellana 93C, 28046, Madrid, Espa\u00f1a es el \u201cResponsable del tratamiento\u201d de sus datos personales recogidos y tratados a trav\u00e9s de este sitio web o en [&hellip;]<\/p>\n","protected":false},"author":2,"featured_media":0,"parent":0,"menu_order":0,"comment_status":"closed","ping_status":"closed","template":"","meta":{"content-type":"","_monsterinsights_skip_tracking":false,"_monsterinsights_sitenote_active":false,"_monsterinsights_sitenote_note":"","_monsterinsights_sitenote_category":0,"site-sidebar-layout":"no-sidebar","site-content-layout":"page-builder","ast-site-content-layout":"full-width-container","site-content-style":"default","site-sidebar-style":"default","ast-global-header-display":"","ast-banner-title-visibility":"","ast-main-header-display":"","ast-hfb-above-header-display":"","ast-hfb-below-header-display":"","ast-hfb-mobile-header-display":"","site-post-title":"","ast-breadcrumbs-content":"","ast-featured-img":"disabled","footer-sml-layout":"","ast-disable-related-posts":"","theme-transparent-header-meta":"","adv-header-id-meta":"","stick-header-meta":"","header-above-stick-meta":"","header-main-stick-meta":"","header-below-stick-meta":"","astra-migrate-meta-layouts":"default","ast-page-background-enabled":"default","ast-page-background-meta":{"desktop":{"background-color":"","background-image":"","background-repeat":"repeat","background-position":"center center","background-size":"auto","background-attachment":"scroll","background-type":"","background-media":"","overlay-type":"","overlay-color":"","overlay-opacity":"","overlay-gradient":""},"tablet":{"background-color":"","background-image":"","background-repeat":"repeat","background-position":"center center","background-size":"auto","background-attachment":"scroll","background-type":"","background-media":"","overlay-type":"","overlay-color":"","overlay-opacity":"","overlay-gradient":""},"mobile":{"background-color":"","background-image":"","background-repeat":"repeat","background-position":"center center","background-size":"auto","background-attachment":"scroll","background-type":"","background-media":"","overlay-type":"","overlay-color":"","overlay-opacity":"","overlay-gradient":""}},"ast-content-background-meta":{"desktop":{"background-color":"var(--ast-global-color-5)","background-image":"","background-repeat":"repeat","background-position":"center center","background-size":"auto","background-attachment":"scroll","background-type":"","background-media":"","overlay-type":"","overlay-color":"","overlay-opacity":"","overlay-gradient":""},"tablet":{"background-color":"var(--ast-global-color-5)","background-image":"","background-repeat":"repeat","background-position":"center center","background-size":"auto","background-attachment":"scroll","background-type":"","background-media":"","overlay-type":"","overlay-color":"","overlay-opacity":"","overlay-gradient":""},"mobile":{"background-color":"var(--ast-global-color-5)","background-image":"","background-repeat":"repeat","background-position":"center center","background-size":"auto","background-attachment":"scroll","background-type":"","background-media":"","overlay-type":"","overlay-color":"","overlay-opacity":"","overlay-gradient":""}},"footnotes":""},"class_list":["post-2931","page","type-page","status-publish","hentry"],"yoast_head":"<!-- This site is optimized with the Yoast SEO plugin v27.4 - https:\/\/yoast.com\/product\/yoast-seo-wordpress\/ -->\n<title>Pol\u00edtica de Cookies - Ven Emigra<\/title>\n<meta name=\"robots\" content=\"index, follow, max-snippet:-1, max-image-preview:large, max-video-preview:-1\" \/>\n<link rel=\"canonical\" href=\"https:\/\/venemigra.com\/en\/cookies-policy\/\" \/>\n<meta property=\"og:locale\" content=\"en_US\" \/>\n<meta property=\"og:type\" content=\"article\" \/>\n<meta property=\"og:title\" content=\"Pol\u00edtica de Cookies - Ven Emigra\" \/>\n<meta property=\"og:description\" content=\"Pol\u00edtica de cookies VENFORT Abogados S.L., identificado con el N.I.F B56172588, tel\u00e9fono (+34) 618 93 92 85, con correo electr\u00f3nico contacto@venemigra.com y cuyo domicilio social est\u00e1 ubicado en Paseo La Castellana 93C, 28046, Madrid, Espa\u00f1a es el \u201cResponsable del tratamiento\u201d de sus datos personales recogidos y tratados a trav\u00e9s de este sitio web o en [&hellip;]\" \/>\n<meta property=\"og:url\" content=\"https:\/\/venemigra.com\/en\/cookies-policy\/\" \/>\n<meta property=\"og:site_name\" content=\"Ven Emigra\" \/>\n<meta property=\"article:publisher\" content=\"https:\/\/www.facebook.com\/profile.php?id=61559877787902\" \/>\n<meta property=\"article:modified_time\" content=\"2026-02-17T17:47:12+00:00\" \/>\n<meta name=\"twitter:card\" content=\"summary_large_image\" \/>\n<meta name=\"twitter:site\" content=\"@ven_emigra\" \/>\n<meta name=\"twitter:label1\" content=\"Est. reading time\" \/>\n\t<meta name=\"twitter:data1\" content=\"4 minutes\" \/>\n<script type=\"application\/ld+json\" class=\"yoast-schema-graph\">{\"@context\":\"https:\\\/\\\/schema.org\",\"@graph\":[{\"@type\":\"WebPage\",\"@id\":\"https:\\\/\\\/venemigra.com\\\/politica-de-cookies\\\/\",\"url\":\"https:\\\/\\\/venemigra.com\\\/politica-de-cookies\\\/\",\"name\":\"Pol\u00edtica de Cookies - Ven Emigra\",\"isPartOf\":{\"@id\":\"https:\\\/\\\/venemigra.com\\\/#website\"},\"datePublished\":\"2026-02-12T11:14:28+00:00\",\"dateModified\":\"2026-02-17T17:47:12+00:00\",\"breadcrumb\":{\"@id\":\"https:\\\/\\\/venemigra.com\\\/politica-de-cookies\\\/#breadcrumb\"},\"inLanguage\":\"en-US\",\"potentialAction\":[{\"@type\":\"ReadAction\",\"target\":[\"https:\\\/\\\/venemigra.com\\\/politica-de-cookies\\\/\"]}]},{\"@type\":\"BreadcrumbList\",\"@id\":\"https:\\\/\\\/venemigra.com\\\/politica-de-cookies\\\/#breadcrumb\",\"itemListElement\":[{\"@type\":\"ListItem\",\"position\":1,\"name\":\"Portada\",\"item\":\"https:\\\/\\\/venemigra.com\\\/es\\\/\"},{\"@type\":\"ListItem\",\"position\":2,\"name\":\"Pol\u00edtica de Cookies\"}]},{\"@type\":\"WebSite\",\"@id\":\"https:\\\/\\\/venemigra.com\\\/#website\",\"url\":\"https:\\\/\\\/venemigra.com\\\/\",\"name\":\"VEN EMIGRA\",\"description\":\"\",\"publisher\":{\"@id\":\"https:\\\/\\\/venemigra.com\\\/#organization\"},\"potentialAction\":[{\"@type\":\"SearchAction\",\"target\":{\"@type\":\"EntryPoint\",\"urlTemplate\":\"https:\\\/\\\/venemigra.com\\\/?s={search_term_string}\"},\"query-input\":{\"@type\":\"PropertyValueSpecification\",\"valueRequired\":true,\"valueName\":\"search_term_string\"}}],\"inLanguage\":\"en-US\"},{\"@type\":\"Organization\",\"@id\":\"https:\\\/\\\/venemigra.com\\\/#organization\",\"name\":\"VEN EMIGRA\",\"url\":\"https:\\\/\\\/venemigra.com\\\/\",\"logo\":{\"@type\":\"ImageObject\",\"inLanguage\":\"en-US\",\"@id\":\"https:\\\/\\\/venemigra.com\\\/#\\\/schema\\\/logo\\\/image\\\/\",\"url\":\"https:\\\/\\\/venemigra.com\\\/wp-content\\\/uploads\\\/2026\\\/02\\\/cropped-cropped-cropped-Post-de-Instagram-Empresa-Corporativo-Servicios-Ilustrado-Azul-y-Blanco-1-1-1.webp\",\"contentUrl\":\"https:\\\/\\\/venemigra.com\\\/wp-content\\\/uploads\\\/2026\\\/02\\\/cropped-cropped-cropped-Post-de-Instagram-Empresa-Corporativo-Servicios-Ilustrado-Azul-y-Blanco-1-1-1.webp\",\"width\":706,\"height\":189,\"caption\":\"VEN EMIGRA\"},\"image\":{\"@id\":\"https:\\\/\\\/venemigra.com\\\/#\\\/schema\\\/logo\\\/image\\\/\"},\"sameAs\":[\"https:\\\/\\\/www.facebook.com\\\/profile.php?id=61559877787902\",\"https:\\\/\\\/x.com\\\/ven_emigra\",\"https:\\\/\\\/www.instagram.com\\\/ven_emigra\\\/\",\"https:\\\/\\\/www.youtube.com\\\/@Ven.Emigra\"]}]}<\/script>\n<!-- \/ Yoast SEO plugin. -->","yoast_head_json":{"title":"Cookie Policy - Ven Emigra","robots":{"index":"index","follow":"follow","max-snippet":"max-snippet:-1","max-image-preview":"max-image-preview:large","max-video-preview":"max-video-preview:-1"},"canonical":"https:\/\/venemigra.com\/en\/cookies-policy\/","og_locale":"en_US","og_type":"article","og_title":"Pol\u00edtica de Cookies - Ven Emigra","og_description":"Pol\u00edtica de cookies VENFORT Abogados S.L., identificado con el N.I.F B56172588, tel\u00e9fono (+34) 618 93 92 85, con correo electr\u00f3nico contacto@venemigra.com y cuyo domicilio social est\u00e1 ubicado en Paseo La Castellana 93C, 28046, Madrid, Espa\u00f1a es el \u201cResponsable del tratamiento\u201d de sus datos personales recogidos y tratados a trav\u00e9s de este sitio web o en [&hellip;]","og_url":"https:\/\/venemigra.com\/en\/cookies-policy\/","og_site_name":"Ven Emigra","article_publisher":"https:\/\/www.facebook.com\/profile.php?id=61559877787902","article_modified_time":"2026-02-17T17:47:12+00:00","twitter_card":"summary_large_image","twitter_site":"@ven_emigra","twitter_misc":{"Est. reading time":"4 minutes"},"schema":{"@context":"https:\/\/schema.org","@graph":[{"@type":"WebPage","@id":"https:\/\/venemigra.com\/politica-de-cookies\/","url":"https:\/\/venemigra.com\/politica-de-cookies\/","name":"Cookie Policy - Ven Emigra","isPartOf":{"@id":"https:\/\/venemigra.com\/#website"},"datePublished":"2026-02-12T11:14:28+00:00","dateModified":"2026-02-17T17:47:12+00:00","breadcrumb":{"@id":"https:\/\/venemigra.com\/politica-de-cookies\/#breadcrumb"},"inLanguage":"en-US","potentialAction":[{"@type":"ReadAction","target":["https:\/\/venemigra.com\/politica-de-cookies\/"]}]},{"@type":"BreadcrumbList","@id":"https:\/\/venemigra.com\/politica-de-cookies\/#breadcrumb","itemListElement":[{"@type":"ListItem","position":1,"name":"Portada","item":"https:\/\/venemigra.com\/es\/"},{"@type":"ListItem","position":2,"name":"Pol\u00edtica de Cookies"}]},{"@type":"WebSite","@id":"https:\/\/venemigra.com\/#website","url":"https:\/\/venemigra.com\/","name":"COME EMIGRA","description":"","publisher":{"@id":"https:\/\/venemigra.com\/#organization"},"potentialAction":[{"@type":"SearchAction","target":{"@type":"EntryPoint","urlTemplate":"https:\/\/venemigra.com\/?s={search_term_string}"},"query-input":{"@type":"PropertyValueSpecification","valueRequired":true,"valueName":"search_term_string"}}],"inLanguage":"en-US"},{"@type":"Organization","@id":"https:\/\/venemigra.com\/#organization","name":"COME EMIGRA","url":"https:\/\/venemigra.com\/","logo":{"@type":"ImageObject","inLanguage":"en-US","@id":"https:\/\/venemigra.com\/#\/schema\/logo\/image\/","url":"https:\/\/venemigra.com\/wp-content\/uploads\/2026\/02\/cropped-cropped-cropped-Post-de-Instagram-Empresa-Corporativo-Servicios-Ilustrado-Azul-y-Blanco-1-1-1.webp","contentUrl":"https:\/\/venemigra.com\/wp-content\/uploads\/2026\/02\/cropped-cropped-cropped-Post-de-Instagram-Empresa-Corporativo-Servicios-Ilustrado-Azul-y-Blanco-1-1-1.webp","width":706,"height":189,"caption":"VEN EMIGRA"},"image":{"@id":"https:\/\/venemigra.com\/#\/schema\/logo\/image\/"},"sameAs":["https:\/\/www.facebook.com\/profile.php?id=61559877787902","https:\/\/x.com\/ven_emigra","https:\/\/www.instagram.com\/ven_emigra\/","https:\/\/www.youtube.com\/@Ven.Emigra"]}]}},"_links":{"self":[{"href":"https:\/\/venemigra.com\/en\/wp-json\/wp\/v2\/pages\/2931","targetHints":{"allow":["GET"]}}],"collection":[{"href":"https:\/\/venemigra.com\/en\/wp-json\/wp\/v2\/pages"}],"about":[{"href":"https:\/\/venemigra.com\/en\/wp-json\/wp\/v2\/types\/page"}],"author":[{"embeddable":true,"href":"https:\/\/venemigra.com\/en\/wp-json\/wp\/v2\/users\/2"}],"replies":[{"embeddable":true,"href":"https:\/\/venemigra.com\/en\/wp-json\/wp\/v2\/comments?post=2931"}],"version-history":[{"count":13,"href":"https:\/\/venemigra.com\/en\/wp-json\/wp\/v2\/pages\/2931\/revisions"}],"predecessor-version":[{"id":3545,"href":"https:\/\/venemigra.com\/en\/wp-json\/wp\/v2\/pages\/2931\/revisions\/3545"}],"wp:attachment":[{"href":"https:\/\/venemigra.com\/en\/wp-json\/wp\/v2\/media?parent=2931"}],"curies":[{"name":"wp","href":"https:\/\/api.w.org\/{rel}","templated":true}]}}