{"id":2915,"date":"2026-02-11T22:54:22","date_gmt":"2026-02-11T21:54:22","guid":{"rendered":"https:\/\/venemigra.com\/?page_id=2915"},"modified":"2026-02-17T16:16:25","modified_gmt":"2026-02-17T15:16:25","slug":"legal-notice","status":"publish","type":"page","link":"https:\/\/venemigra.com\/en\/aviso-legal\/","title":{"rendered":"Legal Notice"},"content":{"rendered":"<div data-elementor-type=\"wp-page\" data-elementor-id=\"2915\" class=\"elementor elementor-2915\">\n\t\t\t\t<div class=\"elementor-element elementor-element-d8d5c16 e-flex e-con-boxed e-con e-parent\" data-id=\"d8d5c16\" data-element_type=\"container\" data-e-type=\"container\">\n\t\t\t\t\t<div class=\"e-con-inner\">\n\t\t\t\t<div class=\"elementor-element elementor-element-02f7174 elementor-widget elementor-widget-heading\" data-id=\"02f7174\" data-element_type=\"widget\" data-e-type=\"widget\" data-widget_type=\"heading.default\">\n\t\t\t\t\t<h1 class=\"elementor-heading-title elementor-size-default\">Legal Notice<\/h1>\t\t\t\t<\/div>\n\t\t\t\t<div class=\"elementor-element elementor-element-d0c389c elementor-widget elementor-widget-text-editor\" data-id=\"d0c389c\" data-element_type=\"widget\" data-e-type=\"widget\" data-widget_type=\"text-editor.default\">\n\t\t\t\t\t\t\t\t\t<p style=\"box-sizing: inherit; font-size: 16px; font-style: normal; font-weight: 400;\">VENFORT Abogados S.L., identified with N.I.F B56172588, telephone (+34) 618 93 92 85, e-mail contacto@venemigra.com and whose registered office is located at Paseo La Castellana 93C, 28046, Madrid, Spain is the \u201cData Controller\u201d of your personal data collected and processed through this website or at our headquarters in order to provide you with advice tailored to your needs.<\/p>\n<p style=\"box-sizing: inherit; font-size: 16px; font-style: normal; font-weight: 400;\">The terms \u201cVENFORT\u00bb and \u00abVen Emigra\u201d used in this policy refer to VENFORT Abogados S.L.<\/p>\n<p style=\"box-sizing: inherit; font-size: 16px; font-style: normal; font-weight: 400;\">On this website, users will be able to access all information related to the legal terms and conditions governing the relationship between them and our entity as site administrators. As a user, it is essential that you understand these terms before continuing to browse the website.<\/p>\n<p style=\"box-sizing: inherit; font-size: 16px; font-style: normal; font-weight: 400;\">As responsible for this site, Ven Emigra\/Venfort is committed to manage the information of our users and clients with total guarantee, complying with the national and European regulations that regulate the collection and use of personal data.<\/p>\n<p style=\"box-sizing: inherit; font-size: 16px; font-style: normal; font-weight: 400;\">Therefore, this website strictly complies with Regulation (EU) 2016\/679 of the European Parliament and of the Council of 27 April 2016 on the protection of natural persons with regard to the processing of personal data (GDPR). We also comply with Organic Law 3\/2018, of December 5, on the Protection of Personal Data and Guarantee of Digital Rights (LOPDGDD), as well as with Law 34\/2002, of July 11, on Information Society Services and Electronic Commerce (LSSICE or LSSI).<\/p>\t\t\t\t\t\t\t\t<\/div>\n\t\t\t\t<div class=\"elementor-element elementor-element-2f6214d elementor-widget elementor-widget-heading\" data-id=\"2f6214d\" data-element_type=\"widget\" data-e-type=\"widget\" data-widget_type=\"heading.default\">\n\t\t\t\t\t<h2 class=\"elementor-heading-title elementor-size-default\">General Conditions of Use<\/h2>\t\t\t\t<\/div>\n\t\t\t\t<div class=\"elementor-element elementor-element-7e3e0bd elementor-widget elementor-widget-text-editor\" data-id=\"7e3e0bd\" data-element_type=\"widget\" data-e-type=\"widget\" data-widget_type=\"text-editor.default\">\n\t\t\t\t\t\t\t\t\t<p>These General Conditions establish the rules for the use, including access, of the web pages that are part of the Ven Emigra site. This includes all the contents and services available therein. Any person accessing the website www.venemigra.com (hereinafter, \u201cuser\u201d) agrees to comply with the General Conditions in force at the time of their visit.<\/p>\t\t\t\t\t\t\t\t<\/div>\n\t\t\t\t<div class=\"elementor-element elementor-element-45c7321 elementor-widget elementor-widget-heading\" data-id=\"45c7321\" data-element_type=\"widget\" data-e-type=\"widget\" data-widget_type=\"heading.default\">\n\t\t\t\t\t<h2 class=\"elementor-heading-title elementor-size-default\">Content<\/h2>\t\t\t\t<\/div>\n\t\t\t\t\t<\/div>\n\t\t\t\t<\/div>\n\t\t<div class=\"elementor-element elementor-element-693decb e-flex e-con-boxed e-con e-parent\" data-id=\"693decb\" data-element_type=\"container\" data-e-type=\"container\">\n\t\t\t\t\t<div class=\"e-con-inner\">\n\t\t\t\t<div class=\"elementor-element elementor-element-ffbbf31 elementor-widget elementor-widget-text-editor\" data-id=\"ffbbf31\" data-element_type=\"widget\" data-e-type=\"widget\" data-widget_type=\"text-editor.default\">\n\t\t\t\t\t\t\t\t\t<p style=\"box-sizing: inherit; font-size: 16px; font-style: normal; font-weight: 400;\">This website contains information, multimedia content and materials that have been compiled by the owner from sources believed to be reliable. However, the owner does not warrant that the information is accurate, complete or up to date at all times. Therefore, it assumes no responsibility for any errors or omissions in the information presented on the pages of this website.<\/p><p style=\"box-sizing: inherit; font-size: 16px; font-style: normal; font-weight: 400;\">The owner reserves the right to modify, suspend, cancel or restrict the content of the website, including links or information obtained through it, without prior notice. The owner shall not be liable for any damages that may arise from the use of the information provided on this website.<\/p>\t\t\t\t\t\t\t\t<\/div>\n\t\t\t\t\t<\/div>\n\t\t\t\t<\/div>\n\t\t<div class=\"elementor-element elementor-element-01737fc e-flex e-con-boxed e-con e-parent\" data-id=\"01737fc\" data-element_type=\"container\" data-e-type=\"container\">\n\t\t\t\t\t<div class=\"e-con-inner\">\n\t\t\t\t<div class=\"elementor-element elementor-element-9aca8c3 elementor-widget elementor-widget-heading\" data-id=\"9aca8c3\" data-element_type=\"widget\" data-e-type=\"widget\" data-widget_type=\"heading.default\">\n\t\t\t\t\t<h2 class=\"elementor-heading-title elementor-size-default\">Commitments and Obligations of Users<\/h2>\t\t\t\t<\/div>\n\t\t\t\t\t<\/div>\n\t\t\t\t<\/div>\n\t\t<div class=\"elementor-element elementor-element-5c88c62 e-flex e-con-boxed e-con e-parent\" data-id=\"5c88c62\" data-element_type=\"container\" data-e-type=\"container\">\n\t\t\t\t\t<div class=\"e-con-inner\">\n\t\t\t\t<div class=\"elementor-element elementor-element-d453647 elementor-widget elementor-widget-text-editor\" data-id=\"d453647\" data-element_type=\"widget\" data-e-type=\"widget\" data-widget_type=\"text-editor.default\">\n\t\t\t\t\t\t\t\t\t<p style=\"box-sizing: inherit; font-size: 16px; font-style: normal; font-weight: 400;\">The user is informed and accepts that accessing this website does not imply, in any case, the beginning of a business relationship with VENFORT. Consequently, the user agrees to use the website, its services and contents in accordance with current legislation, good faith and public order.<\/p><p style=\"box-sizing: inherit; font-size: 16px; font-style: normal; font-weight: 400;\">It is forbidden to use the website and its contents for illegal, harmful purposes, or in any way that may impair or interfere with the normal operation of the site. In relation to the contents of this website, it is prohibited:<\/p><ul class=\"wp-block-list\" style=\"font-size: 16px; font-style: normal; font-weight: 400;\"><li style=\"box-sizing: inherit; font-size: 16px;\">Reproduce, distribute or modify partially or totally the contents without authorization of the legitimate owners.<\/li><li style=\"box-sizing: inherit; font-size: 16px;\">Infringe the rights of the provider or the legitimate owners.<\/li><li style=\"box-sizing: inherit; font-size: 16px;\">Use the content for commercial or advertising purposes.<\/li><\/ul><p style=\"box-sizing: inherit; font-size: 16px; font-style: normal; font-weight: 400;\">By using the website www.venemigra.com, the user undertakes not to carry out any action that may damage the image, interests or rights of VENFORT or third parties. Likewise, the user must not carry out actions that may damage, render useless, overload or negatively affect our portal, preventing its normal operation. This includes acts that may damage the contents, computer equipment, documents, files, or any content stored by the owner.<\/p><p style=\"box-sizing: inherit; font-size: 16px; font-style: normal; font-weight: 400;\">It is important that the user is aware that security measures in computer systems on the Internet are not completely reliable. Therefore, www.venemigra.com cannot guarantee the absence of malware or other elements that may alter the user's computer systems (software and hardware) or its electronic documents and files. However, we implement all necessary means and take appropriate security measures to prevent the presence of these harmful elements.<\/p>\t\t\t\t\t\t\t\t<\/div>\n\t\t\t\t\t<\/div>\n\t\t\t\t<\/div>\n\t\t<div class=\"elementor-element elementor-element-90f86bb e-flex e-con-boxed e-con e-parent\" data-id=\"90f86bb\" data-element_type=\"container\" data-e-type=\"container\">\n\t\t\t\t\t<div class=\"e-con-inner\">\n\t\t\t\t<div class=\"elementor-element elementor-element-fa736c4 elementor-widget elementor-widget-heading\" data-id=\"fa736c4\" data-element_type=\"widget\" data-e-type=\"widget\" data-widget_type=\"heading.default\">\n\t\t\t\t\t<h2 class=\"elementor-heading-title elementor-size-default\">Security Measures<\/h2>\t\t\t\t<\/div>\n\t\t\t\t\t<\/div>\n\t\t\t\t<\/div>\n\t\t<div class=\"elementor-element elementor-element-80461af e-flex e-con-boxed e-con e-parent\" data-id=\"80461af\" data-element_type=\"container\" data-e-type=\"container\">\n\t\t\t\t\t<div class=\"e-con-inner\">\n\t\t\t\t<div class=\"elementor-element elementor-element-45fd44c elementor-widget elementor-widget-text-editor\" data-id=\"45fd44c\" data-element_type=\"widget\" data-e-type=\"widget\" data-widget_type=\"text-editor.default\">\n\t\t\t\t\t\t\t\t\t<p style=\"box-sizing: inherit; font-size: 16px; font-style: normal; font-weight: 400;\">The personal data provided by the user to VENFORT may be stored in databases, automated or not, whose property belongs exclusively to VENFORT ABOGADOS S.L. This entity is responsible for implementing all technical, organizational and security measures necessary to ensure the confidentiality, integrity and quality of the information contained in such databases, in accordance with current data protection regulations.<\/p><p style=\"box-sizing: inherit; font-size: 16px; font-style: normal; font-weight: 400;\">Although appropriate security measures are taken, there is a possibility of security breaches or attacks on computer systems, such as viruses or other harmful actions.<\/p>\t\t\t\t\t\t\t\t<\/div>\n\t\t\t\t\t<\/div>\n\t\t\t\t<\/div>\n\t\t<div class=\"elementor-element elementor-element-34bb5df e-flex e-con-boxed e-con e-parent\" data-id=\"34bb5df\" data-element_type=\"container\" data-e-type=\"container\">\n\t\t\t\t\t<div class=\"e-con-inner\">\n\t\t\t\t<div class=\"elementor-element elementor-element-3e501be elementor-widget elementor-widget-heading\" data-id=\"3e501be\" data-element_type=\"widget\" data-e-type=\"widget\" data-widget_type=\"heading.default\">\n\t\t\t\t\t<h2 class=\"elementor-heading-title elementor-size-default\">Applicable Legislation<\/h2>\t\t\t\t<\/div>\n\t\t\t\t\t<\/div>\n\t\t\t\t<\/div>\n\t\t<div class=\"elementor-element elementor-element-305548c e-flex e-con-boxed e-con e-parent\" data-id=\"305548c\" data-element_type=\"container\" data-e-type=\"container\">\n\t\t\t\t\t<div class=\"e-con-inner\">\n\t\t\t\t<div class=\"elementor-element elementor-element-59b5cdf elementor-widget elementor-widget-text-editor\" data-id=\"59b5cdf\" data-element_type=\"widget\" data-e-type=\"widget\" data-widget_type=\"text-editor.default\">\n\t\t\t\t\t\t\t\t\t<p>In general terms, the relations between VENFORT and the users of its telematic services offered on this website are governed by Spanish law. Any dispute or related conflict shall be submitted to the jurisdiction of the courts and tribunals of Madrid.<\/p>\t\t\t\t\t\t\t\t<\/div>\n\t\t\t\t\t<\/div>\n\t\t\t\t<\/div>\n\t\t<div class=\"elementor-element elementor-element-67ea8dc e-flex e-con-boxed e-con e-parent\" data-id=\"67ea8dc\" data-element_type=\"container\" data-e-type=\"container\">\n\t\t\t\t\t<div class=\"e-con-inner\">\n\t\t\t\t<div class=\"elementor-element elementor-element-4fba0f3 elementor-widget elementor-widget-heading\" data-id=\"4fba0f3\" data-element_type=\"widget\" data-e-type=\"widget\" data-widget_type=\"heading.default\">\n\t\t\t\t\t<h2 class=\"elementor-heading-title elementor-size-default\">Contact<\/h2>\t\t\t\t<\/div>\n\t\t\t\t\t<\/div>\n\t\t\t\t<\/div>\n\t\t<div class=\"elementor-element elementor-element-a089176 e-flex e-con-boxed e-con e-parent\" data-id=\"a089176\" data-element_type=\"container\" data-e-type=\"container\">\n\t\t\t\t\t<div class=\"e-con-inner\">\n\t\t\t\t<div class=\"elementor-element elementor-element-7587344 elementor-widget elementor-widget-text-editor\" data-id=\"7587344\" data-element_type=\"widget\" data-e-type=\"widget\" data-widget_type=\"text-editor.default\">\n\t\t\t\t\t\t\t\t\t<p style=\"box-sizing: inherit; font-size: 16px; font-style: normal; font-weight: 400;\">Should any user have any questions about these Terms and Conditions or any comments about the www.venfort.com portal, please contact contacto@venemigra.com.<\/p>\n<p style=\"box-sizing: inherit; font-size: 16px; font-style: normal; font-weight: 400;\">The legal notice was last updated on February 11, 2026.<\/p>\t\t\t\t\t\t\t\t<\/div>\n\t\t\t\t\t<\/div>\n\t\t\t\t<\/div>\n\t\t\t\t<\/div>","protected":false},"excerpt":{"rendered":"<p>Aviso Legal VENFORT Abogados S.L., identificado con el N.I.F B56172588, tel\u00e9fono (+34) 618 93 92 85, con correo electr\u00f3nico contacto@venemigra.com&nbsp;y cuyo domicilio social est\u00e1 ubicado en Paseo La Castellana 93C, 28046, Madrid, Espa\u00f1a es el \u201cResponsable del tratamiento\u201d de sus datos personales recogidos y tratados a trav\u00e9s de este sitio web o en nuestra sede [&hellip;]<\/p>\n","protected":false},"author":2,"featured_media":0,"parent":0,"menu_order":0,"comment_status":"closed","ping_status":"closed","template":"","meta":{"content-type":"","_monsterinsights_skip_tracking":false,"_monsterinsights_sitenote_active":false,"_monsterinsights_sitenote_note":"","_monsterinsights_sitenote_category":0,"site-sidebar-layout":"no-sidebar","site-content-layout":"page-builder","ast-site-content-layout":"full-width-container","site-content-style":"default","site-sidebar-style":"default","ast-global-header-display":"","ast-banner-title-visibility":"","ast-main-header-display":"","ast-hfb-above-header-display":"","ast-hfb-below-header-display":"","ast-hfb-mobile-header-display":"","site-post-title":"","ast-breadcrumbs-content":"","ast-featured-img":"disabled","footer-sml-layout":"","ast-disable-related-posts":"","theme-transparent-header-meta":"","adv-header-id-meta":"","stick-header-meta":"","header-above-stick-meta":"","header-main-stick-meta":"","header-below-stick-meta":"","astra-migrate-meta-layouts":"default","ast-page-background-enabled":"default","ast-page-background-meta":{"desktop":{"background-color":"","background-image":"","background-repeat":"repeat","background-position":"center center","background-size":"auto","background-attachment":"scroll","background-type":"","background-media":"","overlay-type":"","overlay-color":"","overlay-opacity":"","overlay-gradient":""},"tablet":{"background-color":"","background-image":"","background-repeat":"repeat","background-position":"center center","background-size":"auto","background-attachment":"scroll","background-type":"","background-media":"","overlay-type":"","overlay-color":"","overlay-opacity":"","overlay-gradient":""},"mobile":{"background-color":"","background-image":"","background-repeat":"repeat","background-position":"center center","background-size":"auto","background-attachment":"scroll","background-type":"","background-media":"","overlay-type":"","overlay-color":"","overlay-opacity":"","overlay-gradient":""}},"ast-content-background-meta":{"desktop":{"background-color":"var(--ast-global-color-5)","background-image":"","background-repeat":"repeat","background-position":"center center","background-size":"auto","background-attachment":"scroll","background-type":"","background-media":"","overlay-type":"","overlay-color":"","overlay-opacity":"","overlay-gradient":""},"tablet":{"background-color":"var(--ast-global-color-5)","background-image":"","background-repeat":"repeat","background-position":"center center","background-size":"auto","background-attachment":"scroll","background-type":"","background-media":"","overlay-type":"","overlay-color":"","overlay-opacity":"","overlay-gradient":""},"mobile":{"background-color":"var(--ast-global-color-5)","background-image":"","background-repeat":"repeat","background-position":"center center","background-size":"auto","background-attachment":"scroll","background-type":"","background-media":"","overlay-type":"","overlay-color":"","overlay-opacity":"","overlay-gradient":""}},"footnotes":""},"class_list":["post-2915","page","type-page","status-publish","hentry"],"yoast_head":"<!-- This site is optimized with the Yoast SEO plugin v27.4 - https:\/\/yoast.com\/product\/yoast-seo-wordpress\/ -->\n<title>Aviso Legal - Ven Emigra<\/title>\n<meta name=\"robots\" content=\"index, follow, max-snippet:-1, max-image-preview:large, max-video-preview:-1\" \/>\n<link rel=\"canonical\" href=\"https:\/\/venemigra.com\/en\/legal-notice\/\" \/>\n<meta property=\"og:locale\" content=\"en_US\" \/>\n<meta property=\"og:type\" content=\"article\" \/>\n<meta property=\"og:title\" content=\"Aviso Legal - Ven Emigra\" \/>\n<meta property=\"og:description\" content=\"Aviso Legal VENFORT Abogados S.L., identificado con el N.I.F B56172588, tel\u00e9fono (+34) 618 93 92 85, con correo electr\u00f3nico contacto@venemigra.com&nbsp;y cuyo domicilio social est\u00e1 ubicado en Paseo La Castellana 93C, 28046, Madrid, Espa\u00f1a es el \u201cResponsable del tratamiento\u201d de sus datos personales recogidos y tratados a trav\u00e9s de este sitio web o en nuestra sede [&hellip;]\" \/>\n<meta property=\"og:url\" content=\"https:\/\/venemigra.com\/en\/legal-notice\/\" \/>\n<meta property=\"og:site_name\" content=\"Ven Emigra\" \/>\n<meta property=\"article:publisher\" content=\"https:\/\/www.facebook.com\/profile.php?id=61559877787902\" \/>\n<meta property=\"article:modified_time\" content=\"2026-02-17T15:16:25+00:00\" \/>\n<meta name=\"twitter:card\" content=\"summary_large_image\" \/>\n<meta name=\"twitter:site\" content=\"@ven_emigra\" \/>\n<meta name=\"twitter:label1\" content=\"Est. reading time\" \/>\n\t<meta name=\"twitter:data1\" content=\"5 minutes\" \/>\n<script type=\"application\/ld+json\" class=\"yoast-schema-graph\">{\"@context\":\"https:\\\/\\\/schema.org\",\"@graph\":[{\"@type\":\"WebPage\",\"@id\":\"https:\\\/\\\/venemigra.com\\\/aviso-legal\\\/\",\"url\":\"https:\\\/\\\/venemigra.com\\\/aviso-legal\\\/\",\"name\":\"Aviso Legal - Ven Emigra\",\"isPartOf\":{\"@id\":\"https:\\\/\\\/venemigra.com\\\/#website\"},\"datePublished\":\"2026-02-11T21:54:22+00:00\",\"dateModified\":\"2026-02-17T15:16:25+00:00\",\"breadcrumb\":{\"@id\":\"https:\\\/\\\/venemigra.com\\\/aviso-legal\\\/#breadcrumb\"},\"inLanguage\":\"en-US\",\"potentialAction\":[{\"@type\":\"ReadAction\",\"target\":[\"https:\\\/\\\/venemigra.com\\\/aviso-legal\\\/\"]}]},{\"@type\":\"BreadcrumbList\",\"@id\":\"https:\\\/\\\/venemigra.com\\\/aviso-legal\\\/#breadcrumb\",\"itemListElement\":[{\"@type\":\"ListItem\",\"position\":1,\"name\":\"Portada\",\"item\":\"https:\\\/\\\/venemigra.com\\\/es\\\/\"},{\"@type\":\"ListItem\",\"position\":2,\"name\":\"Aviso Legal\"}]},{\"@type\":\"WebSite\",\"@id\":\"https:\\\/\\\/venemigra.com\\\/#website\",\"url\":\"https:\\\/\\\/venemigra.com\\\/\",\"name\":\"VEN EMIGRA\",\"description\":\"\",\"publisher\":{\"@id\":\"https:\\\/\\\/venemigra.com\\\/#organization\"},\"potentialAction\":[{\"@type\":\"SearchAction\",\"target\":{\"@type\":\"EntryPoint\",\"urlTemplate\":\"https:\\\/\\\/venemigra.com\\\/?s={search_term_string}\"},\"query-input\":{\"@type\":\"PropertyValueSpecification\",\"valueRequired\":true,\"valueName\":\"search_term_string\"}}],\"inLanguage\":\"en-US\"},{\"@type\":\"Organization\",\"@id\":\"https:\\\/\\\/venemigra.com\\\/#organization\",\"name\":\"VEN EMIGRA\",\"url\":\"https:\\\/\\\/venemigra.com\\\/\",\"logo\":{\"@type\":\"ImageObject\",\"inLanguage\":\"en-US\",\"@id\":\"https:\\\/\\\/venemigra.com\\\/#\\\/schema\\\/logo\\\/image\\\/\",\"url\":\"https:\\\/\\\/venemigra.com\\\/wp-content\\\/uploads\\\/2026\\\/02\\\/cropped-cropped-cropped-Post-de-Instagram-Empresa-Corporativo-Servicios-Ilustrado-Azul-y-Blanco-1-1-1.webp\",\"contentUrl\":\"https:\\\/\\\/venemigra.com\\\/wp-content\\\/uploads\\\/2026\\\/02\\\/cropped-cropped-cropped-Post-de-Instagram-Empresa-Corporativo-Servicios-Ilustrado-Azul-y-Blanco-1-1-1.webp\",\"width\":706,\"height\":189,\"caption\":\"VEN EMIGRA\"},\"image\":{\"@id\":\"https:\\\/\\\/venemigra.com\\\/#\\\/schema\\\/logo\\\/image\\\/\"},\"sameAs\":[\"https:\\\/\\\/www.facebook.com\\\/profile.php?id=61559877787902\",\"https:\\\/\\\/x.com\\\/ven_emigra\",\"https:\\\/\\\/www.instagram.com\\\/ven_emigra\\\/\",\"https:\\\/\\\/www.youtube.com\\\/@Ven.Emigra\"]}]}<\/script>\n<!-- \/ Yoast SEO plugin. -->","yoast_head_json":{"title":"Legal Notice - Ven Emigra","robots":{"index":"index","follow":"follow","max-snippet":"max-snippet:-1","max-image-preview":"max-image-preview:large","max-video-preview":"max-video-preview:-1"},"canonical":"https:\/\/venemigra.com\/en\/legal-notice\/","og_locale":"en_US","og_type":"article","og_title":"Aviso Legal - Ven Emigra","og_description":"Aviso Legal VENFORT Abogados S.L., identificado con el N.I.F B56172588, tel\u00e9fono (+34) 618 93 92 85, con correo electr\u00f3nico contacto@venemigra.com&nbsp;y cuyo domicilio social est\u00e1 ubicado en Paseo La Castellana 93C, 28046, Madrid, Espa\u00f1a es el \u201cResponsable del tratamiento\u201d de sus datos personales recogidos y tratados a trav\u00e9s de este sitio web o en nuestra sede [&hellip;]","og_url":"https:\/\/venemigra.com\/en\/legal-notice\/","og_site_name":"Ven Emigra","article_publisher":"https:\/\/www.facebook.com\/profile.php?id=61559877787902","article_modified_time":"2026-02-17T15:16:25+00:00","twitter_card":"summary_large_image","twitter_site":"@ven_emigra","twitter_misc":{"Est. reading time":"5 minutes"},"schema":{"@context":"https:\/\/schema.org","@graph":[{"@type":"WebPage","@id":"https:\/\/venemigra.com\/aviso-legal\/","url":"https:\/\/venemigra.com\/aviso-legal\/","name":"Legal Notice - Ven Emigra","isPartOf":{"@id":"https:\/\/venemigra.com\/#website"},"datePublished":"2026-02-11T21:54:22+00:00","dateModified":"2026-02-17T15:16:25+00:00","breadcrumb":{"@id":"https:\/\/venemigra.com\/aviso-legal\/#breadcrumb"},"inLanguage":"en-US","potentialAction":[{"@type":"ReadAction","target":["https:\/\/venemigra.com\/aviso-legal\/"]}]},{"@type":"BreadcrumbList","@id":"https:\/\/venemigra.com\/aviso-legal\/#breadcrumb","itemListElement":[{"@type":"ListItem","position":1,"name":"Portada","item":"https:\/\/venemigra.com\/es\/"},{"@type":"ListItem","position":2,"name":"Aviso Legal"}]},{"@type":"WebSite","@id":"https:\/\/venemigra.com\/#website","url":"https:\/\/venemigra.com\/","name":"COME EMIGRA","description":"","publisher":{"@id":"https:\/\/venemigra.com\/#organization"},"potentialAction":[{"@type":"SearchAction","target":{"@type":"EntryPoint","urlTemplate":"https:\/\/venemigra.com\/?s={search_term_string}"},"query-input":{"@type":"PropertyValueSpecification","valueRequired":true,"valueName":"search_term_string"}}],"inLanguage":"en-US"},{"@type":"Organization","@id":"https:\/\/venemigra.com\/#organization","name":"COME EMIGRA","url":"https:\/\/venemigra.com\/","logo":{"@type":"ImageObject","inLanguage":"en-US","@id":"https:\/\/venemigra.com\/#\/schema\/logo\/image\/","url":"https:\/\/venemigra.com\/wp-content\/uploads\/2026\/02\/cropped-cropped-cropped-Post-de-Instagram-Empresa-Corporativo-Servicios-Ilustrado-Azul-y-Blanco-1-1-1.webp","contentUrl":"https:\/\/venemigra.com\/wp-content\/uploads\/2026\/02\/cropped-cropped-cropped-Post-de-Instagram-Empresa-Corporativo-Servicios-Ilustrado-Azul-y-Blanco-1-1-1.webp","width":706,"height":189,"caption":"VEN EMIGRA"},"image":{"@id":"https:\/\/venemigra.com\/#\/schema\/logo\/image\/"},"sameAs":["https:\/\/www.facebook.com\/profile.php?id=61559877787902","https:\/\/x.com\/ven_emigra","https:\/\/www.instagram.com\/ven_emigra\/","https:\/\/www.youtube.com\/@Ven.Emigra"]}]}},"_links":{"self":[{"href":"https:\/\/venemigra.com\/en\/wp-json\/wp\/v2\/pages\/2915","targetHints":{"allow":["GET"]}}],"collection":[{"href":"https:\/\/venemigra.com\/en\/wp-json\/wp\/v2\/pages"}],"about":[{"href":"https:\/\/venemigra.com\/en\/wp-json\/wp\/v2\/types\/page"}],"author":[{"embeddable":true,"href":"https:\/\/venemigra.com\/en\/wp-json\/wp\/v2\/users\/2"}],"replies":[{"embeddable":true,"href":"https:\/\/venemigra.com\/en\/wp-json\/wp\/v2\/comments?post=2915"}],"version-history":[{"count":19,"href":"https:\/\/venemigra.com\/en\/wp-json\/wp\/v2\/pages\/2915\/revisions"}],"predecessor-version":[{"id":3455,"href":"https:\/\/venemigra.com\/en\/wp-json\/wp\/v2\/pages\/2915\/revisions\/3455"}],"wp:attachment":[{"href":"https:\/\/venemigra.com\/en\/wp-json\/wp\/v2\/media?parent=2915"}],"curies":[{"name":"wp","href":"https:\/\/api.w.org\/{rel}","templated":true}]}}