{"id":6,"date":"2024-07-24T16:22:11","date_gmt":"2024-07-24T16:22:11","guid":{"rendered":"https:\/\/venemigra.com\/?page_id=6"},"modified":"2026-02-11T20:03:20","modified_gmt":"2026-02-11T19:03:20","slug":"%d9%85%d9%86-%d9%86%d8%ad%d9%86-2","status":"publish","type":"page","link":"https:\/\/venemigra.com\/ar\/quienes-somos-2\/","title":{"rendered":"\u0645\u0646 \u0646\u062d\u0646"},"content":{"rendered":"<div class=\"gb-container gb-container-5b6a35dc alignfull\">\n<div class=\"gb-container gb-container-6bef74d3\">\n\n<h2 class=\"wp-block-heading has-text-align-center has-base-3-color has-text-color has-link-color wp-elements-1fa53f7ac7205652046627c047644974\">\u0645\u0646 \u0646\u062d\u0646.<\/h2>\n\n<\/div>\n<\/div>\n\n<div class=\"gb-container gb-container-b05b8e3a alignfull\">\n<div class=\"gb-container gb-container-7a59ed38\">\n<div class=\"gb-grid-wrapper gb-grid-wrapper-9d1a4b94\">\n<div class=\"gb-grid-column gb-grid-column-6bcd29a8\"><div class=\"gb-container gb-container-6bcd29a8\">\n\n<figure class=\"gb-block-image gb-block-image-9a189858\"><img fetchpriority=\"high\" decoding=\"async\" width=\"1000\" height=\"237\" class=\"gb-image gb-image-9a189858\" src=\"https:\/\/venemigra.com\/wp-content\/uploads\/2025\/09\/Logo_Venfort_Horizontal_Blanco.png\" alt=\"\u0634\u0639\u0627\u0631 \u0641\u064a\u0646\u0641\u0648\u0631\u062a 2025\" title=\"\u0634\u0639\u0627\u0631_\u0641\u064a\u0646\u0641\u0648\u0631\u062a_\u0623\u0641\u0642\u064a_\u0623\u0641\u0642\u064a_\u0623\u0628\u064a\u0636\" srcset=\"https:\/\/venemigra.com\/wp-content\/uploads\/2025\/09\/Logo_Venfort_Horizontal_Blanco.png 1000w, https:\/\/venemigra.com\/wp-content\/uploads\/2025\/09\/Logo_Venfort_Horizontal_Blanco-300x71.png 300w, https:\/\/venemigra.com\/wp-content\/uploads\/2025\/09\/Logo_Venfort_Horizontal_Blanco-768x182.png 768w, https:\/\/venemigra.com\/wp-content\/uploads\/2025\/09\/Logo_Venfort_Horizontal_Blanco-18x4.png 18w\" sizes=\"(max-width: 1000px) 100vw, 1000px\" \/><\/figure>\n\n<\/div><\/div>\n\n<div class=\"gb-grid-column gb-grid-column-b607ae4b\"><div class=\"gb-container gb-container-b607ae4b\">\n\n<h2 class=\"gb-headline gb-headline-9605e948 gb-headline-text\">\u0641\u064a\u0646 \u0625\u064a\u0645\u064a\u062c\u0631\u0627 \u0647\u064a \u0645\u0646 \u0625\u0646\u0634\u0627\u0621 \u0634\u0631\u0643\u0629 \u0641\u064a\u0646\u0641\u0648\u0631\u062a \u0623\u0628\u0648\u062c\u0627\u062f\u0648\u0633,<\/h2>\n\n\n\n<p>\u0634\u0631\u0643\u0629 \u0645\u062a\u062e\u0635\u0635\u0629 \u0641\u064a \u0627\u0644\u0642\u0627\u0646\u0648\u0646 \u0627\u0644\u062c\u0646\u0627\u0626\u064a \u0627\u0644\u0627\u0642\u062a\u0635\u0627\u062f\u064a \u0648\u0627\u0644\u0642\u0627\u0646\u0648\u0646 \u0627\u0644\u062c\u0646\u0627\u0626\u064a \u0627\u0644\u062f\u0648\u0644\u064a \u0648\u0642\u0627\u0646\u0648\u0646 \u0627\u0644\u0634\u0631\u0643\u0627\u062a. \u0646\u0643\u0631\u0633 \u062c\u0647\u0648\u062f\u0646\u0627 \u0644\u0644\u0645\u0633\u0627\u0639\u062f\u0629 \u0641\u064a \u0627\u0644\u0642\u0636\u0627\u064a\u0627 \u0627\u0644\u0645\u0639\u0642\u062f\u0629\u060c \u0628\u0645\u0627 \u0641\u064a \u0630\u0644\u0643 \u0625\u0632\u0627\u0644\u0629 \u0646\u0634\u0631\u0627\u062a \u0627\u0644\u0625\u0646\u062a\u0631\u0628\u0648\u0644 \u0627\u0644\u062d\u0645\u0631\u0627\u0621.<\/p>\n\n\n\n<p><strong>\u0645\u0646 \u062a\u0623\u0633\u064a\u0633\u0646\u0627 \u0641\u064a \u0643\u0627\u0631\u0627\u0643\u0627\u0633\u060c \u0641\u0646\u0632\u0648\u064a\u0644\u0627\u060c \u0625\u0644\u0649 \u062a\u0648\u0633\u0639\u0646\u0627 \u0641\u064a \u0645\u062f\u0631\u064a\u062f\u060c \u0625\u0633\u0628\u0627\u0646\u064a\u0627.<\/strong>, \u0646\u062d\u0646 \u0646\u0642\u062f\u0645 \u0627\u0644\u0645\u0634\u0648\u0631\u0629 \u0627\u0644\u0642\u0627\u0646\u0648\u0646\u064a\u0629 \u0648\u0627\u0644\u0636\u0631\u064a\u0628\u064a\u0629 \u0628\u0634\u0623\u0646 \u0645\u0639\u0627\u0645\u0644\u0627\u062a \u0627\u0644\u0634\u0631\u0643\u0627\u062a \u0627\u0644\u062f\u0648\u0644\u064a\u0629 \u0644\u062a\u062d\u0642\u064a\u0642 \u0623\u0647\u062f\u0627\u0641 \u0623\u0639\u0645\u0627\u0644\u0643 \u0627\u0644\u062a\u062c\u0627\u0631\u064a\u0629.<\/p>\n\n\n\n<p><strong><a href=\"https:\/\/venfort.com\/es\/\" rel=\"nofollow noopener\" target=\"_blank\">\u0641\u064a\u0646\u0641\u0648\u0631\u062a \u0644\u0644\u0645\u062d\u0627\u0645\u0627\u0629<\/a> \u0647\u064a \u0627\u0644\u0645\u0645\u062b\u0644 \u0627\u0644\u062d\u0635\u0631\u064a \u0641\u064a \u0641\u0646\u0632\u0648\u064a\u0644\u0627 \u0648\u0625\u0633\u0628\u0627\u0646\u064a\u0627<\/strong> \u0645\u0646 \u0627\u0644\u0634\u0631\u0643\u0627\u062a \u0627\u0644\u0645\u0634\u0647\u0648\u0631\u0629 \u0641\u064a \u0623\u0646\u063a\u0648\u0644\u0627\u060c \u0648\u062f\u0628\u064a\u060c \u0648\u0645\u0648\u0632\u0645\u0628\u064a\u0642\u060c \u0648\u0627\u0644\u0645\u0645\u0644\u0643\u0629 \u0627\u0644\u0645\u062a\u062d\u062f\u0629\u060c \u0648\u0628\u0646\u0645\u0627\u060c \u0648\u0627\u0644\u0628\u0631\u062a\u063a\u0627\u0644\u060c \u0648\u0627\u0644\u0628\u0631\u062a\u063a\u0627\u0644\u060c \u0648\u0623\u0646\u062f\u0648\u0631\u0627\u060c \u0648\u0627\u0644\u0648\u0644\u0627\u064a\u0627\u062a \u0627\u0644\u0645\u062a\u062d\u062f\u0629 \u0627\u0644\u0623\u0645\u0631\u064a\u0643\u064a\u0629\u060c \u0648\u0643\u0648\u0644\u0648\u0645\u0628\u064a\u0627\u060c \u0648\u062c\u0645\u0647\u0648\u0631\u064a\u0629 \u0627\u0644\u062f\u0648\u0645\u064a\u0646\u064a\u0643\u0627\u0646\u060c \u0648\u0628\u0644\u062c\u064a\u0643\u0627\u060c \u0648\u0633\u0646\u063a\u0627\u0641\u0648\u0631\u0629.<\/p>\n\n<\/div><\/div>\n<\/div>\n<\/div>\n<\/div>\n\n<div class=\"gb-container gb-container-7ea72f2a alignfull\">\n<div class=\"gb-container gb-container-bcacd5ee\">\n\n<h2 class=\"wp-block-heading has-text-align-center has-base-3-color has-text-color has-link-color wp-elements-ca639865a1668600fabf167fc5cdd8df\">\u0648\u0647\u0630\u0627 \u064a\u062a\u064a\u062d \u0644\u0646\u0627 \u062a\u0642\u062f\u064a\u0645 \u0627\u0644\u0645\u0634\u0648\u0631\u0629 \u0627\u0644\u0634\u0627\u0645\u0644\u0629 \u0627\u0644\u062a\u064a \u064a\u062d\u062a\u0627\u062c\u0647\u0627 \u0639\u0645\u0644\u0627\u0624\u0646\u0627 \u0644\u064a\u062d\u0638\u0648\u0627 \u0628\u0631\u0627\u062d\u0629 \u0627\u0644\u0628\u0627\u0644 \u0641\u064a \u0625\u0633\u0628\u0627\u0646\u064a\u0627.<\/h2>\n\n<\/div>\n<\/div>\n\n<div class=\"gb-container gb-container-cc2bb84e alignfull\">\n<div class=\"gb-container gb-container-e4fb6b1c\">\n\n<h3 class=\"gb-headline gb-headline-ea1d70ed gb-headline-text\">\u0627\u0646\u0636\u0645 \u0625\u0644\u0649 \u0627\u0644\u0623\u0634\u062e\u0627\u0635 \u0627\u0644\u0630\u064a\u0646 \u0648\u062b\u0642\u0648\u0627 \u0628\u0646\u0627 \u0641\u064a \u0646\u062c\u0627\u062d \u0625\u062c\u0631\u0627\u0621\u0627\u062a\u0647\u0645 \u0627\u0644\u0642\u0627\u0646\u0648\u0646\u064a\u0629 \u0648\u0627\u0644\u0647\u062c\u0631\u0629.<\/h3>\n\n\n<div class=\"gb-container gb-container-6f1206f1\">\n<div class=\"gb-grid-wrapper gb-grid-wrapper-74db93fd\">\n<div class=\"gb-grid-column gb-grid-column-8db96387\"><div class=\"gb-container gb-container-8db96387\">\n\n<h4 class=\"gb-headline gb-headline-5d50a2c7 gb-headline-text\">\u0646\u062d\u0646 \u0641\u064a Ven Emigra \u0645\u0644\u062a\u0632\u0645\u0648\u0646 \u0628\u0645\u0633\u0627\u0639\u062f\u062a\u0643 \u0639\u0644\u0649 \u0627\u0644\u0639\u064a\u0634 \u0623\u0648 \u0627\u0644\u0639\u0645\u0644 \u0623\u0648 \u0627\u0644\u062f\u0631\u0627\u0633\u0629 \u0641\u064a \u0625\u0633\u0628\u0627\u0646\u064a\u0627 \u0628\u0634\u0643\u0644 \u0642\u0627\u0646\u0648\u0646\u064a.<\/h4>\n\n<\/div><\/div>\n\n<div class=\"gb-grid-column gb-grid-column-f7060bb3\"><div class=\"gb-container gb-container-f7060bb3\">\n\n<a class=\"gb-button gb-button-74de607c gb-button-text\" href=\"https:\/\/venemigra.com\/ar\/%d8%b7%d9%84%d8%a8-%d8%a7%d9%84%d9%85%d8%b4%d9%88%d8%b1%d8%a9\/\">\u0627\u0637\u0644\u0628 \u0627\u0644\u0645\u0634\u0648\u0631\u0629<\/a>\n\n<\/div><\/div>\n<\/div>\n<\/div>\n<\/div>\n<\/div>","protected":false},"excerpt":{"rendered":"<p>Qui\u00e9nes somos. Esto nos permite ofrecer a nuestros clientes la asesor\u00eda integral que necesitan para estar tranquilos en Espa\u00f1a. \u00danete a las personas que han confiando en nosotros el \u00e9xito de su proceso legal y migratorio.<\/p>","protected":false},"author":1,"featured_media":0,"parent":0,"menu_order":0,"comment_status":"closed","ping_status":"closed","template":"","meta":{"content-type":"","_monsterinsights_skip_tracking":false,"_monsterinsights_sitenote_active":false,"_monsterinsights_sitenote_note":"","_monsterinsights_sitenote_category":0,"site-sidebar-layout":"default","site-content-layout":"","ast-site-content-layout":"default","site-content-style":"default","site-sidebar-style":"default","ast-global-header-display":"","ast-banner-title-visibility":"","ast-main-header-display":"","ast-hfb-above-header-display":"","ast-hfb-below-header-display":"","ast-hfb-mobile-header-display":"","site-post-title":"","ast-breadcrumbs-content":"","ast-featured-img":"","footer-sml-layout":"","ast-disable-related-posts":"","theme-transparent-header-meta":"","adv-header-id-meta":"","stick-header-meta":"","header-above-stick-meta":"","header-main-stick-meta":"","header-below-stick-meta":"","astra-migrate-meta-layouts":"default","ast-page-background-enabled":"default","ast-page-background-meta":{"desktop":{"background-color":"","background-image":"","background-repeat":"repeat","background-position":"center center","background-size":"auto","background-attachment":"scroll","background-type":"","background-media":"","overlay-type":"","overlay-color":"","overlay-opacity":"","overlay-gradient":""},"tablet":{"background-color":"","background-image":"","background-repeat":"repeat","background-position":"center center","background-size":"auto","background-attachment":"scroll","background-type":"","background-media":"","overlay-type":"","overlay-color":"","overlay-opacity":"","overlay-gradient":""},"mobile":{"background-color":"","background-image":"","background-repeat":"repeat","background-position":"center center","background-size":"auto","background-attachment":"scroll","background-type":"","background-media":"","overlay-type":"","overlay-color":"","overlay-opacity":"","overlay-gradient":""}},"ast-content-background-meta":{"desktop":{"background-color":"var(--ast-global-color-5)","background-image":"","background-repeat":"repeat","background-position":"center center","background-size":"auto","background-attachment":"scroll","background-type":"","background-media":"","overlay-type":"","overlay-color":"","overlay-opacity":"","overlay-gradient":""},"tablet":{"background-color":"var(--ast-global-color-5)","background-image":"","background-repeat":"repeat","background-position":"center center","background-size":"auto","background-attachment":"scroll","background-type":"","background-media":"","overlay-type":"","overlay-color":"","overlay-opacity":"","overlay-gradient":""},"mobile":{"background-color":"var(--ast-global-color-5)","background-image":"","background-repeat":"repeat","background-position":"center center","background-size":"auto","background-attachment":"scroll","background-type":"","background-media":"","overlay-type":"","overlay-color":"","overlay-opacity":"","overlay-gradient":""}},"footnotes":""},"class_list":["post-6","page","type-page","status-publish","hentry"],"yoast_head":"<!-- This site is optimized with the Yoast SEO plugin v27.3 - https:\/\/yoast.com\/product\/yoast-seo-wordpress\/ -->\n<title>Qui\u00e9nes somos - Ven Emigra<\/title>\n<meta name=\"description\" content=\"En la secci\u00f3n qui\u00e9nes somos de nuestra web podr\u00e1s descubrir la trayectoria de Ven Emigra, un servicio creado por Venfort Abogados.\" \/>\n<meta name=\"robots\" content=\"index, follow, max-snippet:-1, max-image-preview:large, max-video-preview:-1\" \/>\n<link rel=\"canonical\" href=\"https:\/\/venemigra.com\/ar\/\u0645\u0646-\u0646\u062d\u0646-2\/\" \/>\n<meta property=\"og:locale\" content=\"ar_AR\" \/>\n<meta property=\"og:type\" content=\"article\" \/>\n<meta property=\"og:title\" content=\"Qui\u00e9nes somos - Ven Emigra\" \/>\n<meta property=\"og:description\" content=\"En la secci\u00f3n qui\u00e9nes somos de nuestra web podr\u00e1s descubrir la trayectoria de Ven Emigra, un servicio creado por Venfort Abogados.\" \/>\n<meta property=\"og:url\" content=\"https:\/\/venemigra.com\/ar\/\u0645\u0646-\u0646\u062d\u0646-2\/\" \/>\n<meta property=\"og:site_name\" content=\"Ven Emigra\" \/>\n<meta property=\"article:publisher\" content=\"https:\/\/www.facebook.com\/profile.php?id=61559877787902\" \/>\n<meta property=\"article:modified_time\" content=\"2026-02-11T19:03:20+00:00\" \/>\n<meta property=\"og:image\" content=\"https:\/\/venemigra.com\/wp-content\/uploads\/2025\/09\/Logo_Venfort_Horizontal_Blanco.png\" \/>\n<meta name=\"twitter:card\" content=\"summary_large_image\" \/>\n<meta name=\"twitter:site\" content=\"@ven_emigra\" \/>\n<meta name=\"twitter:label1\" content=\"\u0648\u0642\u062a \u0627\u0644\u0642\u0631\u0627\u0621\u0629 \u0627\u0644\u0645\u064f\u0642\u062f\u0651\u0631\" \/>\n\t<meta name=\"twitter:data1\" content=\"\u062f\u0642\u064a\u0642\u0629 \u0648\u0627\u062d\u062f\u0629\" \/>\n<script type=\"application\/ld+json\" class=\"yoast-schema-graph\">{\"@context\":\"https:\\\/\\\/schema.org\",\"@graph\":[{\"@type\":\"WebPage\",\"@id\":\"https:\\\/\\\/venemigra.com\\\/quienes-somos-2\\\/\",\"url\":\"https:\\\/\\\/venemigra.com\\\/quienes-somos-2\\\/\",\"name\":\"Qui\u00e9nes somos - Ven Emigra\",\"isPartOf\":{\"@id\":\"https:\\\/\\\/venemigra.com\\\/#website\"},\"primaryImageOfPage\":{\"@id\":\"https:\\\/\\\/venemigra.com\\\/quienes-somos-2\\\/#primaryimage\"},\"image\":{\"@id\":\"https:\\\/\\\/venemigra.com\\\/quienes-somos-2\\\/#primaryimage\"},\"thumbnailUrl\":\"https:\\\/\\\/venemigra.com\\\/wp-content\\\/uploads\\\/2025\\\/09\\\/Logo_Venfort_Horizontal_Blanco.png\",\"datePublished\":\"2024-07-24T16:22:11+00:00\",\"dateModified\":\"2026-02-11T19:03:20+00:00\",\"description\":\"En la secci\u00f3n qui\u00e9nes somos de nuestra web podr\u00e1s descubrir la trayectoria de Ven Emigra, un servicio creado por Venfort Abogados.\",\"breadcrumb\":{\"@id\":\"https:\\\/\\\/venemigra.com\\\/quienes-somos-2\\\/#breadcrumb\"},\"inLanguage\":\"ar\",\"potentialAction\":[{\"@type\":\"ReadAction\",\"target\":[\"https:\\\/\\\/venemigra.com\\\/quienes-somos-2\\\/\"]}]},{\"@type\":\"ImageObject\",\"inLanguage\":\"ar\",\"@id\":\"https:\\\/\\\/venemigra.com\\\/quienes-somos-2\\\/#primaryimage\",\"url\":\"https:\\\/\\\/venemigra.com\\\/wp-content\\\/uploads\\\/2025\\\/09\\\/Logo_Venfort_Horizontal_Blanco.png\",\"contentUrl\":\"https:\\\/\\\/venemigra.com\\\/wp-content\\\/uploads\\\/2025\\\/09\\\/Logo_Venfort_Horizontal_Blanco.png\"},{\"@type\":\"BreadcrumbList\",\"@id\":\"https:\\\/\\\/venemigra.com\\\/quienes-somos-2\\\/#breadcrumb\",\"itemListElement\":[{\"@type\":\"ListItem\",\"position\":1,\"name\":\"Portada\",\"item\":\"https:\\\/\\\/venemigra.com\\\/es\\\/\"},{\"@type\":\"ListItem\",\"position\":2,\"name\":\"Qui\u00e9nes somos\"}]},{\"@type\":\"WebSite\",\"@id\":\"https:\\\/\\\/venemigra.com\\\/#website\",\"url\":\"https:\\\/\\\/venemigra.com\\\/\",\"name\":\"VEN EMIGRA\",\"description\":\"\",\"publisher\":{\"@id\":\"https:\\\/\\\/venemigra.com\\\/#organization\"},\"potentialAction\":[{\"@type\":\"SearchAction\",\"target\":{\"@type\":\"EntryPoint\",\"urlTemplate\":\"https:\\\/\\\/venemigra.com\\\/?s={search_term_string}\"},\"query-input\":{\"@type\":\"PropertyValueSpecification\",\"valueRequired\":true,\"valueName\":\"search_term_string\"}}],\"inLanguage\":\"ar\"},{\"@type\":\"Organization\",\"@id\":\"https:\\\/\\\/venemigra.com\\\/#organization\",\"name\":\"VEN EMIGRA\",\"url\":\"https:\\\/\\\/venemigra.com\\\/\",\"logo\":{\"@type\":\"ImageObject\",\"inLanguage\":\"ar\",\"@id\":\"https:\\\/\\\/venemigra.com\\\/#\\\/schema\\\/logo\\\/image\\\/\",\"url\":\"https:\\\/\\\/venemigra.com\\\/wp-content\\\/uploads\\\/2026\\\/02\\\/cropped-cropped-cropped-Post-de-Instagram-Empresa-Corporativo-Servicios-Ilustrado-Azul-y-Blanco-1-1-1.webp\",\"contentUrl\":\"https:\\\/\\\/venemigra.com\\\/wp-content\\\/uploads\\\/2026\\\/02\\\/cropped-cropped-cropped-Post-de-Instagram-Empresa-Corporativo-Servicios-Ilustrado-Azul-y-Blanco-1-1-1.webp\",\"width\":706,\"height\":189,\"caption\":\"VEN EMIGRA\"},\"image\":{\"@id\":\"https:\\\/\\\/venemigra.com\\\/#\\\/schema\\\/logo\\\/image\\\/\"},\"sameAs\":[\"https:\\\/\\\/www.facebook.com\\\/profile.php?id=61559877787902\",\"https:\\\/\\\/x.com\\\/ven_emigra\",\"https:\\\/\\\/www.instagram.com\\\/ven_emigra\\\/\",\"https:\\\/\\\/www.youtube.com\\\/@Ven.Emigra\"]}]}<\/script>\n<!-- \/ Yoast SEO plugin. -->","yoast_head_json":{"title":"\u0645\u0646 \u0646\u062d\u0646 - \u0641\u064a\u0646 \u0625\u0645\u064a\u062c\u0631\u0627","description":"\u0641\u064a \u0642\u0633\u0645 \"\u0646\u0628\u0630\u0629 \u0639\u0646\u0627\" \u0639\u0644\u0649 \u0645\u0648\u0642\u0639\u0646\u0627 \u0627\u0644\u0625\u0644\u0643\u062a\u0631\u0648\u0646\u064a\u060c \u064a\u0645\u0643\u0646\u0643 \u0627\u0643\u062a\u0634\u0627\u0641 \u062a\u0627\u0631\u064a\u062e Ven Emigra\u060c \u0648\u0647\u064a \u062e\u062f\u0645\u0629 \u0623\u0646\u0634\u0623\u0647\u0627 Venfort Abogados.","robots":{"index":"index","follow":"follow","max-snippet":"max-snippet:-1","max-image-preview":"max-image-preview:large","max-video-preview":"max-video-preview:-1"},"canonical":"https:\/\/venemigra.com\/ar\/\u0645\u0646-\u0646\u062d\u0646-2\/","og_locale":"ar_AR","og_type":"article","og_title":"Qui\u00e9nes somos - Ven Emigra","og_description":"En la secci\u00f3n qui\u00e9nes somos de nuestra web podr\u00e1s descubrir la trayectoria de Ven Emigra, un servicio creado por Venfort Abogados.","og_url":"https:\/\/venemigra.com\/ar\/\u0645\u0646-\u0646\u062d\u0646-2\/","og_site_name":"Ven Emigra","article_publisher":"https:\/\/www.facebook.com\/profile.php?id=61559877787902","article_modified_time":"2026-02-11T19:03:20+00:00","og_image":[{"url":"https:\/\/venemigra.com\/wp-content\/uploads\/2025\/09\/Logo_Venfort_Horizontal_Blanco.png","type":"","width":"","height":""}],"twitter_card":"summary_large_image","twitter_site":"@ven_emigra","twitter_misc":{"\u0648\u0642\u062a \u0627\u0644\u0642\u0631\u0627\u0621\u0629 \u0627\u0644\u0645\u064f\u0642\u062f\u0651\u0631":"\u062f\u0642\u064a\u0642\u0629 \u0648\u0627\u062d\u062f\u0629"},"schema":{"@context":"https:\/\/schema.org","@graph":[{"@type":"WebPage","@id":"https:\/\/venemigra.com\/quienes-somos-2\/","url":"https:\/\/venemigra.com\/quienes-somos-2\/","name":"\u0645\u0646 \u0646\u062d\u0646 - \u0641\u064a\u0646 \u0625\u0645\u064a\u062c\u0631\u0627","isPartOf":{"@id":"https:\/\/venemigra.com\/#website"},"primaryImageOfPage":{"@id":"https:\/\/venemigra.com\/quienes-somos-2\/#primaryimage"},"image":{"@id":"https:\/\/venemigra.com\/quienes-somos-2\/#primaryimage"},"thumbnailUrl":"https:\/\/venemigra.com\/wp-content\/uploads\/2025\/09\/Logo_Venfort_Horizontal_Blanco.png","datePublished":"2024-07-24T16:22:11+00:00","dateModified":"2026-02-11T19:03:20+00:00","description":"\u0641\u064a \u0642\u0633\u0645 \"\u0646\u0628\u0630\u0629 \u0639\u0646\u0627\" \u0639\u0644\u0649 \u0645\u0648\u0642\u0639\u0646\u0627 \u0627\u0644\u0625\u0644\u0643\u062a\u0631\u0648\u0646\u064a\u060c \u064a\u0645\u0643\u0646\u0643 \u0627\u0643\u062a\u0634\u0627\u0641 \u062a\u0627\u0631\u064a\u062e Ven Emigra\u060c \u0648\u0647\u064a \u062e\u062f\u0645\u0629 \u0623\u0646\u0634\u0623\u0647\u0627 Venfort Abogados.","breadcrumb":{"@id":"https:\/\/venemigra.com\/quienes-somos-2\/#breadcrumb"},"inLanguage":"ar","potentialAction":[{"@type":"ReadAction","target":["https:\/\/venemigra.com\/quienes-somos-2\/"]}]},{"@type":"ImageObject","inLanguage":"ar","@id":"https:\/\/venemigra.com\/quienes-somos-2\/#primaryimage","url":"https:\/\/venemigra.com\/wp-content\/uploads\/2025\/09\/Logo_Venfort_Horizontal_Blanco.png","contentUrl":"https:\/\/venemigra.com\/wp-content\/uploads\/2025\/09\/Logo_Venfort_Horizontal_Blanco.png"},{"@type":"BreadcrumbList","@id":"https:\/\/venemigra.com\/quienes-somos-2\/#breadcrumb","itemListElement":[{"@type":"ListItem","position":1,"name":"Portada","item":"https:\/\/venemigra.com\/es\/"},{"@type":"ListItem","position":2,"name":"Qui\u00e9nes somos"}]},{"@type":"WebSite","@id":"https:\/\/venemigra.com\/#website","url":"https:\/\/venemigra.com\/","name":"\u0643\u0648\u0645\u064a \u0625\u064a\u0645\u064a\u062c\u0631\u0627","description":"","publisher":{"@id":"https:\/\/venemigra.com\/#organization"},"potentialAction":[{"@type":"SearchAction","target":{"@type":"EntryPoint","urlTemplate":"https:\/\/venemigra.com\/?s={search_term_string}"},"query-input":{"@type":"PropertyValueSpecification","valueRequired":true,"valueName":"search_term_string"}}],"inLanguage":"ar"},{"@type":"Organization","@id":"https:\/\/venemigra.com\/#organization","name":"\u0643\u0648\u0645\u064a \u0625\u064a\u0645\u064a\u062c\u0631\u0627","url":"https:\/\/venemigra.com\/","logo":{"@type":"ImageObject","inLanguage":"ar","@id":"https:\/\/venemigra.com\/#\/schema\/logo\/image\/","url":"https:\/\/venemigra.com\/wp-content\/uploads\/2026\/02\/cropped-cropped-cropped-Post-de-Instagram-Empresa-Corporativo-Servicios-Ilustrado-Azul-y-Blanco-1-1-1.webp","contentUrl":"https:\/\/venemigra.com\/wp-content\/uploads\/2026\/02\/cropped-cropped-cropped-Post-de-Instagram-Empresa-Corporativo-Servicios-Ilustrado-Azul-y-Blanco-1-1-1.webp","width":706,"height":189,"caption":"VEN EMIGRA"},"image":{"@id":"https:\/\/venemigra.com\/#\/schema\/logo\/image\/"},"sameAs":["https:\/\/www.facebook.com\/profile.php?id=61559877787902","https:\/\/x.com\/ven_emigra","https:\/\/www.instagram.com\/ven_emigra\/","https:\/\/www.youtube.com\/@Ven.Emigra"]}]}},"_links":{"self":[{"href":"https:\/\/venemigra.com\/ar\/wp-json\/wp\/v2\/pages\/6","targetHints":{"allow":["GET"]}}],"collection":[{"href":"https:\/\/venemigra.com\/ar\/wp-json\/wp\/v2\/pages"}],"about":[{"href":"https:\/\/venemigra.com\/ar\/wp-json\/wp\/v2\/types\/page"}],"author":[{"embeddable":true,"href":"https:\/\/venemigra.com\/ar\/wp-json\/wp\/v2\/users\/1"}],"replies":[{"embeddable":true,"href":"https:\/\/venemigra.com\/ar\/wp-json\/wp\/v2\/comments?post=6"}],"version-history":[{"count":8,"href":"https:\/\/venemigra.com\/ar\/wp-json\/wp\/v2\/pages\/6\/revisions"}],"predecessor-version":[{"id":492,"href":"https:\/\/venemigra.com\/ar\/wp-json\/wp\/v2\/pages\/6\/revisions\/492"}],"wp:attachment":[{"href":"https:\/\/venemigra.com\/ar\/wp-json\/wp\/v2\/media?parent=6"}],"curies":[{"name":"wp","href":"https:\/\/api.w.org\/{rel}","templated":true}]}}